{"id":877223,"date":"2023-09-27T18:00:05","date_gmt":"2023-09-27T16:00:05","guid":{"rendered":"https:\/\/www.claret.cat\/llibre\/de-gran-vull-ser-felic-que-faig-amb-les-meves-emocions-9788448866662\/"},"modified":"2023-10-11T00:36:54","modified_gmt":"2023-10-10T22:36:54","slug":"de-gran-vull-ser-felic-que-faig-amb-les-meves-emocions-9788448866662","status":"publish","type":"product","link":"https:\/\/www.claret.cat\/es\/libro\/de-gran-vull-ser-felic-que-faig-amb-les-meves-emocions-9788448866662\/","title":{"rendered":"DE GRAN VULL SER&#8230; FELI\u00c7. QU\u00c8 FAIG AMB LES MEVES EMOCIONS?"},"content":{"rendered":"<p>El nou conte imprescindible d&#8221;Anna Morat\u00f3, autora de De gran vull ser\u2026 feli\u00e7, sobre la gesti\u00f3 de les emocions.  Un llibre ideal perqu\u00e8 adults i nens a partir de 6 anys aprenguin i creixin plegats. Qu\u00e8 fem amb les nostres emocions? Els adults sabr\u00edem respondre aquesta pregunta? O fem el que podem i per aix\u00f2 sovint tenim la sensaci\u00f3 d&#8221;estar fent malabarismes o equilibris amb les emocions? A vegades demanemals nens i les nenes que tinguin un comportament amb les seves emocions que ni tan sols els adults som capa\u00e7os d&#8221;assolir. Els protagonistes d&#8221;aquest llibre s\u00f3n la J\u00falia i la seva colla d&#8221;amics. Amb ells APRENDREM, ENTENDREM, EXPLORAREM I PRACTICAREM la gesti\u00f3 de les emocions. En aquest llibre no hi ha f\u00f3rmules m\u00e0giques ni solucions immediates. No es tracta d&#8221;esborrar les emocions que ens fan sentir malament, sin\u00f3 d&#8221;explicar d&#8221;una manera molt visual als m\u00e9s petits qu\u00e8 han de fer amb les seves emocions. Els adults que els envolten els acompanyaran amb mooolta paci\u00e8ncia, com quan se&#8221;ls ensenya a llegir, a escriure o a anar en bicicleta. El llibre ofereix una oportunitat molt maca per fer plegats aquest aprenentatge de vida tan valu\u00f3s i necessari. Despr\u00e9s de l&#8221;\u00e8xitde De gran vull ser\u2026 feli\u00e7 1 i 2, I si ens entenem? i Crec en tu, Anna Morat\u00f3 ens porta una nova proposta de llibre infantil pensat per llegir-lo en fam\u00edlia.  A TRAV\u00c9S DE: *Textos senzills i clars. *Met\u00e0fores senzilles i exemples visuals. *Personatges amb els quals es poden identificar.*Il\u00b7lustracions acolorides que acompanyen el text i l&#8221;esclareixen. ELS M\u00c9S PETITS APRENDRAN: *A identificar i entendre qu\u00e8 s\u00f3n les emocions i com funcionen. *A saber qu\u00e8 fer amb les emocions i com processar-les:  *Acceptar-les i expressar-les.  *Posar-los nom. *Mesurar-les.  *Calmar-les. *Que la gesti\u00f3 de les emocions \u00e9s una part molt important per a la salut i el benestar i per coneixe&#8221;s a un mateix. *Que \u00e9s molt necessari tenir una bona actitud per ser feli\u00e7. *A tenir una actitud respectuosa i amable.ELS ADULTS DESCOBRIRAN: *Que la gesti\u00f3 de les emocions a vegades \u00e9s una assignatura pendent que els nostres fills ens brinden l&#8221;oportunitat d&#8221;aprendre amb ells. *La import\u00e0ncia d&#8221;aprendre a ser un exemple per als fills.*Com acompanyar els m\u00e9s petits en la gesti\u00f3 de les emocions:  *Acceptant-los i escoltant-los.  *Connectant amb ells.  *Confiant-hi i comprenent-los.<\/p>\n","protected":false},"excerpt":{"rendered":"<p>MORAT\u00d3 GARC\u00cdA, ANNA<\/p>\n","protected":false},"featured_media":877224,"template":"","meta":{"_acf_changed":false,"om_disable_all_campaigns":false,"rs_blank_template":"","rs_page_bg_color":"","slide_template_v7":"","inline_featured_image":false,"_monsterinsights_skip_tracking":false,"_monsterinsights_sitenote_active":false,"_monsterinsights_sitenote_note":"","_monsterinsights_sitenote_category":0},"product_brand":[],"product_cat":[131,132,361,362],"product_tag":[],"class_list":{"0":"post-877223","1":"product","2":"type-product","3":"status-publish","4":"has-post-thumbnail","6":"product_cat-contes-per-infants-0-6-anys","7":"product_cat-lectures-per-preadolescents-6-12-anys","8":"product_cat-cuentos-para-ninos-0-6-anos","9":"product_cat-libros-preadolescentes-6-12-anos","11":"first","12":"instock","13":"taxable","14":"shipping-taxable","15":"purchasable","16":"product-type-simple"},"acf":{"autor":"MORAT\u00d3 GARC\u00cdA, ANNA","codart":"844886666","libros-coleccion":"Emocions, valors i h\u00e1bits","ediciones":"1","encuadernacion":"Carton\u00e9","fecha_de_publicacion":"01\/09\/2023","novedad":"1","paginas":"55","subtitulo":"","orden":"0","portada":"0","idioma":"cat","editorial":[{"ID":6141,"post_author":"3","post_date":"2022-07-28 17:45:46","post_date_gmt":"2022-07-28 15:45:46","post_content":"","post_title":"BEASCOA","post_excerpt":"","post_status":"publish","comment_status":"closed","ping_status":"closed","post_password":"","post_name":"beascoa","to_ping":"","pinged":"","post_modified":"2022-07-28 17:45:46","post_modified_gmt":"2022-07-28 15:45:46","post_content_filtered":"","post_parent":0,"guid":"http:\/\/dev.claret.cat\/editorial\/beascoa\/","menu_order":0,"post_type":"editorial","post_mime_type":"","comment_count":"0","filter":"raw"}],"autores-libros":[{"ID":150628,"post_author":"3","post_date":"2022-10-14 14:34:29","post_date_gmt":"2022-10-14 12:34:29","post_content":"","post_title":"ANNA MORATO GARC\u00cdA","post_excerpt":"","post_status":"publish","comment_status":"closed","ping_status":"closed","post_password":"","post_name":"anna-morato-garcia","to_ping":"","pinged":"","post_modified":"2022-10-14 14:34:29","post_modified_gmt":"2022-10-14 12:34:29","post_content_filtered":"","post_parent":0,"guid":"http:\/\/dev.claret.cat\/autor\/anna-morato-garcia\/","menu_order":0,"post_type":"autor","post_mime_type":"","comment_count":"0","filter":"raw"}]},"aioseo_notices":[],"_links":{"self":[{"href":"https:\/\/www.claret.cat\/es\/wp-json\/wp\/v2\/product\/877223","targetHints":{"allow":["GET"]}}],"collection":[{"href":"https:\/\/www.claret.cat\/es\/wp-json\/wp\/v2\/product"}],"about":[{"href":"https:\/\/www.claret.cat\/es\/wp-json\/wp\/v2\/types\/product"}],"wp:featuredmedia":[{"embeddable":true,"href":"https:\/\/www.claret.cat\/es\/wp-json\/wp\/v2\/media\/877224"}],"wp:attachment":[{"href":"https:\/\/www.claret.cat\/es\/wp-json\/wp\/v2\/media?parent=877223"}],"wp:term":[{"taxonomy":"product_brand","embeddable":true,"href":"https:\/\/www.claret.cat\/es\/wp-json\/wp\/v2\/product_brand?post=877223"},{"taxonomy":"product_cat","embeddable":true,"href":"https:\/\/www.claret.cat\/es\/wp-json\/wp\/v2\/product_cat?post=877223"},{"taxonomy":"product_tag","embeddable":true,"href":"https:\/\/www.claret.cat\/es\/wp-json\/wp\/v2\/product_tag?post=877223"}],"curies":[{"name":"wp","href":"https:\/\/api.w.org\/{rel}","templated":true}]}}