{"id":877229,"date":"2023-09-27T18:00:37","date_gmt":"2023-09-27T16:00:37","guid":{"rendered":"https:\/\/www.claret.cat\/llibre\/de-mayor-quiero-ser-feliz-que-hago-con-mis-emociones-9788448866655\/"},"modified":"2023-12-29T18:45:06","modified_gmt":"2023-12-29T17:45:06","slug":"de-mayor-quiero-ser-feliz-que-hago-con-mis-emociones-9788448866655","status":"publish","type":"product","link":"https:\/\/www.claret.cat\/es\/libro\/de-mayor-quiero-ser-feliz-que-hago-con-mis-emociones-9788448866655\/","title":{"rendered":"DE MAYOR QUIERO SER&#8230; FELIZ. \u00bfQU\u00c9 HAGO CON MIS EMOCIONES?"},"content":{"rendered":"<p>El nuevo e imprescindible cuento de Anna Morat\u00f3 sobre la gesti\u00f3n de las emociones, autora de De mayor quiero ser&#8230; feliz.  Un libro ideal para que adultos y peque\u00f1os a partir de 6 a\u00f1os aprendan y crezcan juntos. \u00bfQu\u00e9 hacemos con nuestras emociones? \u00bfSabr\u00edamos los adultos responder a esta pregunta? \u00bfO hacemos con nuestras emociones lo que podemos y por eso, enmuchas ocasiones, tenemos la sensaci\u00f3n de estar haciendo malabarismos o equilibrios con ellas? A veces les pedimos a los ni\u00f1os y ni\u00f1as que tengan un comportamiento con sus emociones que ni siquiera los adultos somos capaces de lograr. Los protagonistas de este libro son Julia y su pandilla de amigos. Con ellos vamos a APRENDER, ENTENDER, EXPLORAR Y PRACTICAR la gesti\u00f3n de las emociones. En este libro no hay f\u00f3rmulas m\u00e1gicas ni soluciones inmediatas. No se trata de borrar las emociones que nos hacen sentir mal. Se trata de explicar a los m\u00e1s peque\u00f1os de una manera muy visual qu\u00e9 hacer con sus emociones. Los adultos que les rodean los acompa\u00f1ar\u00e1n con muuucha paciencia, como cuando les ense\u00f1an a leer, a escribir o a montar en bici. Este libro brinda una bonita oportunidad para hacer juntos este aprendizaje de vida tan valioso y necesario.Tras el \u00e9xito de De mayor quiero ser\u2026 1 y 2, Vamos a llevarnos bien y Creo en ti, Anna Morat\u00f3 nos trae una nueva propuesta de libro infantil pensado para leer en familia. A TRAV\u00c9S DE: *Textos sencillos y claros. *Sencillas met\u00e1foras y ejemplos visuales.*Personajes con los que identificarse. *Coloridas ilustraciones que acompa\u00f1an y aclaran el texto. LOS M\u00c1S PEQUE\u00d1OS APRENDER\u00c1N: *A identificar y entender cu\u00e1les son las emociones y c\u00f3mo funcionan. *A saber qu\u00e9 hacer con ellas y c\u00f3mo procesarlas:  *Aceptarlas y expresarlas. *Ponerles nombre.  *Medirlas.  *Calmarlas. *Que la gesti\u00f3n de las emociones es una parte muy importante para su salud y bienestar y para conocerse a s\u00ed mismos. *Que es necesario tener una buena actitud para ser feliz.*A tener una actitud respetuosa y amable. LOS ADULTOS DESCUBRIR\u00c1N: *Que la gesti\u00f3n de las emociones es a veces una asignatura pendiente que nuestros hijos nos brindan la oportunidad de aprender con ellos. *La importancia de aprender a ser ejemplo para ellos.*C\u00f3mo acompa\u00f1ar a los m\u00e1s peque\u00f1os en la gesti\u00f3n de sus emociones:  *Acept\u00e1ndolos y escuch\u00e1ndolos.  *Conectando con ellos.  *Confiando en ellos y comprendi\u00e9ndolos.<\/p>\n","protected":false},"excerpt":{"rendered":"<p>MORAT\u00d3 GARC\u00cdA, ANNA<\/p>\n","protected":false},"featured_media":877230,"template":"","meta":{"_acf_changed":false,"om_disable_all_campaigns":false,"rs_blank_template":"","rs_page_bg_color":"","slide_template_v7":"","inline_featured_image":false,"_monsterinsights_skip_tracking":false,"_monsterinsights_sitenote_active":false,"_monsterinsights_sitenote_note":"","_monsterinsights_sitenote_category":0},"product_brand":[],"product_cat":[132,362],"product_tag":[],"class_list":{"0":"post-877229","1":"product","2":"type-product","3":"status-publish","4":"has-post-thumbnail","6":"product_cat-lectures-per-preadolescents-6-12-anys","7":"product_cat-libros-preadolescentes-6-12-anos","9":"first","10":"instock","11":"taxable","12":"shipping-taxable","13":"purchasable","14":"product-type-simple"},"acf":{"autor":"MORAT\u00d3 GARC\u00cdA, ANNA","codart":"844886665","libros-coleccion":"Emociones, valores y h\u00e1bitos","ediciones":"1","encuadernacion":"Carton\u00e9","fecha_de_publicacion":"01\/09\/2023","novedad":"1","paginas":"64","subtitulo":"","orden":"0","portada":"0","idioma":"spa","editorial":[{"ID":6141,"post_author":"3","post_date":"2022-07-28 17:45:46","post_date_gmt":"2022-07-28 15:45:46","post_content":"","post_title":"BEASCOA","post_excerpt":"","post_status":"publish","comment_status":"closed","ping_status":"closed","post_password":"","post_name":"beascoa","to_ping":"","pinged":"","post_modified":"2022-07-28 17:45:46","post_modified_gmt":"2022-07-28 15:45:46","post_content_filtered":"","post_parent":0,"guid":"http:\/\/dev.claret.cat\/editorial\/beascoa\/","menu_order":0,"post_type":"editorial","post_mime_type":"","comment_count":"0","filter":"raw"}],"autores-libros":[{"ID":150628,"post_author":"3","post_date":"2022-10-14 14:34:29","post_date_gmt":"2022-10-14 12:34:29","post_content":"","post_title":"ANNA MORATO GARC\u00cdA","post_excerpt":"","post_status":"publish","comment_status":"closed","ping_status":"closed","post_password":"","post_name":"anna-morato-garcia","to_ping":"","pinged":"","post_modified":"2022-10-14 14:34:29","post_modified_gmt":"2022-10-14 12:34:29","post_content_filtered":"","post_parent":0,"guid":"http:\/\/dev.claret.cat\/autor\/anna-morato-garcia\/","menu_order":0,"post_type":"autor","post_mime_type":"","comment_count":"0","filter":"raw"}]},"aioseo_notices":[],"_links":{"self":[{"href":"https:\/\/www.claret.cat\/es\/wp-json\/wp\/v2\/product\/877229","targetHints":{"allow":["GET"]}}],"collection":[{"href":"https:\/\/www.claret.cat\/es\/wp-json\/wp\/v2\/product"}],"about":[{"href":"https:\/\/www.claret.cat\/es\/wp-json\/wp\/v2\/types\/product"}],"wp:featuredmedia":[{"embeddable":true,"href":"https:\/\/www.claret.cat\/es\/wp-json\/wp\/v2\/media\/877230"}],"wp:attachment":[{"href":"https:\/\/www.claret.cat\/es\/wp-json\/wp\/v2\/media?parent=877229"}],"wp:term":[{"taxonomy":"product_brand","embeddable":true,"href":"https:\/\/www.claret.cat\/es\/wp-json\/wp\/v2\/product_brand?post=877229"},{"taxonomy":"product_cat","embeddable":true,"href":"https:\/\/www.claret.cat\/es\/wp-json\/wp\/v2\/product_cat?post=877229"},{"taxonomy":"product_tag","embeddable":true,"href":"https:\/\/www.claret.cat\/es\/wp-json\/wp\/v2\/product_tag?post=877229"}],"curies":[{"name":"wp","href":"https:\/\/api.w.org\/{rel}","templated":true}]}}