{"id":877245,"date":"2023-09-27T18:40:19","date_gmt":"2023-09-27T16:40:19","guid":{"rendered":"https:\/\/www.claret.cat\/llibre\/espias-miticos-9788419889065\/"},"modified":"2023-10-11T00:36:34","modified_gmt":"2023-10-10T22:36:34","slug":"espias-miticos-9788419889065","status":"publish","type":"product","link":"https:\/\/www.claret.cat\/es\/libro\/espias-miticos-9788419889065\/","title":{"rendered":"ESP\u00cdAS M\u00cdTICOS"},"content":{"rendered":"<p>Despu\u00e9s de Robos legendarios y Grandres fugas de la historia,<br \/> nos adentramos en el fascinante mundo de los esp\u00edas.<br \/> El espionaje, o el acto de reunir informaci\u00f3n de inteligencia, es tan antiguo como la civilizaci\u00f3n misma. He aqu\u00ed doce de los esp\u00edas m\u00e1s famosos de la historia,<br \/> desde Felipe II y su red mundial de esp\u00edas, pasando por Richebourg, el esp\u00eda que med\u00eda 58 cent\u00edmetros, o por Mata Hari, hasta Ram\u00f3n Mercader, el agente secreto asesino de Trotsky, o el agente de origen serbio que podr\u00eda haber<br \/> inspirado el personaje de James Bond.<\/p>\n","protected":false},"excerpt":{"rendered":"<p>ROMERO MARI\u00d1O, SOLEDAD<\/p>\n","protected":false},"featured_media":877514,"template":"","meta":{"_acf_changed":false,"om_disable_all_campaigns":false,"rs_blank_template":"","rs_page_bg_color":"","slide_template_v7":"","inline_featured_image":false,"_monsterinsights_skip_tracking":false,"_monsterinsights_sitenote_active":false,"_monsterinsights_sitenote_note":"","_monsterinsights_sitenote_category":0},"product_brand":[],"product_cat":[132,362],"product_tag":[],"class_list":{"0":"post-877245","1":"product","2":"type-product","3":"status-publish","4":"has-post-thumbnail","6":"product_cat-lectures-per-preadolescents-6-12-anys","7":"product_cat-libros-preadolescentes-6-12-anos","9":"first","10":"instock","11":"taxable","12":"shipping-taxable","13":"purchasable","14":"product-type-simple"},"acf":{"autor":"ROMERO MARI\u00d1O, SOLEDAD","codart":"841988906","libros-coleccion":"FORA DE COL.LECCI\u00d3","ediciones":"1","encuadernacion":"Carton\u00e9","fecha_de_publicacion":"01\/09\/2023","novedad":"1","paginas":"64","subtitulo":"","orden":"0","portada":"0","idioma":"spa","editorial":[{"ID":148985,"post_author":"3","post_date":"2022-10-14 12:02:33","post_date_gmt":"2022-10-14 10:02:33","post_content":"","post_title":"Zahori de ideas","post_excerpt":"","post_status":"publish","comment_status":"closed","ping_status":"closed","post_password":"","post_name":"zahori-de-ideas","to_ping":"","pinged":"","post_modified":"2022-10-14 12:02:33","post_modified_gmt":"2022-10-14 10:02:33","post_content_filtered":"","post_parent":0,"guid":"http:\/\/dev.claret.cat\/editorial\/zahori-de-ideas\/","menu_order":0,"post_type":"editorial","post_mime_type":"","comment_count":"0","filter":"raw"}],"autores-libros":[{"ID":169649,"post_author":"3","post_date":"2022-10-14 22:28:55","post_date_gmt":"2022-10-14 20:28:55","post_content":"","post_title":"SOLEDAD ROMERO MARI\u00d1O","post_excerpt":"","post_status":"publish","comment_status":"closed","ping_status":"closed","post_password":"","post_name":"soledad-romero-marino","to_ping":"","pinged":"","post_modified":"2022-10-14 22:28:55","post_modified_gmt":"2022-10-14 20:28:55","post_content_filtered":"","post_parent":0,"guid":"http:\/\/dev.claret.cat\/autor\/soledad-romero-marino\/","menu_order":0,"post_type":"autor","post_mime_type":"","comment_count":"0","filter":"raw"}]},"aioseo_notices":[],"_links":{"self":[{"href":"https:\/\/www.claret.cat\/es\/wp-json\/wp\/v2\/product\/877245","targetHints":{"allow":["GET"]}}],"collection":[{"href":"https:\/\/www.claret.cat\/es\/wp-json\/wp\/v2\/product"}],"about":[{"href":"https:\/\/www.claret.cat\/es\/wp-json\/wp\/v2\/types\/product"}],"wp:featuredmedia":[{"embeddable":true,"href":"https:\/\/www.claret.cat\/es\/wp-json\/wp\/v2\/media\/877514"}],"wp:attachment":[{"href":"https:\/\/www.claret.cat\/es\/wp-json\/wp\/v2\/media?parent=877245"}],"wp:term":[{"taxonomy":"product_brand","embeddable":true,"href":"https:\/\/www.claret.cat\/es\/wp-json\/wp\/v2\/product_brand?post=877245"},{"taxonomy":"product_cat","embeddable":true,"href":"https:\/\/www.claret.cat\/es\/wp-json\/wp\/v2\/product_cat?post=877245"},{"taxonomy":"product_tag","embeddable":true,"href":"https:\/\/www.claret.cat\/es\/wp-json\/wp\/v2\/product_tag?post=877245"}],"curies":[{"name":"wp","href":"https:\/\/api.w.org\/{rel}","templated":true}]}}