{"id":877261,"date":"2023-09-27T18:56:39","date_gmt":"2023-09-27T16:56:39","guid":{"rendered":"https:\/\/www.claret.cat\/llibre\/los-contemplativos-9788419738059\/"},"modified":"2025-11-20T13:50:13","modified_gmt":"2025-11-20T12:50:13","slug":"los-contemplativos-9788419738059","status":"publish","type":"product","link":"https:\/\/www.claret.cat\/es\/libro\/los-contemplativos-9788419738059\/","title":{"rendered":"LOS CONTEMPLATIVOS"},"content":{"rendered":"<p><span>\u00abSi escuchas atentamente un relato, jam\u00e1s volver\u00e1s a ser el mismo, puesto que ese relato se adentrar\u00e1 en tu coraz\u00f3n y, como si fuera un gusano, terminar\u00e1 royendo todos los obst\u00e1culos que se oponen a lo divino. Por eso, aunque leas los relatos de esta obra \u00fanicamente para pasar el rato, no hay ninguna garant\u00eda de que alguno de ellos no acabe deshaciendo tus defensas y estalle cuando menos lo esperes. \u00a1Est\u00e1s avisado!\u00bb Con tanto lirismo como humor, con tanta profundidad como ligereza, en Los contemplativos se tratan las grandes cuestiones del autoconocimiento y del crecimiento personal: el vac\u00edo, el cuerpo, la contemplaci\u00f3n, la sombra, el perd\u00f3n, la identidad y la vida diaria. Un tratado narrativo de espiritualidad con un magn\u00edfico potencial de transformaci\u00f3n. Un artefacto literario que, con la inconfundible marca personal de Pablo d\u2019Ors, inaugura lo que bien podr\u00eda denominarse una literatura de la luz.<\/span><\/p>\n","protected":false},"excerpt":{"rendered":"<p>D&#8217;ORS, PABLO<\/p>\n","protected":false},"featured_media":877349,"template":"","meta":{"_acf_changed":false,"om_disable_all_campaigns":false,"rs_blank_template":"","rs_page_bg_color":"","slide_template_v7":"","inline_featured_image":false,"_monsterinsights_skip_tracking":false,"_monsterinsights_sitenote_active":false,"_monsterinsights_sitenote_note":"","_monsterinsights_sitenote_category":0},"product_brand":[],"product_cat":[485,232,308],"product_tag":[],"class_list":{"0":"post-877261","1":"product","2":"type-product","3":"status-publish","4":"has-post-thumbnail","6":"product_cat-autores-espiritualidad-1_espiritualidad","7":"product_cat-autors-espiritualitat","8":"product_cat-castella","10":"first","11":"instock","12":"taxable","13":"shipping-taxable","14":"purchasable","15":"product-type-simple"},"acf":{"autor":"D'ORS, PABLO","codart":"841973805","libros-coleccion":"Narrativa","ediciones":"1","encuadernacion":"Carton\u00e9","fecha_de_publicacion":"01\/09\/2023","novedad":"1","paginas":"432","subtitulo":"","orden":"1000","portada":"0","idioma":"spa","editorial":[{"ID":6260,"post_author":"3","post_date":"2022-07-28 17:48:23","post_date_gmt":"2022-07-28 15:48:23","post_content":"","post_title":"Galaxia Gutenberg","post_excerpt":"","post_status":"publish","comment_status":"closed","ping_status":"closed","post_password":"","post_name":"galaxia-gutenberg","to_ping":"","pinged":"","post_modified":"2022-07-28 17:48:23","post_modified_gmt":"2022-07-28 15:48:23","post_content_filtered":"","post_parent":0,"guid":"http:\/\/dev.claret.cat\/editorial\/galaxia-gutenberg\/","menu_order":0,"post_type":"editorial","post_mime_type":"","comment_count":"0","filter":"raw"}],"autores-libros":[{"ID":5913,"post_author":"3","post_date":"2022-07-28 17:34:10","post_date_gmt":"2022-07-28 15:34:10","post_content":"","post_title":"PABLO D\u00b4ORS","post_excerpt":"","post_status":"publish","comment_status":"closed","ping_status":"closed","post_password":"","post_name":"pablo-dors","to_ping":"","pinged":"","post_modified":"2022-07-28 17:34:10","post_modified_gmt":"2022-07-28 15:34:10","post_content_filtered":"","post_parent":0,"guid":"http:\/\/dev.claret.cat\/autor\/pablo-dors\/","menu_order":0,"post_type":"autor","post_mime_type":"","comment_count":"0","filter":"raw"}],"traductores-libros":"","ilustradores-libros":"","formato":"","linkebook":"","precioebook":"0","ebookportada":false,"ficha":"","muestra":"","presentacion":"","booktrailer":"","resenas":"","recomendamos":"","mas_vendido":""},"aioseo_notices":[],"_links":{"self":[{"href":"https:\/\/www.claret.cat\/es\/wp-json\/wp\/v2\/product\/877261","targetHints":{"allow":["GET"]}}],"collection":[{"href":"https:\/\/www.claret.cat\/es\/wp-json\/wp\/v2\/product"}],"about":[{"href":"https:\/\/www.claret.cat\/es\/wp-json\/wp\/v2\/types\/product"}],"wp:featuredmedia":[{"embeddable":true,"href":"https:\/\/www.claret.cat\/es\/wp-json\/wp\/v2\/media\/877349"}],"wp:attachment":[{"href":"https:\/\/www.claret.cat\/es\/wp-json\/wp\/v2\/media?parent=877261"}],"wp:term":[{"taxonomy":"product_brand","embeddable":true,"href":"https:\/\/www.claret.cat\/es\/wp-json\/wp\/v2\/product_brand?post=877261"},{"taxonomy":"product_cat","embeddable":true,"href":"https:\/\/www.claret.cat\/es\/wp-json\/wp\/v2\/product_cat?post=877261"},{"taxonomy":"product_tag","embeddable":true,"href":"https:\/\/www.claret.cat\/es\/wp-json\/wp\/v2\/product_tag?post=877261"}],"curies":[{"name":"wp","href":"https:\/\/api.w.org\/{rel}","templated":true}]}}