{"id":877280,"date":"2023-09-27T19:10:06","date_gmt":"2023-09-27T17:10:06","guid":{"rendered":"https:\/\/www.claret.cat\/llibre\/zuk-2-una-bruixa-a-lescola-9788419183293\/"},"modified":"2025-09-04T15:48:15","modified_gmt":"2025-09-04T13:48:15","slug":"zuk-2-una-bruixa-a-lescola-9788419183293","status":"publish","type":"product","link":"https:\/\/www.claret.cat\/es\/libro\/zuk-2-una-bruixa-a-lescola-9788419183293\/","title":{"rendered":"ZUK 2. UNA BRUIXA A L&#8217;ESCOLA"},"content":{"rendered":"<p>A la Zuk, la bruixeta decidida, li agrada molt anar a l&#8217;escola! All\u00e0 es troba amb la seva mestra i els companys i fa un munt d&#8217;activitats: des de pintura a viatges prehist\u00f2rics. Per\u00f2 la Zuk no \u00e9s una alumna com les altres! Quan no est\u00e0 contenta, tota l&#8217;escola se n&#8217;assabenta.<\/p>\n","protected":false},"excerpt":{"rendered":"<p>BLOCH, SERGE<\/p>\n","protected":false},"featured_media":877532,"template":"","meta":{"_acf_changed":false,"om_disable_all_campaigns":false,"rs_blank_template":"","rs_page_bg_color":"","slide_template_v7":"","inline_featured_image":false,"_monsterinsights_skip_tracking":false,"_monsterinsights_sitenote_active":false,"_monsterinsights_sitenote_note":"","_monsterinsights_sitenote_category":0},"product_brand":[],"product_cat":[132,362],"product_tag":[],"class_list":{"0":"post-877280","1":"product","2":"type-product","3":"status-publish","4":"has-post-thumbnail","6":"product_cat-lectures-per-preadolescents-6-12-anys","7":"product_cat-libros-preadolescentes-6-12-anos","9":"first","10":"instock","11":"taxable","12":"shipping-taxable","13":"purchasable","14":"product-type-simple"},"acf":{"autor":"BLOCH, SERGE","codart":"841918329","libros-coleccion":"FORA DE COL.LECCI\u00d3","ediciones":"1","encuadernacion":"R\u00fastica","fecha_de_publicacion":"01\/09\/2023","novedad":"1","paginas":"66","subtitulo":"","orden":"0","portada":"0","idioma":"cat","editorial":[{"ID":148339,"post_author":"3","post_date":"2022-10-14 11:57:28","post_date_gmt":"2022-10-14 09:57:28","post_content":"","post_title":"K\u00f3mikids","post_excerpt":"","post_status":"publish","comment_status":"closed","ping_status":"closed","post_password":"","post_name":"komikids","to_ping":"","pinged":"","post_modified":"2022-10-14 11:57:28","post_modified_gmt":"2022-10-14 09:57:28","post_content_filtered":"","post_parent":0,"guid":"http:\/\/dev.claret.cat\/editorial\/komikids\/","menu_order":0,"post_type":"editorial","post_mime_type":"","comment_count":"0","filter":"raw"}],"autores-libros":[{"ID":284076,"post_author":"3","post_date":"2022-12-10 02:01:10","post_date_gmt":"2022-12-10 01:01:10","post_content":"","post_title":"SERGE BLOCH","post_excerpt":"","post_status":"publish","comment_status":"closed","ping_status":"closed","post_password":"","post_name":"serge-bloch","to_ping":"","pinged":"","post_modified":"2022-12-10 02:01:10","post_modified_gmt":"2022-12-10 01:01:10","post_content_filtered":"","post_parent":0,"guid":"http:\/\/dev.claret.cat\/autor\/serge-bloch\/","menu_order":0,"post_type":"autor","post_mime_type":"","comment_count":"0","filter":"raw"}],"booktrailer":"","resenas":""},"aioseo_notices":[],"_links":{"self":[{"href":"https:\/\/www.claret.cat\/es\/wp-json\/wp\/v2\/product\/877280","targetHints":{"allow":["GET"]}}],"collection":[{"href":"https:\/\/www.claret.cat\/es\/wp-json\/wp\/v2\/product"}],"about":[{"href":"https:\/\/www.claret.cat\/es\/wp-json\/wp\/v2\/types\/product"}],"wp:featuredmedia":[{"embeddable":true,"href":"https:\/\/www.claret.cat\/es\/wp-json\/wp\/v2\/media\/877532"}],"wp:attachment":[{"href":"https:\/\/www.claret.cat\/es\/wp-json\/wp\/v2\/media?parent=877280"}],"wp:term":[{"taxonomy":"product_brand","embeddable":true,"href":"https:\/\/www.claret.cat\/es\/wp-json\/wp\/v2\/product_brand?post=877280"},{"taxonomy":"product_cat","embeddable":true,"href":"https:\/\/www.claret.cat\/es\/wp-json\/wp\/v2\/product_cat?post=877280"},{"taxonomy":"product_tag","embeddable":true,"href":"https:\/\/www.claret.cat\/es\/wp-json\/wp\/v2\/product_tag?post=877280"}],"curies":[{"name":"wp","href":"https:\/\/api.w.org\/{rel}","templated":true}]}}