{"id":877567,"date":"2023-09-28T17:10:23","date_gmt":"2023-09-28T15:10:23","guid":{"rendered":"https:\/\/www.claret.cat\/llibre\/como-aprendemos-9788432320651\/"},"modified":"2024-05-24T03:33:54","modified_gmt":"2024-05-24T01:33:54","slug":"como-aprendemos-9788432320651","status":"publish","type":"product","link":"https:\/\/www.claret.cat\/es\/libro\/como-aprendemos-9788432320651\/","title":{"rendered":"\u00bfC\u00d3MO APRENDEMOS?"},"content":{"rendered":"<p><span>El cerebro humano es una m\u00e1quina extraordinaria, capaz de transformarse a s\u00ed misma a partir de la experiencia y de albergar talentos que nos vuelven \u00fanicos como especie: lenguaje, lectura, matem\u00e1ticas, creaci\u00f3n art\u00edstica. La m\u00e1s asombrosa de sus facultades es sin dudas la del aprendizaje, aquella que nos permite no solo adaptarnos a las circunstancias, sino tambi\u00e9n lanzarnos con entusiasmo en busca de lo desconocido. Un beb\u00e9 aprende m\u00e1s r\u00e1pido y m\u00e1s profundo que cualquier dispositivo de inteligencia artificial. Y por si esto fuera poco, los seres humanos han inventado un medio de inconmensurable eficacia para expandir su fabulosa capacidad. \u00bfRobots inteligentes? \u00bfSupercomputadoras? No: la escuela, esa poderosa instituci\u00f3n de alcance masivo que acelera el desarrollo de nuestras habilidades y la transmisi\u00f3n del conocimiento acumulado por generaciones. Reuniendo aportes de las neurociencias, la psicolog\u00eda cognitiva, la inform\u00e1tica y la pedagog\u00eda, \u00bfC\u00f3mo aprendemos? explora en detalle las investigaciones acerca del aprendizaje y sus fundamentos biol\u00f3gicos: \u00bfcu\u00e1les son los procesos neuronales implicados?, \u00bfpor qu\u00e9 la infancia y la juventud son tan sensibles?, \u00bfpodemos seguir aprendiendo toda la vida?, \u00bfcu\u00e1nto hay de innato y cu\u00e1nto de adquirido en los dominios m\u00e1s relevantes de nuestro conocimiento? \u00bfTodos somos iguales a la hora de aprender? \u00bfCu\u00e1l es el rol de la memoria, de la atenci\u00f3n? \u00bfQu\u00e9 papel cumplen la nutrici\u00f3n, el sue\u00f1o o la actividad f\u00edsica en el desarrollo? \u00bfQu\u00e9 funci\u00f3n tiene el error? Pero Stanislas Dehaene, c\u00e9lebre neurocient\u00edfico y presidente del Consejo Cient\u00edfico de Educaci\u00f3n Nacional de Francia, no se queda en el laboratorio: para que todos podamos aprender a aprender, plantea con claridad las consecuencias pr\u00e1cticas de estos descubrimientos. Entre ellas, destaca el valor intr\u00ednseco del juego, el placer y la socializaci\u00f3n, pero tambi\u00e9n de la concentraci\u00f3n, la pr\u00e1ctica continuada y la evaluaci\u00f3n. De la mano de los cuatro pilares del aprendizaje \u2013la atenci\u00f3n, el compromiso activo, el buen feedback y la consolidaci\u00f3n\u2013, lleva recomendaciones precisas para implementar en la familia y en la escuela de manera cotidiana.<\/span><\/p>\n","protected":false},"excerpt":{"rendered":"<p>DEHANE, STANISLAS<\/p>\n","protected":false},"featured_media":877655,"template":"","meta":{"_acf_changed":false,"om_disable_all_campaigns":false,"rs_blank_template":"","rs_page_bg_color":"","slide_template_v7":"","inline_featured_image":false,"_monsterinsights_skip_tracking":false,"_monsterinsights_sitenote_active":false,"_monsterinsights_sitenote_note":"","_monsterinsights_sitenote_category":0},"product_brand":[],"product_cat":[451,186],"product_tag":[],"class_list":{"0":"post-877567","1":"product","2":"type-product","3":"status-publish","4":"has-post-thumbnail","6":"product_cat-estudios-e-investigacion-pedagogia-2_humanidades","7":"product_cat-estudis-i-investigacio-pedagogia-2_humanitats","9":"first","10":"instock","11":"taxable","12":"shipping-taxable","13":"purchasable","14":"product-type-simple"},"acf":{"autor":"DEHANE, STANISLAS","codart":"843232065","libros-coleccion":"FORA DE COL.LECCI\u00d3","ediciones":"1","encuadernacion":"R\u00fastica","fecha_de_publicacion":"28\/09\/2023","novedad":"1","paginas":"352","subtitulo":"LOS CUATRO PILARES CON LOS QUE LA EDUCACI\u00d3N PUEDE POTENCIAR LOS TALENTOS DE NUESRO CEREBRO","orden":"0","portada":"0","idioma":"spa","editorial":[{"ID":6115,"post_author":"3","post_date":"2022-07-28 17:45:13","post_date_gmt":"2022-07-28 15:45:13","post_content":"","post_title":"AKAL, EDICIONES S.A.","post_excerpt":"","post_status":"publish","comment_status":"closed","ping_status":"closed","post_password":"","post_name":"akal-ediciones-s-a","to_ping":"","pinged":"","post_modified":"2022-07-28 17:45:13","post_modified_gmt":"2022-07-28 15:45:13","post_content_filtered":"","post_parent":0,"guid":"http:\/\/dev.claret.cat\/editorial\/akal-ediciones-s-a\/","menu_order":0,"post_type":"editorial","post_mime_type":"","comment_count":"0","filter":"raw"}],"autores-libros":[{"ID":877566,"post_author":"3","post_date":"2023-09-28 17:10:20","post_date_gmt":"2023-09-28 15:10:20","post_content":"","post_title":"STANISLAS DEHANE","post_excerpt":"","post_status":"publish","comment_status":"closed","ping_status":"closed","post_password":"","post_name":"stanislas-dehane","to_ping":"","pinged":"","post_modified":"2023-09-28 17:10:20","post_modified_gmt":"2023-09-28 15:10:20","post_content_filtered":"","post_parent":0,"guid":"https:\/\/www.claret.cat\/autor\/stanislas-dehane\/","menu_order":0,"post_type":"autor","post_mime_type":"","comment_count":"0","filter":"raw"}]},"aioseo_notices":[],"_links":{"self":[{"href":"https:\/\/www.claret.cat\/es\/wp-json\/wp\/v2\/product\/877567","targetHints":{"allow":["GET"]}}],"collection":[{"href":"https:\/\/www.claret.cat\/es\/wp-json\/wp\/v2\/product"}],"about":[{"href":"https:\/\/www.claret.cat\/es\/wp-json\/wp\/v2\/types\/product"}],"wp:featuredmedia":[{"embeddable":true,"href":"https:\/\/www.claret.cat\/es\/wp-json\/wp\/v2\/media\/877655"}],"wp:attachment":[{"href":"https:\/\/www.claret.cat\/es\/wp-json\/wp\/v2\/media?parent=877567"}],"wp:term":[{"taxonomy":"product_brand","embeddable":true,"href":"https:\/\/www.claret.cat\/es\/wp-json\/wp\/v2\/product_brand?post=877567"},{"taxonomy":"product_cat","embeddable":true,"href":"https:\/\/www.claret.cat\/es\/wp-json\/wp\/v2\/product_cat?post=877567"},{"taxonomy":"product_tag","embeddable":true,"href":"https:\/\/www.claret.cat\/es\/wp-json\/wp\/v2\/product_tag?post=877567"}],"curies":[{"name":"wp","href":"https:\/\/api.w.org\/{rel}","templated":true}]}}