{"id":877573,"date":"2023-09-28T17:15:07","date_gmt":"2023-09-28T15:15:07","guid":{"rendered":"https:\/\/www.claret.cat\/llibre\/rebelion-en-la-granja-9788446054153\/"},"modified":"2026-03-27T18:40:49","modified_gmt":"2026-03-27T17:40:49","slug":"rebelion-en-la-granja-9788446054153","status":"publish","type":"product","link":"https:\/\/www.claret.cat\/es\/libro\/rebelion-en-la-granja-9788446054153\/","title":{"rendered":"REBELI\u00d3N EN LA GRANJA"},"content":{"rendered":"<p><span>Rebeli\u00f3n en la granja es la historia de c\u00f3mo unos animales de establo consiguieron hacer de la Manor Farm, dirigida por el granjero Joe, un para\u00edso en la tierra y constituir la Animal Farm. En su \u00faltimo discurso el precursor e ide\u00f3logo de la rebeli\u00f3n, el cerdo Major, se\u00f1al\u00f3 que una granja distinta era posible, una granja donde las relaciones de subordinaci\u00f3n fueran historia, donde no existiera la explotaci\u00f3n por parte de los hombres y los animales fueran due\u00f1os de su propio trabajo. Tras su muerte, y en un ambiente urgente de hambruna por dejadez de Joe, los animales se rebelan y consiguen deshacerse de la autoridad humana, pasando a gestionar la granja de manera asamblearia bajo el mandamiento de que \u00abTodos los animales son iguales\u00bb. Pronto, las tensiones en el debate entre los cerdos Napoleon y Snowball sobre la construcci\u00f3n de un molino desencadenar\u00e1n una crisis que dejar\u00e1 patente que, en caso de que todos los animales sean iguales, \u00abalgunos son m\u00e1s iguales que otros\u00bb<\/span><\/p>\n","protected":false},"excerpt":{"rendered":"<p>ORWELL, GEORGE<\/p>\n","protected":false},"featured_media":1093359,"template":"","meta":{"_acf_changed":false,"om_disable_all_campaigns":false,"rs_blank_template":"","rs_page_bg_color":"","slide_template_v7":"","inline_featured_image":false,"_monsterinsights_skip_tracking":false,"_monsterinsights_sitenote_active":false,"_monsterinsights_sitenote_note":"","_monsterinsights_sitenote_category":0},"product_brand":[],"product_cat":[127,357],"product_tag":[],"class_list":{"0":"post-877573","1":"product","2":"type-product","3":"status-publish","4":"has-post-thumbnail","6":"product_cat-novella-contemporania","7":"product_cat-novela-contemporanea","9":"first","10":"instock","11":"taxable","12":"shipping-taxable","13":"purchasable","14":"product-type-simple"},"acf":{"autor":"ORWELL, GEORGE","codart":"844605415","libros-coleccion":"Cl\u00e1sicos de la Literatura","ediciones":"1","encuadernacion":"R\u00fastica","fecha_de_publicacion":"28\/09\/2023","novedad":"1","paginas":"148","subtitulo":"ANIMAL FARM","orden":"0","portada":"0","idioma":"spa","editorial":[{"ID":6115,"post_author":"3","post_date":"2022-07-28 17:45:13","post_date_gmt":"2022-07-28 15:45:13","post_content":"","post_title":"AKAL, EDICIONES S.A.","post_excerpt":"","post_status":"publish","comment_status":"closed","ping_status":"closed","post_password":"","post_name":"akal-ediciones-s-a","to_ping":"","pinged":"","post_modified":"2022-07-28 17:45:13","post_modified_gmt":"2022-07-28 15:45:13","post_content_filtered":"","post_parent":0,"guid":"http:\/\/dev.claret.cat\/editorial\/akal-ediciones-s-a\/","menu_order":0,"post_type":"editorial","post_mime_type":"","comment_count":"0","filter":"raw"}],"autores-libros":[{"ID":156738,"post_author":"3","post_date":"2022-10-14 15:23:13","post_date_gmt":"2022-10-14 13:23:13","post_content":"","post_title":"GEORGE ORWELL","post_excerpt":"","post_status":"publish","comment_status":"closed","ping_status":"closed","post_password":"","post_name":"george-orwell","to_ping":"","pinged":"","post_modified":"2022-10-14 15:23:13","post_modified_gmt":"2022-10-14 13:23:13","post_content_filtered":"","post_parent":0,"guid":"http:\/\/dev.claret.cat\/autor\/george-orwell\/","menu_order":0,"post_type":"autor","post_mime_type":"","comment_count":"0","filter":"raw"}],"booktrailer":"","resenas":""},"aioseo_notices":[],"_links":{"self":[{"href":"https:\/\/www.claret.cat\/es\/wp-json\/wp\/v2\/product\/877573","targetHints":{"allow":["GET"]}}],"collection":[{"href":"https:\/\/www.claret.cat\/es\/wp-json\/wp\/v2\/product"}],"about":[{"href":"https:\/\/www.claret.cat\/es\/wp-json\/wp\/v2\/types\/product"}],"wp:featuredmedia":[{"embeddable":true,"href":"https:\/\/www.claret.cat\/es\/wp-json\/wp\/v2\/media\/1093359"}],"wp:attachment":[{"href":"https:\/\/www.claret.cat\/es\/wp-json\/wp\/v2\/media?parent=877573"}],"wp:term":[{"taxonomy":"product_brand","embeddable":true,"href":"https:\/\/www.claret.cat\/es\/wp-json\/wp\/v2\/product_brand?post=877573"},{"taxonomy":"product_cat","embeddable":true,"href":"https:\/\/www.claret.cat\/es\/wp-json\/wp\/v2\/product_cat?post=877573"},{"taxonomy":"product_tag","embeddable":true,"href":"https:\/\/www.claret.cat\/es\/wp-json\/wp\/v2\/product_tag?post=877573"}],"curies":[{"name":"wp","href":"https:\/\/api.w.org\/{rel}","templated":true}]}}