{"id":877766,"date":"2023-09-29T14:30:06","date_gmt":"2023-09-29T12:30:06","guid":{"rendered":"https:\/\/www.claret.cat\/llibre\/les-ulleres-den-litus-9788419253934\/"},"modified":"2023-10-11T00:33:20","modified_gmt":"2023-10-10T22:33:20","slug":"les-ulleres-den-litus-9788419253934","status":"publish","type":"product","link":"https:\/\/www.claret.cat\/es\/libro\/les-ulleres-den-litus-9788419253934\/","title":{"rendered":"LES ULLERES D&#8217;EN LITUS"},"content":{"rendered":"<p>En Litus vol que l&#8221;Agn\u00e8s es fixi desesperadament en ell. Per\u00f2, per molt que s&#8221;hi escarrassa, no ho aconsegueix. Un dia, l&#8221;Agn\u00e8s apareix a classe amb ulleres. Ell creu que aquest era el problema i que ara, finalment, el veur\u00e0. Per\u00f2 no hi ha manera&#8230; Aix\u00f2 s\u00ed, les ulleres de l&#8221;Agn\u00e8s han fet que tothom la miri. En Litus pensa que, si ell tamb\u00e9 port\u00e9s ulleres, l&#8221;Agn\u00e8s s&#8221;adonaria que existeix.<\/p>\n","protected":false},"excerpt":{"rendered":"<p>DEL MAZO, MARGARITA<\/p>\n","protected":false},"featured_media":877767,"template":"","meta":{"_acf_changed":false,"om_disable_all_campaigns":false,"rs_blank_template":"","rs_page_bg_color":"","slide_template_v7":"","inline_featured_image":false,"_monsterinsights_skip_tracking":false,"_monsterinsights_sitenote_active":false,"_monsterinsights_sitenote_note":"","_monsterinsights_sitenote_category":0},"product_brand":[],"product_cat":[132,362],"product_tag":[],"class_list":{"0":"post-877766","1":"product","2":"type-product","3":"status-publish","4":"has-post-thumbnail","6":"product_cat-lectures-per-preadolescents-6-12-anys","7":"product_cat-libros-preadolescentes-6-12-anos","9":"first","10":"instock","11":"taxable","12":"shipping-taxable","13":"purchasable","14":"product-type-simple"},"acf":{"autor":"DEL MAZO, MARGARITA","codart":"841925393","libros-coleccion":"CATALAN","ediciones":"1","encuadernacion":"Carton\u00e9","fecha_de_publicacion":"01\/10\/2023","novedad":"1","paginas":"40","subtitulo":"","orden":"0","portada":"0","idioma":"cat","editorial":[{"ID":148592,"post_author":"3","post_date":"2022-10-14 11:59:27","post_date_gmt":"2022-10-14 09:59:27","post_content":"","post_title":"NUBEOCHO","post_excerpt":"","post_status":"publish","comment_status":"closed","ping_status":"closed","post_password":"","post_name":"nubeocho","to_ping":"","pinged":"","post_modified":"2022-10-14 11:59:27","post_modified_gmt":"2022-10-14 09:59:27","post_content_filtered":"","post_parent":0,"guid":"http:\/\/dev.claret.cat\/editorial\/nubeocho\/","menu_order":0,"post_type":"editorial","post_mime_type":"","comment_count":"0","filter":"raw"}],"autores-libros":[{"ID":163477,"post_author":"3","post_date":"2022-10-14 17:39:21","post_date_gmt":"2022-10-14 15:39:21","post_content":"","post_title":"MARGARITA DEL MAZO","post_excerpt":"","post_status":"publish","comment_status":"closed","ping_status":"closed","post_password":"","post_name":"margarita-del-mazo","to_ping":"","pinged":"","post_modified":"2022-10-14 17:39:21","post_modified_gmt":"2022-10-14 15:39:21","post_content_filtered":"","post_parent":0,"guid":"http:\/\/dev.claret.cat\/autor\/margarita-del-mazo\/","menu_order":0,"post_type":"autor","post_mime_type":"","comment_count":"0","filter":"raw"}]},"aioseo_notices":[],"_links":{"self":[{"href":"https:\/\/www.claret.cat\/es\/wp-json\/wp\/v2\/product\/877766","targetHints":{"allow":["GET"]}}],"collection":[{"href":"https:\/\/www.claret.cat\/es\/wp-json\/wp\/v2\/product"}],"about":[{"href":"https:\/\/www.claret.cat\/es\/wp-json\/wp\/v2\/types\/product"}],"wp:featuredmedia":[{"embeddable":true,"href":"https:\/\/www.claret.cat\/es\/wp-json\/wp\/v2\/media\/877767"}],"wp:attachment":[{"href":"https:\/\/www.claret.cat\/es\/wp-json\/wp\/v2\/media?parent=877766"}],"wp:term":[{"taxonomy":"product_brand","embeddable":true,"href":"https:\/\/www.claret.cat\/es\/wp-json\/wp\/v2\/product_brand?post=877766"},{"taxonomy":"product_cat","embeddable":true,"href":"https:\/\/www.claret.cat\/es\/wp-json\/wp\/v2\/product_cat?post=877766"},{"taxonomy":"product_tag","embeddable":true,"href":"https:\/\/www.claret.cat\/es\/wp-json\/wp\/v2\/product_tag?post=877766"}],"curies":[{"name":"wp","href":"https:\/\/api.w.org\/{rel}","templated":true}]}}