{"id":877778,"date":"2023-09-29T17:05:45","date_gmt":"2023-09-29T15:05:45","guid":{"rendered":"https:\/\/www.claret.cat\/llibre\/la-gran-motxilla-den-litus-9788419607515\/"},"modified":"2024-01-05T15:00:27","modified_gmt":"2024-01-05T14:00:27","slug":"la-gran-motxilla-den-litus-9788419607515","status":"publish","type":"product","link":"https:\/\/www.claret.cat\/es\/libro\/la-gran-motxilla-den-litus-9788419607515\/","title":{"rendered":"LA GRAN MOTXILLA D&#8217;EN LITUS"},"content":{"rendered":"<p>En Litus se\u2019n va d\u2019acampada amb l\u2019escola i li toca de company en Llu\u00efsot, el nen m\u00e9s gros de la seva classe. A la motxilla, hi ha posat una pila de coses per si de cas les necessita.<\/p>\n<p>Tot just arribar, sense voler, li clava un cop de martell al peu a en Llu\u00efsot, per\u00f2&#8230; amb el que ha portat a la motxilla, l\u2019hi pot enguixar! Tot i que li enguixa el peu bo. Despr\u00e9s el vol ajudar a rentar-se la roba al riu, per\u00f2 se l\u2019emporta el corrent.<\/p>\n<p>En Llu\u00efsot, desesperat, demana a la professora que el canvi\u00ef de company, per\u00f2 en Litus acabar\u00e0 demostrant que \u00e9s un bon amic i que sempre hi \u00e9s quan se\u2019l necessita.<\/p>\n","protected":false},"excerpt":{"rendered":"<p>DEL MAZO, MARGARITA<\/p>\n","protected":false},"featured_media":877779,"template":"","meta":{"_acf_changed":false,"om_disable_all_campaigns":false,"rs_blank_template":"","rs_page_bg_color":"","slide_template_v7":"","inline_featured_image":false,"_monsterinsights_skip_tracking":false,"_monsterinsights_sitenote_active":false,"_monsterinsights_sitenote_note":"","_monsterinsights_sitenote_category":0},"product_brand":[],"product_cat":[132,362],"product_tag":[],"class_list":{"0":"post-877778","1":"product","2":"type-product","3":"status-publish","4":"has-post-thumbnail","6":"product_cat-lectures-per-preadolescents-6-12-anys","7":"product_cat-libros-preadolescentes-6-12-anos","9":"first","10":"instock","11":"taxable","12":"shipping-taxable","13":"purchasable","14":"product-type-simple"},"acf":{"autor":"DEL MAZO, MARGARITA","codart":"841960751","libros-coleccion":"CATALAN","ediciones":"1","encuadernacion":"Carton\u00e9","fecha_de_publicacion":"01\/10\/2023","novedad":"1","paginas":"44","subtitulo":"","orden":"0","portada":"0","idioma":"cat","editorial":[{"ID":148592,"post_author":"3","post_date":"2022-10-14 11:59:27","post_date_gmt":"2022-10-14 09:59:27","post_content":"","post_title":"NUBEOCHO","post_excerpt":"","post_status":"publish","comment_status":"closed","ping_status":"closed","post_password":"","post_name":"nubeocho","to_ping":"","pinged":"","post_modified":"2022-10-14 11:59:27","post_modified_gmt":"2022-10-14 09:59:27","post_content_filtered":"","post_parent":0,"guid":"http:\/\/dev.claret.cat\/editorial\/nubeocho\/","menu_order":0,"post_type":"editorial","post_mime_type":"","comment_count":"0","filter":"raw"}],"autores-libros":[{"ID":163477,"post_author":"3","post_date":"2022-10-14 17:39:21","post_date_gmt":"2022-10-14 15:39:21","post_content":"","post_title":"MARGARITA DEL MAZO","post_excerpt":"","post_status":"publish","comment_status":"closed","ping_status":"closed","post_password":"","post_name":"margarita-del-mazo","to_ping":"","pinged":"","post_modified":"2022-10-14 17:39:21","post_modified_gmt":"2022-10-14 15:39:21","post_content_filtered":"","post_parent":0,"guid":"http:\/\/dev.claret.cat\/autor\/margarita-del-mazo\/","menu_order":0,"post_type":"autor","post_mime_type":"","comment_count":"0","filter":"raw"}]},"aioseo_notices":[],"_links":{"self":[{"href":"https:\/\/www.claret.cat\/es\/wp-json\/wp\/v2\/product\/877778","targetHints":{"allow":["GET"]}}],"collection":[{"href":"https:\/\/www.claret.cat\/es\/wp-json\/wp\/v2\/product"}],"about":[{"href":"https:\/\/www.claret.cat\/es\/wp-json\/wp\/v2\/types\/product"}],"wp:featuredmedia":[{"embeddable":true,"href":"https:\/\/www.claret.cat\/es\/wp-json\/wp\/v2\/media\/877779"}],"wp:attachment":[{"href":"https:\/\/www.claret.cat\/es\/wp-json\/wp\/v2\/media?parent=877778"}],"wp:term":[{"taxonomy":"product_brand","embeddable":true,"href":"https:\/\/www.claret.cat\/es\/wp-json\/wp\/v2\/product_brand?post=877778"},{"taxonomy":"product_cat","embeddable":true,"href":"https:\/\/www.claret.cat\/es\/wp-json\/wp\/v2\/product_cat?post=877778"},{"taxonomy":"product_tag","embeddable":true,"href":"https:\/\/www.claret.cat\/es\/wp-json\/wp\/v2\/product_tag?post=877778"}],"curies":[{"name":"wp","href":"https:\/\/api.w.org\/{rel}","templated":true}]}}