{"id":877936,"date":"2023-10-03T13:20:57","date_gmt":"2023-10-03T11:20:57","guid":{"rendered":"https:\/\/www.claret.cat\/llibre\/deja-que-ocurra-9788408278542\/"},"modified":"2024-04-25T17:30:28","modified_gmt":"2024-04-25T15:30:28","slug":"deja-que-ocurra-9788408278542","status":"publish","type":"product","link":"https:\/\/www.claret.cat\/es\/libro\/deja-que-ocurra-9788408278542\/","title":{"rendered":"DEJA QUE OCURRA"},"content":{"rendered":"<p>La conmovedora bilog\u00eda Deja que ocurra de Alice Kellen (Todo lo que nunca fuimos y Todo lo que somos juntos) reunida en un \u00fanico volumen.La autora que ha enamorado a 2 millones de lectores.<br \/> Leah est\u00e1 rota. Leah ya no pinta. Leah es un espejismo desde el accidente que se llev\u00f3 a sus padres. Axel es el mejor amigo de su hermano mayor y, cuando accede a acogerla en su casa, quiere ayudarla a encontrar y unir los pedazos de la chica llena de color que un d\u00eda fue. Pero no sabe que ella siempre ha estado enamorada de \u00e9l, a pesar de que sean casi familia, ni de que toda su vida est\u00e1 a punto de cambiar. Porque ella est\u00e1 prohibida, pero le despierta la piel. Porque es el mar, noches estrelladas y vinilos de los Beatles.<\/p>\n","protected":false},"excerpt":{"rendered":"<p>KELLEN, ALICE<\/p>\n","protected":false},"featured_media":877937,"template":"","meta":{"_acf_changed":false,"om_disable_all_campaigns":false,"rs_blank_template":"","rs_page_bg_color":"","slide_template_v7":"","inline_featured_image":false,"_monsterinsights_skip_tracking":false,"_monsterinsights_sitenote_active":false,"_monsterinsights_sitenote_note":"","_monsterinsights_sitenote_category":0},"product_brand":[],"product_cat":[127,357],"product_tag":[],"class_list":{"0":"post-877936","1":"product","2":"type-product","3":"status-publish","4":"has-post-thumbnail","6":"product_cat-novella-contemporania","7":"product_cat-novela-contemporanea","9":"first","10":"instock","11":"taxable","12":"shipping-taxable","13":"purchasable","14":"product-type-simple"},"acf":{"autor":"KELLEN, ALICE","codart":"840827854","libros-coleccion":"FORA DE COL.LECCI\u00d3","ediciones":"1","encuadernacion":"Carton\u00e9","fecha_de_publicacion":"01\/10\/2023","novedad":"1","paginas":"725","subtitulo":"INCLUYE LA BILOG\u00cdA TODO LO QUE NUNCA FUIMOS Y TODO LO QUE SOMOS JUNTOS. EDICI\u00d3N","orden":"0","portada":"0","idioma":"spa","editorial":[{"ID":6233,"post_author":"3","post_date":"2022-07-28 17:47:48","post_date_gmt":"2022-07-28 15:47:48","post_content":"","post_title":"EDITORIAL PLANETA","post_excerpt":"","post_status":"publish","comment_status":"closed","ping_status":"closed","post_password":"","post_name":"editorial-planeta","to_ping":"","pinged":"","post_modified":"2022-07-28 17:47:48","post_modified_gmt":"2022-07-28 15:47:48","post_content_filtered":"","post_parent":0,"guid":"http:\/\/dev.claret.cat\/editorial\/editorial-planeta\/","menu_order":0,"post_type":"editorial","post_mime_type":"","comment_count":"0","filter":"raw"}],"autores-libros":[{"ID":149824,"post_author":"3","post_date":"2022-10-14 14:27:59","post_date_gmt":"2022-10-14 12:27:59","post_content":"","post_title":"ALICE KELLEN","post_excerpt":"","post_status":"publish","comment_status":"closed","ping_status":"closed","post_password":"","post_name":"alice-kellen","to_ping":"","pinged":"","post_modified":"2022-10-14 14:27:59","post_modified_gmt":"2022-10-14 12:27:59","post_content_filtered":"","post_parent":0,"guid":"http:\/\/dev.claret.cat\/autor\/alice-kellen\/","menu_order":0,"post_type":"autor","post_mime_type":"","comment_count":"0","filter":"raw"}]},"aioseo_notices":[],"_links":{"self":[{"href":"https:\/\/www.claret.cat\/es\/wp-json\/wp\/v2\/product\/877936","targetHints":{"allow":["GET"]}}],"collection":[{"href":"https:\/\/www.claret.cat\/es\/wp-json\/wp\/v2\/product"}],"about":[{"href":"https:\/\/www.claret.cat\/es\/wp-json\/wp\/v2\/types\/product"}],"wp:featuredmedia":[{"embeddable":true,"href":"https:\/\/www.claret.cat\/es\/wp-json\/wp\/v2\/media\/877937"}],"wp:attachment":[{"href":"https:\/\/www.claret.cat\/es\/wp-json\/wp\/v2\/media?parent=877936"}],"wp:term":[{"taxonomy":"product_brand","embeddable":true,"href":"https:\/\/www.claret.cat\/es\/wp-json\/wp\/v2\/product_brand?post=877936"},{"taxonomy":"product_cat","embeddable":true,"href":"https:\/\/www.claret.cat\/es\/wp-json\/wp\/v2\/product_cat?post=877936"},{"taxonomy":"product_tag","embeddable":true,"href":"https:\/\/www.claret.cat\/es\/wp-json\/wp\/v2\/product_tag?post=877936"}],"curies":[{"name":"wp","href":"https:\/\/api.w.org\/{rel}","templated":true}]}}