{"id":877963,"date":"2023-10-03T13:35:15","date_gmt":"2023-10-03T11:35:15","guid":{"rendered":"https:\/\/www.claret.cat\/llibre\/cronografia-de-la-segunda-guerra-mundial-9788491995807\/"},"modified":"2023-10-11T00:30:23","modified_gmt":"2023-10-10T22:30:23","slug":"cronografia-de-la-segunda-guerra-mundial-9788491995807","status":"publish","type":"product","link":"https:\/\/www.claret.cat\/es\/libro\/cronografia-de-la-segunda-guerra-mundial-9788491995807\/","title":{"rendered":"CRONOGRAF\u00cdA DE LA SEGUNDA GUERRA MUNDIAL"},"content":{"rendered":"<p>Una perspectiva panor\u00e1mica del conflicto que nos ofrece una manera totalmente nueva de entender la segunda guerra mundial.<br \/> La historia se basa en fechas, en una cronolog\u00eda, y la segunda guerra mundial no es una excepci\u00f3n a la regla. Para relatarlo de una forma original, l\u00fadica y est\u00e9tica, \u00bfqu\u00e9 mejor que la infograf\u00eda? Esta es la apuesta de esta cronograf\u00eda de m\u00e1s de 600 fechas que se despliegan a lo largo de m\u00e1s de 3 metros. El per\u00edodo 1935-1948 se escenifica as\u00ed para ofrecer al lector informaci\u00f3n en bruto -una fecha, un hecho- pero tambi\u00e9n para dar, a trav\u00e9s del poder de la infograf\u00eda, un significado adicional a la multitud de eventos que componen este cataclismo global.<\/p>\n","protected":false},"excerpt":{"rendered":"<p>GUILLERAT, NICOLAS \/ MONTBAZET, THIBAULT<\/p>\n","protected":false},"featured_media":878126,"template":"","meta":{"_acf_changed":false,"om_disable_all_campaigns":false,"rs_blank_template":"","rs_page_bg_color":"","slide_template_v7":"","inline_featured_image":false,"_monsterinsights_skip_tracking":false,"_monsterinsights_sitenote_active":false,"_monsterinsights_sitenote_note":"","_monsterinsights_sitenote_category":0},"product_brand":[],"product_cat":[368,151],"product_tag":[],"class_list":{"0":"post-877963","1":"product","2":"type-product","3":"status-publish","4":"has-post-thumbnail","6":"product_cat-contemporanea","7":"product_cat-contemporania","9":"first","10":"instock","11":"taxable","12":"shipping-taxable","13":"purchasable","14":"product-type-simple"},"acf":{"autor":"GUILLERAT, NICOLAS \/ MONTBAZET, THIBAULT","codart":"849199580","libros-coleccion":"","ediciones":"1","encuadernacion":"Carpeta","fecha_de_publicacion":"01\/10\/2023","novedad":"1","paginas":"32","subtitulo":"","orden":"0","portada":"0","idioma":"spa","editorial":[{"ID":6174,"post_author":"3","post_date":"2022-07-28 17:46:29","post_date_gmt":"2022-07-28 15:46:29","post_content":"","post_title":"CRITICA","post_excerpt":"","post_status":"publish","comment_status":"closed","ping_status":"closed","post_password":"","post_name":"critica","to_ping":"","pinged":"","post_modified":"2022-07-28 17:46:29","post_modified_gmt":"2022-07-28 15:46:29","post_content_filtered":"","post_parent":0,"guid":"http:\/\/dev.claret.cat\/editorial\/critica\/","menu_order":0,"post_type":"editorial","post_mime_type":"","comment_count":"0","filter":"raw"}],"autores-libros":[{"ID":5888,"post_author":"3","post_date":"2022-07-28 17:33:39","post_date_gmt":"2022-07-28 15:33:39","post_content":"","post_title":"NICOLAS GUILLERAT","post_excerpt":"","post_status":"publish","comment_status":"closed","ping_status":"closed","post_password":"","post_name":"nicolas-guillerat","to_ping":"","pinged":"","post_modified":"2022-07-28 17:33:39","post_modified_gmt":"2022-07-28 15:33:39","post_content_filtered":"","post_parent":0,"guid":"http:\/\/dev.claret.cat\/autor\/nicolas-guillerat\/","menu_order":0,"post_type":"autor","post_mime_type":"","comment_count":"0","filter":"raw"},{"ID":878087,"post_author":"3","post_date":"2023-10-03 14:35:15","post_date_gmt":"2023-10-03 12:35:15","post_content":"","post_title":"THIBAULT MONTBAZET","post_excerpt":"","post_status":"publish","comment_status":"closed","ping_status":"closed","post_password":"","post_name":"thibault-montbazet","to_ping":"","pinged":"","post_modified":"2023-10-03 14:35:15","post_modified_gmt":"2023-10-03 12:35:15","post_content_filtered":"","post_parent":0,"guid":"https:\/\/www.claret.cat\/autor\/thibault-montbazet\/","menu_order":0,"post_type":"autor","post_mime_type":"","comment_count":"0","filter":"raw"}]},"aioseo_notices":[],"_links":{"self":[{"href":"https:\/\/www.claret.cat\/es\/wp-json\/wp\/v2\/product\/877963","targetHints":{"allow":["GET"]}}],"collection":[{"href":"https:\/\/www.claret.cat\/es\/wp-json\/wp\/v2\/product"}],"about":[{"href":"https:\/\/www.claret.cat\/es\/wp-json\/wp\/v2\/types\/product"}],"wp:featuredmedia":[{"embeddable":true,"href":"https:\/\/www.claret.cat\/es\/wp-json\/wp\/v2\/media\/878126"}],"wp:attachment":[{"href":"https:\/\/www.claret.cat\/es\/wp-json\/wp\/v2\/media?parent=877963"}],"wp:term":[{"taxonomy":"product_brand","embeddable":true,"href":"https:\/\/www.claret.cat\/es\/wp-json\/wp\/v2\/product_brand?post=877963"},{"taxonomy":"product_cat","embeddable":true,"href":"https:\/\/www.claret.cat\/es\/wp-json\/wp\/v2\/product_cat?post=877963"},{"taxonomy":"product_tag","embeddable":true,"href":"https:\/\/www.claret.cat\/es\/wp-json\/wp\/v2\/product_tag?post=877963"}],"curies":[{"name":"wp","href":"https:\/\/api.w.org\/{rel}","templated":true}]}}