{"id":877966,"date":"2023-10-03T13:35:27","date_gmt":"2023-10-03T11:35:27","guid":{"rendered":"https:\/\/www.claret.cat\/llibre\/el-libro-de-la-gamba-roja-9788408278993\/"},"modified":"2023-10-11T00:30:21","modified_gmt":"2023-10-10T22:30:21","slug":"el-libro-de-la-gamba-roja-9788408278993","status":"publish","type":"product","link":"https:\/\/www.claret.cat\/es\/libro\/el-libro-de-la-gamba-roja-9788408278993\/","title":{"rendered":"EL LIBRO DE LA GAMBA ROJA"},"content":{"rendered":"<p>El gran libro que merece uno de los productos m\u00e1s importantes y emblem\u00e1ticos de la gastronom\u00eda espa\u00f1ola, de la mano de dos de sus mayores exponentes, Joan Roca y Quique Dacosta.La gamba roja (Aristeus antennatus) se ha convertido en el nuevo icono gastron\u00f3mico del Mediterr\u00e1neo. En las \u00faltimas d\u00e9cadas ha logrado atraer la atenci\u00f3n de los comensales m\u00e1s exigentes y de los grandes cocineros, como Joan Roca y Quique Dacosta, cuyas recetas creativas y tradicionales conforman buena parte del corpus de este libro. La antennatus vive d\u00edas de gloria culinaria, pero tanto su futuro como el de los pescadores que la capturan en las profundidades pasan por una situaci\u00f3n compleja que obliga a pescar menos y mejor para garantizar el futuro de la pesquer\u00eda y, por ende, de muchos puertos mediterr\u00e1neos. A lo largo de estas p\u00e1ginas se descubren los secretos de la fisiolog\u00eda y el h\u00e1bitat de la gamba roja, pero tambi\u00e9n la realidad de los seres humanos que se dedican a su captura y a su cocina.\u00a0Y disfrutaremos de una cincuentena de recetas tradicionales y creativas de estos dos genios de los fogones, para disfrutar de la gamba roja en todo su plenitud y esplendor.<\/p>\n","protected":false},"excerpt":{"rendered":"<p>ROCA, JOAN \/ LANA, BENJAM\u00cdN \/ DACOSTA, QUIQUE<\/p>\n","protected":false},"featured_media":878218,"template":"","meta":{"_acf_changed":false,"om_disable_all_campaigns":false,"rs_blank_template":"","rs_page_bg_color":"","slide_template_v7":"","inline_featured_image":false,"_monsterinsights_skip_tracking":false,"_monsterinsights_sitenote_active":false,"_monsterinsights_sitenote_note":"","_monsterinsights_sitenote_category":0},"product_brand":[],"product_cat":[553,103],"product_tag":[],"class_list":{"0":"post-877966","1":"product","2":"type-product","3":"status-publish","4":"has-post-thumbnail","6":"product_cat-cocina","7":"product_cat-cuina","9":"first","10":"instock","11":"taxable","12":"shipping-taxable","13":"purchasable","14":"product-type-simple"},"acf":{"autor":"ROCA, JOAN \/ LANA, BENJAM\u00cdN \/ DACOSTA, QUIQUE","codart":"840827899","libros-coleccion":"FORA DE COL.LECCI\u00d3","ediciones":"1","encuadernacion":"Carton\u00e9","fecha_de_publicacion":"01\/10\/2023","novedad":"1","paginas":"264","subtitulo":"","orden":"0","portada":"0","idioma":"spa","editorial":[{"ID":6233,"post_author":"3","post_date":"2022-07-28 17:47:48","post_date_gmt":"2022-07-28 15:47:48","post_content":"","post_title":"EDITORIAL PLANETA","post_excerpt":"","post_status":"publish","comment_status":"closed","ping_status":"closed","post_password":"","post_name":"editorial-planeta","to_ping":"","pinged":"","post_modified":"2022-07-28 17:47:48","post_modified_gmt":"2022-07-28 15:47:48","post_content_filtered":"","post_parent":0,"guid":"http:\/\/dev.claret.cat\/editorial\/editorial-planeta\/","menu_order":0,"post_type":"editorial","post_mime_type":"","comment_count":"0","filter":"raw"}],"autores-libros":[{"ID":159410,"post_author":"3","post_date":"2022-10-14 15:44:37","post_date_gmt":"2022-10-14 13:44:37","post_content":"","post_title":"JOAN ROCA","post_excerpt":"","post_status":"publish","comment_status":"closed","ping_status":"closed","post_password":"","post_name":"joan-roca","to_ping":"","pinged":"","post_modified":"2022-10-14 15:44:37","post_modified_gmt":"2022-10-14 13:44:37","post_content_filtered":"","post_parent":0,"guid":"http:\/\/dev.claret.cat\/autor\/joan-roca\/","menu_order":0,"post_type":"autor","post_mime_type":"","comment_count":"0","filter":"raw"},{"ID":878081,"post_author":"3","post_date":"2023-10-03 14:32:35","post_date_gmt":"2023-10-03 12:32:35","post_content":"","post_title":"BENJAM\u00cdN LANA","post_excerpt":"","post_status":"publish","comment_status":"closed","ping_status":"closed","post_password":"","post_name":"benjamin-lana","to_ping":"","pinged":"","post_modified":"2023-10-03 14:32:35","post_modified_gmt":"2023-10-03 12:32:35","post_content_filtered":"","post_parent":0,"guid":"https:\/\/www.claret.cat\/autor\/benjamin-lana\/","menu_order":0,"post_type":"autor","post_mime_type":"","comment_count":"0","filter":"raw"},{"ID":427813,"post_author":"3","post_date":"2023-05-16 09:13:53","post_date_gmt":"2023-05-16 07:13:53","post_content":"","post_title":"QUIQUE DACOSTA","post_excerpt":"","post_status":"publish","comment_status":"closed","ping_status":"closed","post_password":"","post_name":"quique-dacosta","to_ping":"","pinged":"","post_modified":"2023-05-16 09:13:53","post_modified_gmt":"2023-05-16 07:13:53","post_content_filtered":"","post_parent":0,"guid":"https:\/\/www.claret.cat\/autor\/quique-dacosta\/","menu_order":0,"post_type":"autor","post_mime_type":"","comment_count":"0","filter":"raw"}]},"aioseo_notices":[],"_links":{"self":[{"href":"https:\/\/www.claret.cat\/es\/wp-json\/wp\/v2\/product\/877966","targetHints":{"allow":["GET"]}}],"collection":[{"href":"https:\/\/www.claret.cat\/es\/wp-json\/wp\/v2\/product"}],"about":[{"href":"https:\/\/www.claret.cat\/es\/wp-json\/wp\/v2\/types\/product"}],"wp:featuredmedia":[{"embeddable":true,"href":"https:\/\/www.claret.cat\/es\/wp-json\/wp\/v2\/media\/878218"}],"wp:attachment":[{"href":"https:\/\/www.claret.cat\/es\/wp-json\/wp\/v2\/media?parent=877966"}],"wp:term":[{"taxonomy":"product_brand","embeddable":true,"href":"https:\/\/www.claret.cat\/es\/wp-json\/wp\/v2\/product_brand?post=877966"},{"taxonomy":"product_cat","embeddable":true,"href":"https:\/\/www.claret.cat\/es\/wp-json\/wp\/v2\/product_cat?post=877966"},{"taxonomy":"product_tag","embeddable":true,"href":"https:\/\/www.claret.cat\/es\/wp-json\/wp\/v2\/product_tag?post=877966"}],"curies":[{"name":"wp","href":"https:\/\/api.w.org\/{rel}","templated":true}]}}