{"id":877972,"date":"2023-10-03T13:55:18","date_gmt":"2023-10-03T11:55:18","guid":{"rendered":"https:\/\/www.claret.cat\/llibre\/delta-9788432242540\/"},"modified":"2024-01-05T19:50:28","modified_gmt":"2024-01-05T18:50:28","slug":"delta-9788432242540","status":"publish","type":"product","link":"https:\/\/www.claret.cat\/es\/libro\/delta-9788432242540\/","title":{"rendered":"DELTA"},"content":{"rendered":"<p>El delta del Ebro es un lugar en el que vivir al l\u00edmite es m\u00e1s que una frase hecha. El cambio clim\u00e1tico est\u00e1 acelerando la p\u00e9rdida de tierra frente al avance del mar y bajo un paisaje en r\u00e1pida transformaci\u00f3n laten las tensiones mantenidas desde hace a\u00f1os entre las administraciones, vecinos, turistas, ecologistas, cazadores y pescadores. En esta convivencia sostenida en equilibrio, el tiempo se convierte en enemigo.<br \/> \u00a0<br \/> All\u00ed, en la \u00faltima casa antes del mar, se instala durante un a\u00f1o Gabi Mart\u00ednez con el objetivo de dar testimonio no s\u00f3lo de una biodiversidad vibrante y espectacular, sino tambi\u00e9n de los esfuerzos del hombre y de la naturaleza por recuperar un espacio com\u00fan ante un futuro cada vez m\u00e1s incierto.\u00a0<br \/> En la m\u00e1s pura tradici\u00f3n del nature writing anglosaj\u00f3n y de la llamada liternatura, utilizando recursos del gran reportaje y de la mejor ficci\u00f3n, Delta es un libro apasionante que nos alerta sobre los desaf\u00edos sociales y medioambientales a los que se enfrenta un ecosistema en peligro de extinci\u00f3n. Un lugar \u00fanico en el que confluyen muchos de los retos que afronta el planeta, como la crisis clim\u00e1tica, la inmigraci\u00f3n o la tensi\u00f3n entre las tradiciones culturales y la globalizaci\u00f3n.<\/p>\n","protected":false},"excerpt":{"rendered":"<p>MART\u00cdNEZ, GABI<\/p>\n","protected":false},"featured_media":946579,"template":"","meta":{"_acf_changed":false,"om_disable_all_campaigns":false,"rs_blank_template":"","rs_page_bg_color":"","slide_template_v7":"","inline_featured_image":false,"_monsterinsights_skip_tracking":false,"_monsterinsights_sitenote_active":false,"_monsterinsights_sitenote_note":"","_monsterinsights_sitenote_category":0},"product_brand":[],"product_cat":[90,540],"product_tag":[],"class_list":{"0":"post-877972","1":"product","2":"type-product","3":"status-publish","4":"has-post-thumbnail","6":"product_cat-altres","7":"product_cat-otros","9":"first","10":"instock","11":"taxable","12":"shipping-taxable","13":"purchasable","14":"product-type-simple"},"acf":{"autor":"MART\u00cdNEZ, GABI","codart":"843224254","libros-coleccion":"Los Tres Mundos","ediciones":"1","encuadernacion":"R\u00fastica","fecha_de_publicacion":"01\/10\/2023","novedad":"1","paginas":"441","subtitulo":"","orden":"0","portada":"0","idioma":"spa","editorial":[{"ID":6361,"post_author":"3","post_date":"2022-07-28 17:50:32","post_date_gmt":"2022-07-28 15:50:32","post_content":"","post_title":"SEIX BARRAL, EDICIONES","post_excerpt":"","post_status":"publish","comment_status":"closed","ping_status":"closed","post_password":"","post_name":"seix-barral-ediciones","to_ping":"","pinged":"","post_modified":"2022-07-28 17:50:32","post_modified_gmt":"2022-07-28 15:50:32","post_content_filtered":"","post_parent":0,"guid":"http:\/\/dev.claret.cat\/editorial\/seix-barral-ediciones\/","menu_order":0,"post_type":"editorial","post_mime_type":"","comment_count":"0","filter":"raw"}],"autores-libros":[{"ID":156498,"post_author":"3","post_date":"2022-10-14 15:21:17","post_date_gmt":"2022-10-14 13:21:17","post_content":"","post_title":"GABI MART\u00cdNEZ","post_excerpt":"","post_status":"publish","comment_status":"closed","ping_status":"closed","post_password":"","post_name":"gabi-martinez","to_ping":"","pinged":"","post_modified":"2022-10-14 15:21:17","post_modified_gmt":"2022-10-14 13:21:17","post_content_filtered":"","post_parent":0,"guid":"http:\/\/dev.claret.cat\/autor\/gabi-martinez\/","menu_order":0,"post_type":"autor","post_mime_type":"","comment_count":"0","filter":"raw"}]},"aioseo_notices":[],"_links":{"self":[{"href":"https:\/\/www.claret.cat\/es\/wp-json\/wp\/v2\/product\/877972","targetHints":{"allow":["GET"]}}],"collection":[{"href":"https:\/\/www.claret.cat\/es\/wp-json\/wp\/v2\/product"}],"about":[{"href":"https:\/\/www.claret.cat\/es\/wp-json\/wp\/v2\/types\/product"}],"wp:featuredmedia":[{"embeddable":true,"href":"https:\/\/www.claret.cat\/es\/wp-json\/wp\/v2\/media\/946579"}],"wp:attachment":[{"href":"https:\/\/www.claret.cat\/es\/wp-json\/wp\/v2\/media?parent=877972"}],"wp:term":[{"taxonomy":"product_brand","embeddable":true,"href":"https:\/\/www.claret.cat\/es\/wp-json\/wp\/v2\/product_brand?post=877972"},{"taxonomy":"product_cat","embeddable":true,"href":"https:\/\/www.claret.cat\/es\/wp-json\/wp\/v2\/product_cat?post=877972"},{"taxonomy":"product_tag","embeddable":true,"href":"https:\/\/www.claret.cat\/es\/wp-json\/wp\/v2\/product_tag?post=877972"}],"curies":[{"name":"wp","href":"https:\/\/api.w.org\/{rel}","templated":true}]}}