{"id":878,"date":"2022-07-27T15:37:28","date_gmt":"2022-07-27T13:37:28","guid":{"rendered":"http:\/\/dev.claret.cat\/producto\/un-burka-por-amor-edicion-limitada-a-un-precio-especial-9788466361231\/"},"modified":"2023-10-06T08:59:57","modified_gmt":"2023-10-06T06:59:57","slug":"un-burka-por-amor-edicion-limitada-a-un-precio-especial-9788466361231","status":"publish","type":"product","link":"https:\/\/www.claret.cat\/es\/libro\/un-burka-por-amor-edicion-limitada-a-un-precio-especial-9788466361231\/","title":{"rendered":"UN BURKA POR AMOR (EDICI\u00d3N LIMITADA A UN PRECIO ESPECIAL)"},"content":{"rendered":"<p>Atrapada en un pa\u00eds que no es el suyo. Sometida a unas costumbres desconocidas. Incapaz de escapar. Esta es la historia de Mar\u00eda Galera. Versi\u00f3n actualizada y revisada por la autora Fue en Londres cuando la vida de la joven mallorquina comenz\u00f3 a cambiar,  el mismo d\u00eda en que conoci\u00f3 a Nasrad. Los dos se enamoraron perdidamente  y Mar\u00eda, en un acto de fe, se convirti\u00f3 al islam para casarse con \u00e9l.  Cuando al poco tiempo Nasrad tuvo que volver a Afganist\u00e1n, su pa\u00eds de  origen, ella decidi\u00f3 acompa\u00f1arlo. Fue entonces cuando empez\u00f3 la pesadilla. Obligados a acatar las leyes del r\u00e9gimen talib\u00e1n, con el comienzo de la  guerra ambos quedaron atrapados en el pa\u00eds, sin recursos, dinero ni  documentaci\u00f3n. A pesar de las precarias circunstancias en las que se  encontraban, Mar\u00eda dio a luz a dos hijos, pero la vida all\u00ed era cada vez  m\u00e1s dif\u00edcil. Necesitaba salir de Afganist\u00e1n. Fue con la noticia de su  tercer embarazo cuando se decidi\u00f3 a pedir ayuda. Impulsada por el amor a  su familia, se puso en contacto con el programa Cinco Lunas, de Reyes Monforte, y su historia trascendi\u00f3 al mundo period\u00edstico&#8230; Una historia dura y necesaria que demuestra que el amor puede superar todas las barreras.<\/p>\n","protected":false},"excerpt":{"rendered":"<p>MONFORTE, REYES<\/p>\n","protected":false},"featured_media":53755,"template":"","meta":{"_acf_changed":false,"om_disable_all_campaigns":false,"rs_blank_template":"","rs_page_bg_color":"","slide_template_v7":"","inline_featured_image":false,"_monsterinsights_skip_tracking":false,"_monsterinsights_sitenote_active":false,"_monsterinsights_sitenote_note":"","_monsterinsights_sitenote_category":0},"product_brand":[],"product_cat":[357],"product_tag":[],"class_list":{"0":"post-878","1":"product","2":"type-product","3":"status-publish","4":"has-post-thumbnail","6":"product_cat-novela-contemporanea","8":"first","9":"instock","10":"taxable","11":"shipping-taxable","12":"purchasable","13":"product-type-simple"},"acf":{"autor":"MONFORTE, REYES","codart":"846636123","ediciones":"1","encuadernacion":"R\u00fastica","fecha_de_publicacion":"01\/06\/2022","novedad":"1","paginas":"384","subtitulo":"","orden":"0","portada":"0","idioma":"spa","libros-coleccion":"CAMPA\u00d1AS","autores-libros":[{"ID":5976,"post_author":"3","post_date":"2022-07-28 17:35:31","post_date_gmt":"2022-07-28 15:35:31","post_content":"","post_title":"REYES MONFORTE","post_excerpt":"","post_status":"publish","comment_status":"closed","ping_status":"closed","post_password":"","post_name":"reyes-monforte","to_ping":"","pinged":"","post_modified":"2022-07-28 17:35:31","post_modified_gmt":"2022-07-28 15:35:31","post_content_filtered":"","post_parent":0,"guid":"http:\/\/dev.claret.cat\/autor\/reyes-monforte\/","menu_order":0,"post_type":"autor","post_mime_type":"","comment_count":"0","filter":"raw"}],"editorial":[{"ID":6178,"post_author":"3","post_date":"2022-07-28 17:46:34","post_date_gmt":"2022-07-28 15:46:34","post_content":"","post_title":"DEBOLSILLO","post_excerpt":"","post_status":"publish","comment_status":"closed","ping_status":"closed","post_password":"","post_name":"debolsillo","to_ping":"","pinged":"","post_modified":"2022-07-28 17:46:34","post_modified_gmt":"2022-07-28 15:46:34","post_content_filtered":"","post_parent":0,"guid":"http:\/\/dev.claret.cat\/editorial\/debolsillo\/","menu_order":0,"post_type":"editorial","post_mime_type":"","comment_count":"0","filter":"raw"}]},"aioseo_notices":[],"_links":{"self":[{"href":"https:\/\/www.claret.cat\/es\/wp-json\/wp\/v2\/product\/878","targetHints":{"allow":["GET"]}}],"collection":[{"href":"https:\/\/www.claret.cat\/es\/wp-json\/wp\/v2\/product"}],"about":[{"href":"https:\/\/www.claret.cat\/es\/wp-json\/wp\/v2\/types\/product"}],"wp:featuredmedia":[{"embeddable":true,"href":"https:\/\/www.claret.cat\/es\/wp-json\/wp\/v2\/media\/53755"}],"wp:attachment":[{"href":"https:\/\/www.claret.cat\/es\/wp-json\/wp\/v2\/media?parent=878"}],"wp:term":[{"taxonomy":"product_brand","embeddable":true,"href":"https:\/\/www.claret.cat\/es\/wp-json\/wp\/v2\/product_brand?post=878"},{"taxonomy":"product_cat","embeddable":true,"href":"https:\/\/www.claret.cat\/es\/wp-json\/wp\/v2\/product_cat?post=878"},{"taxonomy":"product_tag","embeddable":true,"href":"https:\/\/www.claret.cat\/es\/wp-json\/wp\/v2\/product_tag?post=878"}],"curies":[{"name":"wp","href":"https:\/\/api.w.org\/{rel}","templated":true}]}}