{"id":87809,"date":"2022-10-11T18:09:29","date_gmt":"2022-10-11T16:09:29","guid":{"rendered":"http:\/\/dev.claret.cat\/producte\/greenlights\/"},"modified":"2023-01-28T04:01:45","modified_gmt":"2023-01-28T03:01:45","slug":"greenlights-9788448028473","status":"publish","type":"product","link":"https:\/\/www.claret.cat\/es\/libro\/greenlights-9788448028473\/","title":{"rendered":"GREENLIGHTS"},"content":{"rendered":"<p>Matthew McConaughey es hijo de Jim y Kay McConaughey \u2014dos veces divorciados y tres casados\u2014, es un hombre casado, padre de tres hijos y un autoproclamado hombre afortunado. Se considera narrador por profesi\u00f3n, escribe poes\u00eda y es un m\u00fasico frustrado (\u00abpero bueno, todav\u00eda hay tiempo\u2026\u00bb).<br \/> \u00a0<br \/> \u00abHe comido peyote en Real de Catorce, M\u00e9xico, en una jaula con un puma. He hecho que me cosieran setenta y ocho puntos de sutura en la frente, y que lo hiciera un veterinario. He tenido cuatro conmociones cerebrales por caerme de cuatro \u00e1rboles, tres de ellos en luna llena.\u00a0He tocado desnudo los bongos hasta que la polic\u00eda me ha arrestado\u2026<br \/> Este libro ha sido mi obsesi\u00f3n\u00a0durante los \u00faltimos dos a\u00f1os. Ah\u00ed es donde he estado. Ha sido mi \u00fanica obsesi\u00f3n en cuanto al trabajo. Es la extensi\u00f3n permanente m\u00e1s verdadera que he sacado o creado de m\u00ed mismo.<br \/> Desde que aprend\u00ed a escribir he estado llevando conmigo un diario y escribiendo cualquier cosa que me despertara algo, fueran risas, l\u00e1grimas o dudas&#8230; Hace dos a\u00f1os reun\u00ed el coraje de juntar todos esos diarios y aislarme para trabajar en ellos y ver qu\u00e9 demonios ten\u00eda. Y volv\u00ed con esto, un libro.<br \/> Se llama Greenlights porque es una historia sobre c\u00f3mo yo y todos podemos obtener m\u00e1s luces verdes de la vida que vivimos. No nos gustan las luces rojas ni amarillas porque nos roban tiempo. Cuando nos damos cuenta de que todas se acaban poniendo verdes, ah\u00ed es cuando la vida se convierte en un poema y empezamos a conseguir lo que queremos y necesitamos. Estas no son unas memorias convencionales, ni un libro de consejos, sino m\u00e1s bien un libro de jugadas basado en aventuras de mi vida.\u00bb<\/p>\n","protected":false},"excerpt":{"rendered":"<p>MCCONAUGHEY, MATTHEW<\/p>\n","protected":false},"featured_media":87810,"template":"","meta":{"_acf_changed":false,"om_disable_all_campaigns":false,"rs_blank_template":"","rs_page_bg_color":"","slide_template_v7":"","inline_featured_image":false,"_monsterinsights_skip_tracking":false,"_monsterinsights_sitenote_active":false,"_monsterinsights_sitenote_note":"","_monsterinsights_sitenote_category":0},"product_brand":[],"product_cat":[99],"product_tag":[],"class_list":{"0":"post-87809","1":"product","2":"type-product","3":"status-publish","4":"has-post-thumbnail","6":"product_cat-biografies","8":"first","9":"instock","10":"taxable","11":"shipping-taxable","12":"purchasable","13":"product-type-simple"},"acf":{"autor":"MCCONAUGHEY, MATTHEW","codart":"844802847","libros-coleccion":"Cine","ediciones":"1","encuadernacion":"Carton\u00e9","fecha_de_publicacion":"01\/06\/2021","novedad":"1","paginas":"304","subtitulo":"","orden":"0","portada":"0","idioma":"spa","editorial":[{"ID":148426,"post_author":"3","post_date":"2022-10-14 11:58:09","post_date_gmt":"2022-10-14 09:58:09","post_content":"","post_title":"LIBROS C\u00daPULA","post_excerpt":"","post_status":"publish","comment_status":"closed","ping_status":"closed","post_password":"","post_name":"libros-cupula","to_ping":"","pinged":"","post_modified":"2022-10-14 11:58:09","post_modified_gmt":"2022-10-14 09:58:09","post_content_filtered":"","post_parent":0,"guid":"http:\/\/dev.claret.cat\/editorial\/libros-cupula\/","menu_order":0,"post_type":"editorial","post_mime_type":"","comment_count":"0","filter":"raw"}],"autores-libros":[{"ID":164482,"post_author":"3","post_date":"2022-10-14 17:47:25","post_date_gmt":"2022-10-14 15:47:25","post_content":"","post_title":"MATTHEW MCCONAUGHEY","post_excerpt":"","post_status":"publish","comment_status":"closed","ping_status":"closed","post_password":"","post_name":"matthew-mcconaughey","to_ping":"","pinged":"","post_modified":"2022-10-14 17:47:25","post_modified_gmt":"2022-10-14 15:47:25","post_content_filtered":"","post_parent":0,"guid":"http:\/\/dev.claret.cat\/autor\/matthew-mcconaughey\/","menu_order":0,"post_type":"autor","post_mime_type":"","comment_count":"0","filter":"raw"}]},"aioseo_notices":[],"_links":{"self":[{"href":"https:\/\/www.claret.cat\/es\/wp-json\/wp\/v2\/product\/87809","targetHints":{"allow":["GET"]}}],"collection":[{"href":"https:\/\/www.claret.cat\/es\/wp-json\/wp\/v2\/product"}],"about":[{"href":"https:\/\/www.claret.cat\/es\/wp-json\/wp\/v2\/types\/product"}],"wp:featuredmedia":[{"embeddable":true,"href":"https:\/\/www.claret.cat\/es\/wp-json\/wp\/v2\/media\/87810"}],"wp:attachment":[{"href":"https:\/\/www.claret.cat\/es\/wp-json\/wp\/v2\/media?parent=87809"}],"wp:term":[{"taxonomy":"product_brand","embeddable":true,"href":"https:\/\/www.claret.cat\/es\/wp-json\/wp\/v2\/product_brand?post=87809"},{"taxonomy":"product_cat","embeddable":true,"href":"https:\/\/www.claret.cat\/es\/wp-json\/wp\/v2\/product_cat?post=87809"},{"taxonomy":"product_tag","embeddable":true,"href":"https:\/\/www.claret.cat\/es\/wp-json\/wp\/v2\/product_tag?post=87809"}],"curies":[{"name":"wp","href":"https:\/\/api.w.org\/{rel}","templated":true}]}}