{"id":878123,"date":"2023-10-03T16:06:02","date_gmt":"2023-10-03T14:06:02","guid":{"rendered":"https:\/\/www.claret.cat\/llibre\/princesas-arena-y-purpurina-9788419512567\/"},"modified":"2023-10-23T19:33:47","modified_gmt":"2023-10-23T17:33:47","slug":"princesas-arena-y-purpurina-9788419512567","status":"publish","type":"product","link":"https:\/\/www.claret.cat\/es\/libro\/princesas-arena-y-purpurina-9788419512567\/","title":{"rendered":"PRINCESAS ARENA Y PURPURINA"},"content":{"rendered":"<p>Despega las partes de las l\u00e1minas de pegatinas y rell\u00e9nalas con la arena de purpurina de los tubos. \u00a1Ver\u00e1s qu\u00e9 bien queda! Adem\u00e1s, tienes entretenidas p\u00e1ginas con actividades para colorear. \u00a1Disfruta de tu nuevo kit!<\/p>\n","protected":false},"excerpt":{"rendered":"<p>TODOLIBRO<\/p>\n","protected":false},"featured_media":878124,"template":"","meta":{"_acf_changed":false,"om_disable_all_campaigns":false,"rs_blank_template":"","rs_page_bg_color":"","slide_template_v7":"","inline_featured_image":false,"_monsterinsights_skip_tracking":false,"_monsterinsights_sitenote_active":false,"_monsterinsights_sitenote_note":"","_monsterinsights_sitenote_category":0},"product_brand":[],"product_cat":[132,135,365,362],"product_tag":[],"class_list":{"0":"post-878123","1":"product","2":"type-product","3":"status-publish","4":"has-post-thumbnail","6":"product_cat-lectures-per-preadolescents-6-12-anys","7":"product_cat-entreteniment","8":"product_cat-entretenimientos","9":"product_cat-libros-preadolescentes-6-12-anos","11":"first","12":"instock","13":"taxable","14":"shipping-taxable","15":"purchasable","16":"product-type-simple"},"acf":{"autor":"TODOLIBRO","codart":"841951256","libros-coleccion":"","ediciones":"1","encuadernacion":"R\u00fastica","fecha_de_publicacion":"03\/10\/2023","novedad":"1","paginas":"32","subtitulo":"","orden":"0","portada":"0","idioma":"spa","editorial":[{"ID":148885,"post_author":"3","post_date":"2022-10-14 12:01:45","post_date_gmt":"2022-10-14 10:01:45","post_content":"","post_title":"TODOLIBRO","post_excerpt":"","post_status":"publish","comment_status":"closed","ping_status":"closed","post_password":"","post_name":"todolibro","to_ping":"","pinged":"","post_modified":"2022-10-14 12:01:45","post_modified_gmt":"2022-10-14 10:01:45","post_content_filtered":"","post_parent":0,"guid":"http:\/\/dev.claret.cat\/editorial\/todolibro\/","menu_order":0,"post_type":"editorial","post_mime_type":"","comment_count":"0","filter":"raw"}],"autores-libros":[{"ID":170449,"post_author":"3","post_date":"2022-10-14 22:35:25","post_date_gmt":"2022-10-14 20:35:25","post_content":"","post_title":"TODOLIBRO","post_excerpt":"","post_status":"publish","comment_status":"closed","ping_status":"closed","post_password":"","post_name":"todolibro","to_ping":"","pinged":"","post_modified":"2022-10-14 22:35:25","post_modified_gmt":"2022-10-14 20:35:25","post_content_filtered":"","post_parent":0,"guid":"http:\/\/dev.claret.cat\/autor\/todolibro\/","menu_order":0,"post_type":"autor","post_mime_type":"","comment_count":"0","filter":"raw"}]},"aioseo_notices":[],"_links":{"self":[{"href":"https:\/\/www.claret.cat\/es\/wp-json\/wp\/v2\/product\/878123","targetHints":{"allow":["GET"]}}],"collection":[{"href":"https:\/\/www.claret.cat\/es\/wp-json\/wp\/v2\/product"}],"about":[{"href":"https:\/\/www.claret.cat\/es\/wp-json\/wp\/v2\/types\/product"}],"wp:featuredmedia":[{"embeddable":true,"href":"https:\/\/www.claret.cat\/es\/wp-json\/wp\/v2\/media\/878124"}],"wp:attachment":[{"href":"https:\/\/www.claret.cat\/es\/wp-json\/wp\/v2\/media?parent=878123"}],"wp:term":[{"taxonomy":"product_brand","embeddable":true,"href":"https:\/\/www.claret.cat\/es\/wp-json\/wp\/v2\/product_brand?post=878123"},{"taxonomy":"product_cat","embeddable":true,"href":"https:\/\/www.claret.cat\/es\/wp-json\/wp\/v2\/product_cat?post=878123"},{"taxonomy":"product_tag","embeddable":true,"href":"https:\/\/www.claret.cat\/es\/wp-json\/wp\/v2\/product_tag?post=878123"}],"curies":[{"name":"wp","href":"https:\/\/api.w.org\/{rel}","templated":true}]}}