{"id":878131,"date":"2023-10-03T16:10:23","date_gmt":"2023-10-03T14:10:23","guid":{"rendered":"https:\/\/www.claret.cat\/llibre\/palabras-espanol-ingles-9788419512727\/"},"modified":"2023-10-30T17:14:25","modified_gmt":"2023-10-30T16:14:25","slug":"palabras-espanol-ingles-9788419512727","status":"publish","type":"product","link":"https:\/\/www.claret.cat\/es\/libro\/palabras-espanol-ingles-9788419512727\/","title":{"rendered":"PALABRAS ESPA\u00d1OL INGL\u00c9S"},"content":{"rendered":"<p>Aprende ingl\u00e9s con este fant\u00e1stico libro pensado para ampliar tu vocabulario y conocer las palabras m\u00e1s importantes del mundo que te rodea.<\/p>\n","protected":false},"excerpt":{"rendered":"<p>TODOLIBRO<\/p>\n","protected":false},"featured_media":878132,"template":"","meta":{"_acf_changed":false,"om_disable_all_campaigns":false,"rs_blank_template":"","rs_page_bg_color":"","slide_template_v7":"","inline_featured_image":false,"_monsterinsights_skip_tracking":false,"_monsterinsights_sitenote_active":false,"_monsterinsights_sitenote_note":"","_monsterinsights_sitenote_category":0},"product_brand":[],"product_cat":[132,362],"product_tag":[],"class_list":{"0":"post-878131","1":"product","2":"type-product","3":"status-publish","4":"has-post-thumbnail","6":"product_cat-lectures-per-preadolescents-6-12-anys","7":"product_cat-libros-preadolescentes-6-12-anos","9":"first","10":"instock","11":"taxable","12":"shipping-taxable","13":"purchasable","14":"product-type-simple"},"acf":{"autor":"TODOLIBRO","codart":"841951272","libros-coleccion":"","ediciones":"1","encuadernacion":"R\u00fastica","fecha_de_publicacion":"03\/10\/2023","novedad":"1","paginas":"61","subtitulo":"","orden":"0","portada":"0","idioma":"spa","editorial":[{"ID":148885,"post_author":"3","post_date":"2022-10-14 12:01:45","post_date_gmt":"2022-10-14 10:01:45","post_content":"","post_title":"TODOLIBRO","post_excerpt":"","post_status":"publish","comment_status":"closed","ping_status":"closed","post_password":"","post_name":"todolibro","to_ping":"","pinged":"","post_modified":"2022-10-14 12:01:45","post_modified_gmt":"2022-10-14 10:01:45","post_content_filtered":"","post_parent":0,"guid":"http:\/\/dev.claret.cat\/editorial\/todolibro\/","menu_order":0,"post_type":"editorial","post_mime_type":"","comment_count":"0","filter":"raw"}],"autores-libros":[{"ID":170449,"post_author":"3","post_date":"2022-10-14 22:35:25","post_date_gmt":"2022-10-14 20:35:25","post_content":"","post_title":"TODOLIBRO","post_excerpt":"","post_status":"publish","comment_status":"closed","ping_status":"closed","post_password":"","post_name":"todolibro","to_ping":"","pinged":"","post_modified":"2022-10-14 22:35:25","post_modified_gmt":"2022-10-14 20:35:25","post_content_filtered":"","post_parent":0,"guid":"http:\/\/dev.claret.cat\/autor\/todolibro\/","menu_order":0,"post_type":"autor","post_mime_type":"","comment_count":"0","filter":"raw"}]},"aioseo_notices":[],"_links":{"self":[{"href":"https:\/\/www.claret.cat\/es\/wp-json\/wp\/v2\/product\/878131","targetHints":{"allow":["GET"]}}],"collection":[{"href":"https:\/\/www.claret.cat\/es\/wp-json\/wp\/v2\/product"}],"about":[{"href":"https:\/\/www.claret.cat\/es\/wp-json\/wp\/v2\/types\/product"}],"wp:featuredmedia":[{"embeddable":true,"href":"https:\/\/www.claret.cat\/es\/wp-json\/wp\/v2\/media\/878132"}],"wp:attachment":[{"href":"https:\/\/www.claret.cat\/es\/wp-json\/wp\/v2\/media?parent=878131"}],"wp:term":[{"taxonomy":"product_brand","embeddable":true,"href":"https:\/\/www.claret.cat\/es\/wp-json\/wp\/v2\/product_brand?post=878131"},{"taxonomy":"product_cat","embeddable":true,"href":"https:\/\/www.claret.cat\/es\/wp-json\/wp\/v2\/product_cat?post=878131"},{"taxonomy":"product_tag","embeddable":true,"href":"https:\/\/www.claret.cat\/es\/wp-json\/wp\/v2\/product_tag?post=878131"}],"curies":[{"name":"wp","href":"https:\/\/api.w.org\/{rel}","templated":true}]}}