{"id":878147,"date":"2023-10-03T16:20:03","date_gmt":"2023-10-03T14:20:03","guid":{"rendered":"https:\/\/www.claret.cat\/llibre\/animales-en-ingles-9788418755026\/"},"modified":"2023-10-11T00:29:08","modified_gmt":"2023-10-10T22:29:08","slug":"animales-en-ingles-9788418755026","status":"publish","type":"product","link":"https:\/\/www.claret.cat\/es\/libro\/animales-en-ingles-9788418755026\/","title":{"rendered":"ANIMALES EN INGL\u00c9S"},"content":{"rendered":"<p>Una divertida baraja con 52 cartas para que los m\u00e1s peque\u00f1os aprendan jugando un mont\u00f3n de nombres de animales en ingl\u00e9s. Con simp\u00e1ticas ilustraciones a todo color.<\/p>\n","protected":false},"excerpt":{"rendered":"<p>TODOLIBRO<\/p>\n","protected":false},"featured_media":878148,"template":"","meta":{"_acf_changed":false,"om_disable_all_campaigns":false,"rs_blank_template":"","rs_page_bg_color":"","slide_template_v7":"","inline_featured_image":false,"_monsterinsights_skip_tracking":false,"_monsterinsights_sitenote_active":false,"_monsterinsights_sitenote_note":"","_monsterinsights_sitenote_category":0},"product_brand":[],"product_cat":[131,361,135,365,136,366],"product_tag":[],"class_list":{"0":"post-878147","1":"product","2":"type-product","3":"status-publish","4":"has-post-thumbnail","6":"product_cat-contes-per-infants-0-6-anys","7":"product_cat-cuentos-para-ninos-0-6-anos","8":"product_cat-entreteniment","9":"product_cat-entretenimientos","10":"product_cat-jocs-destimulacio","11":"product_cat-juegos-de-estimulacion","13":"first","14":"instock","15":"taxable","16":"shipping-taxable","17":"purchasable","18":"product-type-simple"},"acf":{"autor":"TODOLIBRO","codart":"841875502","libros-coleccion":"","ediciones":"1","encuadernacion":"R\u00fastica","fecha_de_publicacion":"03\/10\/2023","novedad":"1","paginas":"1","subtitulo":"","orden":"0","portada":"0","idioma":"spa","editorial":[{"ID":148885,"post_author":"3","post_date":"2022-10-14 12:01:45","post_date_gmt":"2022-10-14 10:01:45","post_content":"","post_title":"TODOLIBRO","post_excerpt":"","post_status":"publish","comment_status":"closed","ping_status":"closed","post_password":"","post_name":"todolibro","to_ping":"","pinged":"","post_modified":"2022-10-14 12:01:45","post_modified_gmt":"2022-10-14 10:01:45","post_content_filtered":"","post_parent":0,"guid":"http:\/\/dev.claret.cat\/editorial\/todolibro\/","menu_order":0,"post_type":"editorial","post_mime_type":"","comment_count":"0","filter":"raw"}],"autores-libros":[{"ID":170449,"post_author":"3","post_date":"2022-10-14 22:35:25","post_date_gmt":"2022-10-14 20:35:25","post_content":"","post_title":"TODOLIBRO","post_excerpt":"","post_status":"publish","comment_status":"closed","ping_status":"closed","post_password":"","post_name":"todolibro","to_ping":"","pinged":"","post_modified":"2022-10-14 22:35:25","post_modified_gmt":"2022-10-14 20:35:25","post_content_filtered":"","post_parent":0,"guid":"http:\/\/dev.claret.cat\/autor\/todolibro\/","menu_order":0,"post_type":"autor","post_mime_type":"","comment_count":"0","filter":"raw"}]},"aioseo_notices":[],"_links":{"self":[{"href":"https:\/\/www.claret.cat\/es\/wp-json\/wp\/v2\/product\/878147","targetHints":{"allow":["GET"]}}],"collection":[{"href":"https:\/\/www.claret.cat\/es\/wp-json\/wp\/v2\/product"}],"about":[{"href":"https:\/\/www.claret.cat\/es\/wp-json\/wp\/v2\/types\/product"}],"wp:featuredmedia":[{"embeddable":true,"href":"https:\/\/www.claret.cat\/es\/wp-json\/wp\/v2\/media\/878148"}],"wp:attachment":[{"href":"https:\/\/www.claret.cat\/es\/wp-json\/wp\/v2\/media?parent=878147"}],"wp:term":[{"taxonomy":"product_brand","embeddable":true,"href":"https:\/\/www.claret.cat\/es\/wp-json\/wp\/v2\/product_brand?post=878147"},{"taxonomy":"product_cat","embeddable":true,"href":"https:\/\/www.claret.cat\/es\/wp-json\/wp\/v2\/product_cat?post=878147"},{"taxonomy":"product_tag","embeddable":true,"href":"https:\/\/www.claret.cat\/es\/wp-json\/wp\/v2\/product_tag?post=878147"}],"curies":[{"name":"wp","href":"https:\/\/api.w.org\/{rel}","templated":true}]}}