{"id":87818,"date":"2022-10-11T18:09:35","date_gmt":"2022-10-11T16:09:35","guid":{"rendered":"http:\/\/dev.claret.cat\/producte\/la-celestina-2\/"},"modified":"2023-01-28T00:55:38","modified_gmt":"2023-01-27T23:55:38","slug":"la-celestina-9788467048551","status":"publish","type":"product","link":"https:\/\/www.claret.cat\/es\/libro\/la-celestina-9788467048551\/","title":{"rendered":"LA CELESTINA"},"content":{"rendered":"<p>El volumen incluye, junto a la edici\u00f3n anotada del texto\u00a0y un amplio aparato cr\u00edtico, estudios de Guillermo\u00a0Ser\u00e9s, \u00cd\u00f1igo Ruiz Arz\u00e1lluz, Carlos Mota y Francisco J.\u00a0Lobera que abordan cuestiones como los autores de la\u00a0obra, su g\u00e9nero y fuentes, su contenido y su transmisi\u00f3n\u00a0textual.\u00a0<br \/> La obra de Fernando de Rojas constituye una inequ\u00edvoca\u00a0advertencia contra quienes pierden el sentido del\u00a0bien y del mal por someterse a sus pasiones, contra las\u00a0alcahuetas hechiceras, contra los criados desleales y codiciosos.<br \/>Puede decirse que fue un cl\u00e1sico propiamente\u00a0dicho pr\u00e1cticamente desde su aparici\u00f3n.<\/p>\n","protected":false},"excerpt":{"rendered":"<p>ROJAS, FERNANDO DE<\/p>\n","protected":false},"featured_media":87819,"template":"","meta":{"_acf_changed":false,"om_disable_all_campaigns":false,"rs_blank_template":"","rs_page_bg_color":"","slide_template_v7":"","inline_featured_image":false,"_monsterinsights_skip_tracking":false,"_monsterinsights_sitenote_active":false,"_monsterinsights_sitenote_note":"","_monsterinsights_sitenote_category":0},"product_brand":[],"product_cat":[90,540],"product_tag":[],"class_list":{"0":"post-87818","1":"product","2":"type-product","3":"status-publish","4":"has-post-thumbnail","6":"product_cat-altres","7":"product_cat-otros","9":"first","10":"outofstock","11":"taxable","12":"shipping-taxable","13":"purchasable","14":"product-type-simple"},"acf":{"editorial":[{"ID":6247,"post_author":"3","post_date":"2022-07-28 17:48:06","post_date_gmt":"2022-07-28 15:48:06","post_content":"","post_title":"ESPASA, EDITORIAL","post_excerpt":"","post_status":"publish","comment_status":"closed","ping_status":"closed","post_password":"","post_name":"espasa-editorial","to_ping":"","pinged":"","post_modified":"2022-07-28 17:48:06","post_modified_gmt":"2022-07-28 15:48:06","post_content_filtered":"","post_parent":0,"guid":"http:\/\/dev.claret.cat\/editorial\/espasa-editorial\/","menu_order":0,"post_type":"editorial","post_mime_type":"","comment_count":"0","filter":"raw"}],"autor":"ROJAS, FERNANDO DE","codart":"846704855","libros-coleccion":"F. COLECCION","ediciones":"1","encuadernacion":"Carton\u00e9","fecha_de_publicacion":"01\/10\/2016","novedad":"1","paginas":"0","subtitulo":"","orden":"0","portada":"0","idioma":"spa","autores-libros":[{"ID":155811,"post_author":"3","post_date":"2022-10-14 15:15:49","post_date_gmt":"2022-10-14 13:15:49","post_content":"","post_title":"FERNANDO DE ROJAS","post_excerpt":"","post_status":"publish","comment_status":"closed","ping_status":"closed","post_password":"","post_name":"fernando-de-rojas","to_ping":"","pinged":"","post_modified":"2022-10-14 15:15:49","post_modified_gmt":"2022-10-14 13:15:49","post_content_filtered":"","post_parent":0,"guid":"http:\/\/dev.claret.cat\/autor\/fernando-de-rojas\/","menu_order":0,"post_type":"autor","post_mime_type":"","comment_count":"0","filter":"raw"}]},"aioseo_notices":[],"_links":{"self":[{"href":"https:\/\/www.claret.cat\/es\/wp-json\/wp\/v2\/product\/87818","targetHints":{"allow":["GET"]}}],"collection":[{"href":"https:\/\/www.claret.cat\/es\/wp-json\/wp\/v2\/product"}],"about":[{"href":"https:\/\/www.claret.cat\/es\/wp-json\/wp\/v2\/types\/product"}],"wp:featuredmedia":[{"embeddable":true,"href":"https:\/\/www.claret.cat\/es\/wp-json\/wp\/v2\/media\/87819"}],"wp:attachment":[{"href":"https:\/\/www.claret.cat\/es\/wp-json\/wp\/v2\/media?parent=87818"}],"wp:term":[{"taxonomy":"product_brand","embeddable":true,"href":"https:\/\/www.claret.cat\/es\/wp-json\/wp\/v2\/product_brand?post=87818"},{"taxonomy":"product_cat","embeddable":true,"href":"https:\/\/www.claret.cat\/es\/wp-json\/wp\/v2\/product_cat?post=87818"},{"taxonomy":"product_tag","embeddable":true,"href":"https:\/\/www.claret.cat\/es\/wp-json\/wp\/v2\/product_tag?post=87818"}],"curies":[{"name":"wp","href":"https:\/\/api.w.org\/{rel}","templated":true}]}}