{"id":878387,"date":"2023-10-04T13:20:59","date_gmt":"2023-10-04T11:20:59","guid":{"rendered":"https:\/\/www.claret.cat\/llibre\/la-isla-del-tesoro-9788432165573\/"},"modified":"2024-05-24T04:03:59","modified_gmt":"2024-05-24T02:03:59","slug":"la-isla-del-tesoro-9788432165573","status":"publish","type":"product","link":"https:\/\/www.claret.cat\/es\/libro\/la-isla-del-tesoro-9788432165573\/","title":{"rendered":"LA ISLA DEL TESORO"},"content":{"rendered":"<p>EL JOVEN JIM HAWKINS DESCUBRE UN MAPA QUE INDICA LA UBICACI\u00d3N DE UN TESORO ESCONDIDO EN UNA ISLA REMOTA. ACOMPA\u00d1ADO POR EL CAPIT\u00c1N PIRATA JOHN SILVER Y SU TRIPULACI\u00d3N, JIM SE EMBARCA EN UN VIAJE LLENO DE PELIGROS Y TRAICIONES.<\/p>\n<p>El joven&nbsp;<strong>Jim Hawkins<\/strong>&nbsp;descubre un mapa que indica la ubicaci\u00f3n de un&nbsp;<strong>tesoro pirata<\/strong>&nbsp;escondido en una isla remota. Acompa\u00f1ado por el capit\u00e1n pirata John Silver y su tripulaci\u00f3n, Jim se embarca en un viaje lleno de peligros y traiciones en busca del tesoro.<\/p>\n<p><\/p>\n<p>Con personajes memorables y una narrativa atractiva, la&nbsp;<strong>obra de Stevenson<\/strong>&nbsp;sigue siendo un referente en el g\u00e9nero de aventuras y una experiencia para aquellos que se atrevan a embarcarse en este viaje a lo desconocido.<\/p>\n","protected":false},"excerpt":{"rendered":"<p>STEVENSON, ROBERT LOUIS<\/p>\n","protected":false},"featured_media":878388,"template":"","meta":{"_acf_changed":false,"om_disable_all_campaigns":false,"rs_blank_template":"","rs_page_bg_color":"","slide_template_v7":"","inline_featured_image":false,"_monsterinsights_skip_tracking":false,"_monsterinsights_sitenote_active":false,"_monsterinsights_sitenote_note":"","_monsterinsights_sitenote_category":0},"product_brand":[],"product_cat":[133,117,566,363,127,357],"product_tag":[],"class_list":{"0":"post-878387","1":"product","2":"type-product","3":"status-publish","4":"has-post-thumbnail","6":"product_cat-lectures-per-adolescents-12-18-anys","7":"product_cat-juvenil","8":"product_cat-juvenil-3_infantil-juvenil-spa-spa","9":"product_cat-lecturas-por-adolescentes-12-18-anos","10":"product_cat-novella-contemporania","11":"product_cat-novela-contemporanea","13":"first","14":"instock","15":"taxable","16":"shipping-taxable","17":"purchasable","18":"product-type-simple"},"acf":{"autor":"STEVENSON, ROBERT LOUIS","codart":"843216557","libros-coleccion":"","ediciones":"1","encuadernacion":"R\u00fastica","fecha_de_publicacion":"04\/10\/2023","novedad":"1","paginas":"250","subtitulo":"","orden":"0","portada":"0","idioma":"spa","editorial":[{"ID":6348,"post_author":"3","post_date":"2022-07-28 17:50:16","post_date_gmt":"2022-07-28 15:50:16","post_content":"","post_title":"Rialp","post_excerpt":"","post_status":"publish","comment_status":"closed","ping_status":"closed","post_password":"","post_name":"rialp","to_ping":"","pinged":"","post_modified":"2022-07-28 17:50:16","post_modified_gmt":"2022-07-28 15:50:16","post_content_filtered":"","post_parent":0,"guid":"http:\/\/dev.claret.cat\/editorial\/rialp\/","menu_order":0,"post_type":"editorial","post_mime_type":"","comment_count":"0","filter":"raw"}],"autores-libros":[{"ID":168215,"post_author":"3","post_date":"2022-10-14 18:17:26","post_date_gmt":"2022-10-14 16:17:26","post_content":"","post_title":"ROBERT LOUIS STEVENSON","post_excerpt":"","post_status":"publish","comment_status":"closed","ping_status":"closed","post_password":"","post_name":"robert-louis-stevenson","to_ping":"","pinged":"","post_modified":"2022-10-14 18:17:26","post_modified_gmt":"2022-10-14 16:17:26","post_content_filtered":"","post_parent":0,"guid":"http:\/\/dev.claret.cat\/autor\/robert-louis-stevenson\/","menu_order":0,"post_type":"autor","post_mime_type":"","comment_count":"0","filter":"raw"}]},"aioseo_notices":[],"_links":{"self":[{"href":"https:\/\/www.claret.cat\/es\/wp-json\/wp\/v2\/product\/878387","targetHints":{"allow":["GET"]}}],"collection":[{"href":"https:\/\/www.claret.cat\/es\/wp-json\/wp\/v2\/product"}],"about":[{"href":"https:\/\/www.claret.cat\/es\/wp-json\/wp\/v2\/types\/product"}],"wp:featuredmedia":[{"embeddable":true,"href":"https:\/\/www.claret.cat\/es\/wp-json\/wp\/v2\/media\/878388"}],"wp:attachment":[{"href":"https:\/\/www.claret.cat\/es\/wp-json\/wp\/v2\/media?parent=878387"}],"wp:term":[{"taxonomy":"product_brand","embeddable":true,"href":"https:\/\/www.claret.cat\/es\/wp-json\/wp\/v2\/product_brand?post=878387"},{"taxonomy":"product_cat","embeddable":true,"href":"https:\/\/www.claret.cat\/es\/wp-json\/wp\/v2\/product_cat?post=878387"},{"taxonomy":"product_tag","embeddable":true,"href":"https:\/\/www.claret.cat\/es\/wp-json\/wp\/v2\/product_tag?post=878387"}],"curies":[{"name":"wp","href":"https:\/\/api.w.org\/{rel}","templated":true}]}}