{"id":878523,"date":"2023-10-04T17:25:03","date_gmt":"2023-10-04T15:25:03","guid":{"rendered":"https:\/\/www.claret.cat\/llibre\/cuantas-veces-te-lo-tengo-que-decir-9788419662217\/"},"modified":"2025-03-18T11:30:34","modified_gmt":"2025-03-18T10:30:34","slug":"cuantas-veces-te-lo-tengo-que-decir-9788419662217","status":"publish","type":"product","link":"https:\/\/www.claret.cat\/es\/libro\/cuantas-veces-te-lo-tengo-que-decir-9788419662217\/","title":{"rendered":"\u00bfCU\u00c1NTAS VECES TE LO TENGO QUE DECIR?"},"content":{"rendered":"<p>\u00bfCu\u00e1ntas veces les decimos las mismas cosas a nuestros hijos y no nos hacen caso? \u00bfCu\u00e1ntas veces hemos de comprobar que no funciona para descartarlo como soluci\u00f3n y hacer algo diferente?<\/p>\n<p> La psic\u00f3loga Maribel Mart\u00ednez, especialista y pionera en terapia breve estrat\u00e9gica, propone pautas eficaces y sencillas para conseguir que los hijos sean aut\u00f3nomos<br \/> y tengan autoestima. Lo expone a partir de ejemplos reales y concretos de las dificultades con las que nos enfrentamos los padres cotidianamente. Es decir, c\u00f3mo<br \/> educar sin sobreproteger, desde el amor y valores como:<\/p>\n<p> \u2022 El respeto: empezando por los padres y los hermanos<br \/> \u2022 La autonom\u00eda personal: vestirse, estudiar, comer, dormir<br \/> \u2022 La responsabilidad: deberes, colaboraci\u00f3n en casa, puntualidad<br \/> \u2022 La inteligencia emocional: miedos, frustraci\u00f3n, pataletas, l\u00edmites, rabia<br \/> \u2022 La utilizaci\u00f3n de las pantallas: m\u00f3vil, consolas, ordenador, tablet, tv<\/p>\n<p> Como en la pr\u00e1ctica profesional, en cada cap\u00edtulo se parte de un caso concreto, se observa c\u00f3mo se ha creado el problema y qu\u00e9 intentos de soluci\u00f3n se han llevado a cabo sin resultado satisfactorio. Se especifica a continuaci\u00f3n el objetivo real que se trata de alcanzar y se aportan estrategias pr\u00e1cticas para que padres y madres puedan resolver el conflicto con eficacia.<\/p>\n","protected":false},"excerpt":{"rendered":"<p>MART\u00cdNEZ, MARIBEL<\/p>\n","protected":false},"featured_media":878594,"template":"","meta":{"_acf_changed":false,"om_disable_all_campaigns":false,"rs_blank_template":"","rs_page_bg_color":"","slide_template_v7":"","inline_featured_image":false,"_monsterinsights_skip_tracking":false,"_monsterinsights_sitenote_active":false,"_monsterinsights_sitenote_note":"","_monsterinsights_sitenote_category":0},"product_brand":[],"product_cat":[100,550],"product_tag":[],"class_list":{"0":"post-878523","1":"product","2":"type-product","3":"status-publish","4":"has-post-thumbnail","6":"product_cat-escola-de-pares","7":"product_cat-escuela-de-padres-3_infantil-juvenil-spa-spa","9":"first","10":"instock","11":"taxable","12":"shipping-taxable","13":"purchasable","14":"product-type-simple"},"acf":{"autor":"MART\u00cdNEZ, MARIBEL","codart":"841966221","libros-coleccion":"PRACTICA","ediciones":"1","encuadernacion":"R\u00fastica","fecha_de_publicacion":"01\/10\/2023","novedad":"1","paginas":"208","subtitulo":"","orden":"0","portada":"0","idioma":"spa","editorial":[{"ID":419230,"post_author":"3","post_date":"2023-05-08 22:49:53","post_date_gmt":"2023-05-08 20:49:53","post_content":"","post_title":"Arpa Pr\u00e1ctica","post_excerpt":"","post_status":"publish","comment_status":"closed","ping_status":"closed","post_password":"","post_name":"arpa-practica-38","to_ping":"","pinged":"","post_modified":"2023-05-08 22:49:53","post_modified_gmt":"2023-05-08 20:49:53","post_content_filtered":"","post_parent":0,"guid":"https:\/\/www.claret.cat\/editorial\/arpa-practica-38\/","menu_order":0,"post_type":"editorial","post_mime_type":"","comment_count":"0","filter":"raw"}],"autores-libros":[{"ID":426220,"post_author":"3","post_date":"2023-05-16 08:40:06","post_date_gmt":"2023-05-16 06:40:06","post_content":"","post_title":"MARIBEL MART\u00cdNEZ","post_excerpt":"","post_status":"publish","comment_status":"closed","ping_status":"closed","post_password":"","post_name":"maribel-martinez","to_ping":"","pinged":"","post_modified":"2023-05-16 08:40:06","post_modified_gmt":"2023-05-16 06:40:06","post_content_filtered":"","post_parent":0,"guid":"https:\/\/www.claret.cat\/autor\/maribel-martinez\/","menu_order":0,"post_type":"autor","post_mime_type":"","comment_count":"0","filter":"raw"}]},"aioseo_notices":[],"_links":{"self":[{"href":"https:\/\/www.claret.cat\/es\/wp-json\/wp\/v2\/product\/878523","targetHints":{"allow":["GET"]}}],"collection":[{"href":"https:\/\/www.claret.cat\/es\/wp-json\/wp\/v2\/product"}],"about":[{"href":"https:\/\/www.claret.cat\/es\/wp-json\/wp\/v2\/types\/product"}],"wp:featuredmedia":[{"embeddable":true,"href":"https:\/\/www.claret.cat\/es\/wp-json\/wp\/v2\/media\/878594"}],"wp:attachment":[{"href":"https:\/\/www.claret.cat\/es\/wp-json\/wp\/v2\/media?parent=878523"}],"wp:term":[{"taxonomy":"product_brand","embeddable":true,"href":"https:\/\/www.claret.cat\/es\/wp-json\/wp\/v2\/product_brand?post=878523"},{"taxonomy":"product_cat","embeddable":true,"href":"https:\/\/www.claret.cat\/es\/wp-json\/wp\/v2\/product_cat?post=878523"},{"taxonomy":"product_tag","embeddable":true,"href":"https:\/\/www.claret.cat\/es\/wp-json\/wp\/v2\/product_tag?post=878523"}],"curies":[{"name":"wp","href":"https:\/\/api.w.org\/{rel}","templated":true}]}}