{"id":878530,"date":"2023-10-04T17:55:04","date_gmt":"2023-10-04T15:55:04","guid":{"rendered":"https:\/\/www.claret.cat\/llibre\/una-vida-a-les-muntanyes-9788411730204\/"},"modified":"2026-01-04T12:35:05","modified_gmt":"2026-01-04T11:35:05","slug":"una-vida-a-les-muntanyes-9788411730204","status":"publish","type":"product","link":"https:\/\/www.claret.cat\/es\/libro\/una-vida-a-les-muntanyes-9788411730204\/","title":{"rendered":"UNA VIDA A LES MUNTANYES"},"content":{"rendered":"<p>Cent anys d?ofici, determinaci\u00f3 i resili\u00e8ncia; Una crida a preservar el coneixement i les tradicions de les muntanyes.A Bruguera, un petit poble al peu del Taga, hi viu la pastora m\u00e9s vella de Catalunya. Amb quasi cent anys, la Marina Vilalta segueix exercint un ofici que estima per\u00f2 que t\u00e9 un futur incert. Un ofici sacrificat que requereix dedicaci\u00f3 i paci\u00e8ncia i que est\u00e0 \u00edntimament lligat a la terra.&nbsp;La hist\u00f2ria de la Marina, que cobreix un segle, ens permet mirar a la muntanya amb tota la seva immensitat i con\u00e8ixer els que la treballen, els que s?hi han amagat o escapat i els animals que hi viuen salvatges. Ens presenta la for\u00e7a de la natura sobre l?home i com aquest, amb els anys, ha apr\u00e8s a entendre-la, preveure-la i i conviure-hi. La hist\u00f2ria de la Marina ens amplia la mirada sobre el m\u00f3n rural i la saviesa popular del nostre pa\u00eds.<\/p>\n","protected":false},"excerpt":{"rendered":"<p>ORRIOLS GARCIA, ABRAHAM<\/p>\n","protected":false},"featured_media":878596,"template":"","meta":{"_acf_changed":false,"om_disable_all_campaigns":false,"rs_blank_template":"","rs_page_bg_color":"","slide_template_v7":"","inline_featured_image":false,"_monsterinsights_skip_tracking":false,"_monsterinsights_sitenote_active":false,"_monsterinsights_sitenote_note":"","_monsterinsights_sitenote_category":0},"product_brand":[],"product_cat":[430,153],"product_tag":[],"class_list":{"0":"post-878530","1":"product","2":"type-product","3":"status-publish","4":"has-post-thumbnail","6":"product_cat-cataluna","7":"product_cat-catalunya","9":"first","10":"instock","11":"taxable","12":"shipping-taxable","13":"purchasable","14":"product-type-simple"},"acf":{"autor":"ORRIOLS GARCIA, ABRAHAM","codart":"841173020","libros-coleccion":"","ediciones":"1","encuadernacion":"R\u00fastica","fecha_de_publicacion":"01\/09\/2023","novedad":"1","paginas":"186","subtitulo":"LA PASTORA MIARINA VILALTA, UN SEGLE ARRELADA A LA TERRA","orden":"0","portada":"0","idioma":"cat","editorial":[{"ID":147453,"post_author":"3","post_date":"2022-10-14 11:50:42","post_date_gmt":"2022-10-14 09:50:42","post_content":"","post_title":"ARA LLIBRES","post_excerpt":"","post_status":"publish","comment_status":"closed","ping_status":"closed","post_password":"","post_name":"ara-llibres","to_ping":"","pinged":"","post_modified":"2022-10-14 11:50:42","post_modified_gmt":"2022-10-14 09:50:42","post_content_filtered":"","post_parent":0,"guid":"http:\/\/dev.claret.cat\/editorial\/ara-llibres\/","menu_order":0,"post_type":"editorial","post_mime_type":"","comment_count":"0","filter":"raw"}],"autores-libros":[{"ID":878565,"post_author":"3","post_date":"2023-10-04 18:45:10","post_date_gmt":"2023-10-04 16:45:10","post_content":"","post_title":"ABRAHAM ORRIOLS GARCIA","post_excerpt":"","post_status":"publish","comment_status":"closed","ping_status":"closed","post_password":"","post_name":"abraham-orriols-garcia","to_ping":"","pinged":"","post_modified":"2023-10-04 18:45:10","post_modified_gmt":"2023-10-04 16:45:10","post_content_filtered":"","post_parent":0,"guid":"https:\/\/www.claret.cat\/autor\/abraham-orriols-garcia\/","menu_order":0,"post_type":"autor","post_mime_type":"","comment_count":"0","filter":"raw"}],"booktrailer":"","resenas":""},"aioseo_notices":[],"_links":{"self":[{"href":"https:\/\/www.claret.cat\/es\/wp-json\/wp\/v2\/product\/878530","targetHints":{"allow":["GET"]}}],"collection":[{"href":"https:\/\/www.claret.cat\/es\/wp-json\/wp\/v2\/product"}],"about":[{"href":"https:\/\/www.claret.cat\/es\/wp-json\/wp\/v2\/types\/product"}],"wp:featuredmedia":[{"embeddable":true,"href":"https:\/\/www.claret.cat\/es\/wp-json\/wp\/v2\/media\/878596"}],"wp:attachment":[{"href":"https:\/\/www.claret.cat\/es\/wp-json\/wp\/v2\/media?parent=878530"}],"wp:term":[{"taxonomy":"product_brand","embeddable":true,"href":"https:\/\/www.claret.cat\/es\/wp-json\/wp\/v2\/product_brand?post=878530"},{"taxonomy":"product_cat","embeddable":true,"href":"https:\/\/www.claret.cat\/es\/wp-json\/wp\/v2\/product_cat?post=878530"},{"taxonomy":"product_tag","embeddable":true,"href":"https:\/\/www.claret.cat\/es\/wp-json\/wp\/v2\/product_tag?post=878530"}],"curies":[{"name":"wp","href":"https:\/\/api.w.org\/{rel}","templated":true}]}}