{"id":878546,"date":"2023-10-04T18:20:03","date_gmt":"2023-10-04T16:20:03","guid":{"rendered":"https:\/\/www.claret.cat\/llibre\/agua-magica-halloween-9788412653649\/"},"modified":"2023-10-31T12:38:21","modified_gmt":"2023-10-31T11:38:21","slug":"agua-magica-halloween-9788412653649","status":"publish","type":"product","link":"https:\/\/www.claret.cat\/es\/libro\/agua-magica-halloween-9788412653649\/","title":{"rendered":"AGUA M\u00c1GICA HALLOWEEN"},"content":{"rendered":"<p>El Halloween llega cargado de vivos colores para ti. Hazte con un pincel (no incluido) y humedece con un poco de agua las partes blancas de cada dibujo. Tambi\u00e9n puedes hacerlo directamente con el dedo. \u00a1Es pura magia! \u00bfDescubrir\u00e1s los secretos que esconden? Una vez secos, los colores desaparecer\u00e1n y podr\u00e1s empezar de nuevo. Deja el libro abierto para que se seque m\u00e1s r\u00e1pido y prep\u00e1rate para horas y horas de diversi\u00f3n. \u00bfQuieres m\u00e1s? No te pierdas &#8221;Agua m\u00e1gica con la Unicornio&#8221; y &#8221;Agua m\u00e1gica con el Drag\u00f3n&#8221;.<\/p>\n","protected":false},"excerpt":{"rendered":"<p>STUDIO IMAGEBOOKS<\/p>\n","protected":false},"featured_media":878584,"template":"","meta":{"_acf_changed":false,"om_disable_all_campaigns":false,"rs_blank_template":"","rs_page_bg_color":"","slide_template_v7":"","inline_featured_image":false,"_monsterinsights_skip_tracking":false,"_monsterinsights_sitenote_active":false,"_monsterinsights_sitenote_note":"","_monsterinsights_sitenote_category":0},"product_brand":[],"product_cat":[131,361],"product_tag":[],"class_list":{"0":"post-878546","1":"product","2":"type-product","3":"status-publish","4":"has-post-thumbnail","6":"product_cat-contes-per-infants-0-6-anys","7":"product_cat-cuentos-para-ninos-0-6-anos","9":"first","10":"instock","11":"taxable","12":"shipping-taxable","13":"purchasable","14":"product-type-simple"},"acf":{"autor":"STUDIO IMAGEBOOKS","codart":"841265364","libros-coleccion":"Imagina","ediciones":"1","encuadernacion":"Carton\u00e9","fecha_de_publicacion":"01\/09\/2023","novedad":"1","paginas":"12","subtitulo":"","orden":"0","portada":"0","idioma":"spa","editorial":[{"ID":6286,"post_author":"3","post_date":"2022-07-28 17:48:56","post_date_gmt":"2022-07-28 15:48:56","post_content":"","post_title":"Librooks Barcelona","post_excerpt":"","post_status":"publish","comment_status":"closed","ping_status":"closed","post_password":"","post_name":"librooks-barcelona","to_ping":"","pinged":"","post_modified":"2022-07-28 17:48:56","post_modified_gmt":"2022-07-28 15:48:56","post_content_filtered":"","post_parent":0,"guid":"http:\/\/dev.claret.cat\/editorial\/librooks-barcelona\/","menu_order":0,"post_type":"editorial","post_mime_type":"","comment_count":"0","filter":"raw"}],"autores-libros":[{"ID":263924,"post_author":"3","post_date":"2022-12-01 11:22:07","post_date_gmt":"2022-12-01 10:22:07","post_content":"","post_title":"STUDIO IMAGEBOOKS","post_excerpt":"","post_status":"publish","comment_status":"closed","ping_status":"closed","post_password":"","post_name":"studio-imagebooks","to_ping":"","pinged":"","post_modified":"2022-12-01 11:22:07","post_modified_gmt":"2022-12-01 10:22:07","post_content_filtered":"","post_parent":0,"guid":"http:\/\/dev.claret.cat\/autor\/studio-imagebooks\/","menu_order":0,"post_type":"autor","post_mime_type":"","comment_count":"0","filter":"raw"}]},"aioseo_notices":[],"_links":{"self":[{"href":"https:\/\/www.claret.cat\/es\/wp-json\/wp\/v2\/product\/878546","targetHints":{"allow":["GET"]}}],"collection":[{"href":"https:\/\/www.claret.cat\/es\/wp-json\/wp\/v2\/product"}],"about":[{"href":"https:\/\/www.claret.cat\/es\/wp-json\/wp\/v2\/types\/product"}],"wp:featuredmedia":[{"embeddable":true,"href":"https:\/\/www.claret.cat\/es\/wp-json\/wp\/v2\/media\/878584"}],"wp:attachment":[{"href":"https:\/\/www.claret.cat\/es\/wp-json\/wp\/v2\/media?parent=878546"}],"wp:term":[{"taxonomy":"product_brand","embeddable":true,"href":"https:\/\/www.claret.cat\/es\/wp-json\/wp\/v2\/product_brand?post=878546"},{"taxonomy":"product_cat","embeddable":true,"href":"https:\/\/www.claret.cat\/es\/wp-json\/wp\/v2\/product_cat?post=878546"},{"taxonomy":"product_tag","embeddable":true,"href":"https:\/\/www.claret.cat\/es\/wp-json\/wp\/v2\/product_tag?post=878546"}],"curies":[{"name":"wp","href":"https:\/\/api.w.org\/{rel}","templated":true}]}}