{"id":878549,"date":"2023-10-04T18:30:41","date_gmt":"2023-10-04T16:30:41","guid":{"rendered":"https:\/\/www.claret.cat\/llibre\/aigua-magica-halloween-9788412653632\/"},"modified":"2023-10-11T00:26:21","modified_gmt":"2023-10-10T22:26:21","slug":"aigua-magica-halloween-9788412653632","status":"publish","type":"product","link":"https:\/\/www.claret.cat\/es\/libro\/aigua-magica-halloween-9788412653632\/","title":{"rendered":"AIGUA M\u00c0GICA HALLOWEEN"},"content":{"rendered":"<p>El Halloween arriba carregat d&#8221;acolorides sorpreses. Agafa un pinzell (no incl\u00f2s) i humiteja amb una mica d&#8221;aigua les parts blanques de cada dibuix. Tamb\u00e9 pots fer-ho directament amb el dit. \u00c9s m\u00e0gia! Descobrir\u00e0s un munt de secrets amagats! Un cop sec, els colors desapareixeran i podr\u00e0s comen\u00e7ar de nou. Deixa el llibre obert perqu\u00e8 s&#8221;assequi m\u00e9s r\u00e0pid i prepara&#8221;t per a hores i hores de diversi\u00f3. En vols m\u00e9s? No et perdis &#8216;Aigua m\u00e0gica amb el Drac&#8217; i &#8216;Aigua m\u00e0gica amb la unicorn&#8217;.<\/p>\n","protected":false},"excerpt":{"rendered":"<p>STUDIO IMAGEBOOKS<\/p>\n","protected":false},"featured_media":878582,"template":"","meta":{"_acf_changed":false,"om_disable_all_campaigns":false,"rs_blank_template":"","rs_page_bg_color":"","slide_template_v7":"","inline_featured_image":false,"_monsterinsights_skip_tracking":false,"_monsterinsights_sitenote_active":false,"_monsterinsights_sitenote_note":"","_monsterinsights_sitenote_category":0},"product_brand":[],"product_cat":[131,361],"product_tag":[],"class_list":{"0":"post-878549","1":"product","2":"type-product","3":"status-publish","4":"has-post-thumbnail","6":"product_cat-contes-per-infants-0-6-anys","7":"product_cat-cuentos-para-ninos-0-6-anos","9":"first","10":"instock","11":"taxable","12":"shipping-taxable","13":"purchasable","14":"product-type-simple"},"acf":{"autor":"STUDIO IMAGEBOOKS","codart":"841265363","libros-coleccion":"Imagina","ediciones":"1","encuadernacion":"Carton\u00e9","fecha_de_publicacion":"01\/09\/2023","novedad":"1","paginas":"12","subtitulo":"","orden":"0","portada":"0","idioma":"cat","editorial":[{"ID":6286,"post_author":"3","post_date":"2022-07-28 17:48:56","post_date_gmt":"2022-07-28 15:48:56","post_content":"","post_title":"Librooks Barcelona","post_excerpt":"","post_status":"publish","comment_status":"closed","ping_status":"closed","post_password":"","post_name":"librooks-barcelona","to_ping":"","pinged":"","post_modified":"2022-07-28 17:48:56","post_modified_gmt":"2022-07-28 15:48:56","post_content_filtered":"","post_parent":0,"guid":"http:\/\/dev.claret.cat\/editorial\/librooks-barcelona\/","menu_order":0,"post_type":"editorial","post_mime_type":"","comment_count":"0","filter":"raw"}],"autores-libros":[{"ID":263924,"post_author":"3","post_date":"2022-12-01 11:22:07","post_date_gmt":"2022-12-01 10:22:07","post_content":"","post_title":"STUDIO IMAGEBOOKS","post_excerpt":"","post_status":"publish","comment_status":"closed","ping_status":"closed","post_password":"","post_name":"studio-imagebooks","to_ping":"","pinged":"","post_modified":"2022-12-01 11:22:07","post_modified_gmt":"2022-12-01 10:22:07","post_content_filtered":"","post_parent":0,"guid":"http:\/\/dev.claret.cat\/autor\/studio-imagebooks\/","menu_order":0,"post_type":"autor","post_mime_type":"","comment_count":"0","filter":"raw"}]},"aioseo_notices":[],"_links":{"self":[{"href":"https:\/\/www.claret.cat\/es\/wp-json\/wp\/v2\/product\/878549","targetHints":{"allow":["GET"]}}],"collection":[{"href":"https:\/\/www.claret.cat\/es\/wp-json\/wp\/v2\/product"}],"about":[{"href":"https:\/\/www.claret.cat\/es\/wp-json\/wp\/v2\/types\/product"}],"wp:featuredmedia":[{"embeddable":true,"href":"https:\/\/www.claret.cat\/es\/wp-json\/wp\/v2\/media\/878582"}],"wp:attachment":[{"href":"https:\/\/www.claret.cat\/es\/wp-json\/wp\/v2\/media?parent=878549"}],"wp:term":[{"taxonomy":"product_brand","embeddable":true,"href":"https:\/\/www.claret.cat\/es\/wp-json\/wp\/v2\/product_brand?post=878549"},{"taxonomy":"product_cat","embeddable":true,"href":"https:\/\/www.claret.cat\/es\/wp-json\/wp\/v2\/product_cat?post=878549"},{"taxonomy":"product_tag","embeddable":true,"href":"https:\/\/www.claret.cat\/es\/wp-json\/wp\/v2\/product_tag?post=878549"}],"curies":[{"name":"wp","href":"https:\/\/api.w.org\/{rel}","templated":true}]}}