{"id":878553,"date":"2023-10-04T18:35:24","date_gmt":"2023-10-04T16:35:24","guid":{"rendered":"https:\/\/www.claret.cat\/llibre\/piquem-de-mans-9788416774661\/"},"modified":"2025-01-31T15:45:07","modified_gmt":"2025-01-31T14:45:07","slug":"piquem-de-mans-9788416774661","status":"publish","type":"product","link":"https:\/\/www.claret.cat\/es\/libro\/piquem-de-mans-9788416774661\/","title":{"rendered":"PIQUEM DE MANS!"},"content":{"rendered":"<p>Per fi can\u00e7ons de picar de mans modernes? i en catal\u00e0!Canta i balla mentre llegeixes la hist\u00f2ria de la pirata Renata, prepares pocions amb les bruixes, fas de detectiu per esbrinar qui ha robat el diamant? i molt m\u00e9s! Ets capa\u00e7 de memoritzar els passos d?aquestes vuit can\u00e7ons i seguir-ne la lletra?&nbsp;<br \/>Cada can\u00e7\u00f3 cont\u00e9 una hist\u00f2ria plena de m\u00e0gia, la lletra perqu\u00e8 puguis cantar-la i la coreografia amb tot d?il\u00b7lustracions divertides. A m\u00e9s, podr\u00e0s consultar el codi QR per assegurar-te que no t?oblides de cap pas. Picar de mans mai ha sigut tan divertit!<\/p>\n","protected":false},"excerpt":{"rendered":"<p>ARJUNA, RIKKI \/ REYES FERN\u00c1NDEZ, ARIADNA<\/p>\n","protected":false},"featured_media":878576,"template":"","meta":{"_acf_changed":false,"om_disable_all_campaigns":false,"rs_blank_template":"","rs_page_bg_color":"","slide_template_v7":"","inline_featured_image":false,"_monsterinsights_skip_tracking":false,"_monsterinsights_sitenote_active":false,"_monsterinsights_sitenote_note":"","_monsterinsights_sitenote_category":0},"product_brand":[],"product_cat":[131,361],"product_tag":[],"class_list":{"0":"post-878553","1":"product","2":"type-product","3":"status-publish","4":"has-post-thumbnail","6":"product_cat-contes-per-infants-0-6-anys","7":"product_cat-cuentos-para-ninos-0-6-anos","9":"first","10":"instock","11":"taxable","12":"shipping-taxable","13":"purchasable","14":"product-type-simple"},"acf":{"autor":"ARJUNA, RIKKI \/ REYES FERN\u00c1NDEZ, ARIADNA","codart":"841677466","libros-coleccion":"","ediciones":"1","encuadernacion":"Carton\u00e9","fecha_de_publicacion":"01\/09\/2023","novedad":"1","paginas":"48","subtitulo":"NOVES CAN\u00c7ONS PER CANTAR I JUGAR EN CATAL\u00c0","orden":"0","portada":"0","idioma":"cat","editorial":[{"ID":413904,"post_author":"3","post_date":"2023-03-23 14:25:46","post_date_gmt":"2023-03-23 13:25:46","post_content":"","post_title":"Inuk","post_excerpt":"","post_status":"publish","comment_status":"closed","ping_status":"closed","post_password":"","post_name":"inuk","to_ping":"","pinged":"","post_modified":"2023-03-23 14:25:46","post_modified_gmt":"2023-03-23 13:25:46","post_content_filtered":"","post_parent":0,"guid":"https:\/\/www.claret.cat\/editorial\/inuk\/","menu_order":0,"post_type":"editorial","post_mime_type":"","comment_count":"0","filter":"raw"}],"autores-libros":[{"ID":168140,"post_author":"3","post_date":"2022-10-14 18:16:51","post_date_gmt":"2022-10-14 16:16:51","post_content":"","post_title":"RIKKI ARJUNA","post_excerpt":"","post_status":"publish","comment_status":"closed","ping_status":"closed","post_password":"","post_name":"rikki-arjuna","to_ping":"","pinged":"","post_modified":"2022-10-14 18:16:51","post_modified_gmt":"2022-10-14 16:16:51","post_content_filtered":"","post_parent":0,"guid":"http:\/\/dev.claret.cat\/autor\/rikki-arjuna\/","menu_order":0,"post_type":"autor","post_mime_type":"","comment_count":"0","filter":"raw"},{"ID":878568,"post_author":"3","post_date":"2023-10-04 18:45:54","post_date_gmt":"2023-10-04 16:45:54","post_content":"","post_title":"ARIADNA REYES FERN\u00c1NDEZ","post_excerpt":"","post_status":"publish","comment_status":"closed","ping_status":"closed","post_password":"","post_name":"ariadna-reyes-fernandez","to_ping":"","pinged":"","post_modified":"2023-10-04 18:45:54","post_modified_gmt":"2023-10-04 16:45:54","post_content_filtered":"","post_parent":0,"guid":"https:\/\/www.claret.cat\/autor\/ariadna-reyes-fernandez\/","menu_order":0,"post_type":"autor","post_mime_type":"","comment_count":"0","filter":"raw"}]},"aioseo_notices":[],"_links":{"self":[{"href":"https:\/\/www.claret.cat\/es\/wp-json\/wp\/v2\/product\/878553","targetHints":{"allow":["GET"]}}],"collection":[{"href":"https:\/\/www.claret.cat\/es\/wp-json\/wp\/v2\/product"}],"about":[{"href":"https:\/\/www.claret.cat\/es\/wp-json\/wp\/v2\/types\/product"}],"wp:featuredmedia":[{"embeddable":true,"href":"https:\/\/www.claret.cat\/es\/wp-json\/wp\/v2\/media\/878576"}],"wp:attachment":[{"href":"https:\/\/www.claret.cat\/es\/wp-json\/wp\/v2\/media?parent=878553"}],"wp:term":[{"taxonomy":"product_brand","embeddable":true,"href":"https:\/\/www.claret.cat\/es\/wp-json\/wp\/v2\/product_brand?post=878553"},{"taxonomy":"product_cat","embeddable":true,"href":"https:\/\/www.claret.cat\/es\/wp-json\/wp\/v2\/product_cat?post=878553"},{"taxonomy":"product_tag","embeddable":true,"href":"https:\/\/www.claret.cat\/es\/wp-json\/wp\/v2\/product_tag?post=878553"}],"curies":[{"name":"wp","href":"https:\/\/api.w.org\/{rel}","templated":true}]}}