{"id":878562,"date":"2023-10-04T18:40:39","date_gmt":"2023-10-04T16:40:39","guid":{"rendered":"https:\/\/www.claret.cat\/llibre\/el-dia-de-la-familia-9788419607942\/"},"modified":"2023-10-11T00:26:13","modified_gmt":"2023-10-10T22:26:13","slug":"el-dia-de-la-familia-9788419607942","status":"publish","type":"product","link":"https:\/\/www.claret.cat\/es\/libro\/el-dia-de-la-familia-9788419607942\/","title":{"rendered":"EL D\u00cdA DE LA FAMILIA"},"content":{"rendered":"<p>En el cole, la profe quiere que sus alumnos hagan un dibujo por el D\u00eda de la Familia y que retraten a la suya. Algunos alumnos hacen preguntas, y la profe les explica que hay muchos ni\u00f1os y ni\u00f1as sin pap\u00e1, sin mam\u00e1 o sin ambos, tambi\u00e9n con dos pap\u00e1s o dos mam\u00e1s, abuelos\u2026 y no por eso tienen que quedarse sin celebrar un d\u00eda especial. Todas las familias son v\u00e1lidas, necesarias y a todas se las quiere por igual.<\/p>\n","protected":false},"excerpt":{"rendered":"<p>AMAVISCA, LUIS<\/p>\n","protected":false},"featured_media":878580,"template":"","meta":{"_acf_changed":false,"om_disable_all_campaigns":false,"rs_blank_template":"","rs_page_bg_color":"","slide_template_v7":"","inline_featured_image":false,"_monsterinsights_skip_tracking":false,"_monsterinsights_sitenote_active":false,"_monsterinsights_sitenote_note":"","_monsterinsights_sitenote_category":0},"product_brand":[],"product_cat":[131,361],"product_tag":[],"class_list":{"0":"post-878562","1":"product","2":"type-product","3":"status-publish","4":"has-post-thumbnail","6":"product_cat-contes-per-infants-0-6-anys","7":"product_cat-cuentos-para-ninos-0-6-anos","9":"first","10":"instock","11":"taxable","12":"shipping-taxable","13":"purchasable","14":"product-type-simple"},"acf":{"autor":"AMAVISCA, LUIS","codart":"841960794","libros-coleccion":"FORA DE COL.LECCI\u00d3","ediciones":"1","encuadernacion":"Carton\u00e9","fecha_de_publicacion":"01\/10\/2023","novedad":"1","paginas":"32","subtitulo":"","orden":"0","portada":"0","idioma":"spa","editorial":[{"ID":148592,"post_author":"3","post_date":"2022-10-14 11:59:27","post_date_gmt":"2022-10-14 09:59:27","post_content":"","post_title":"NUBEOCHO","post_excerpt":"","post_status":"publish","comment_status":"closed","ping_status":"closed","post_password":"","post_name":"nubeocho","to_ping":"","pinged":"","post_modified":"2022-10-14 11:59:27","post_modified_gmt":"2022-10-14 09:59:27","post_content_filtered":"","post_parent":0,"guid":"http:\/\/dev.claret.cat\/editorial\/nubeocho\/","menu_order":0,"post_type":"editorial","post_mime_type":"","comment_count":"0","filter":"raw"}],"autores-libros":[{"ID":162671,"post_author":"3","post_date":"2022-10-14 17:32:52","post_date_gmt":"2022-10-14 15:32:52","post_content":"","post_title":"LUIS AMAVISCA","post_excerpt":"","post_status":"publish","comment_status":"closed","ping_status":"closed","post_password":"","post_name":"luis-amavisca-2","to_ping":"","pinged":"","post_modified":"2022-10-14 17:32:52","post_modified_gmt":"2022-10-14 15:32:52","post_content_filtered":"","post_parent":0,"guid":"http:\/\/dev.claret.cat\/autor\/luis-amavisca-2\/","menu_order":0,"post_type":"autor","post_mime_type":"","comment_count":"0","filter":"raw"}]},"aioseo_notices":[],"_links":{"self":[{"href":"https:\/\/www.claret.cat\/es\/wp-json\/wp\/v2\/product\/878562","targetHints":{"allow":["GET"]}}],"collection":[{"href":"https:\/\/www.claret.cat\/es\/wp-json\/wp\/v2\/product"}],"about":[{"href":"https:\/\/www.claret.cat\/es\/wp-json\/wp\/v2\/types\/product"}],"wp:featuredmedia":[{"embeddable":true,"href":"https:\/\/www.claret.cat\/es\/wp-json\/wp\/v2\/media\/878580"}],"wp:attachment":[{"href":"https:\/\/www.claret.cat\/es\/wp-json\/wp\/v2\/media?parent=878562"}],"wp:term":[{"taxonomy":"product_brand","embeddable":true,"href":"https:\/\/www.claret.cat\/es\/wp-json\/wp\/v2\/product_brand?post=878562"},{"taxonomy":"product_cat","embeddable":true,"href":"https:\/\/www.claret.cat\/es\/wp-json\/wp\/v2\/product_cat?post=878562"},{"taxonomy":"product_tag","embeddable":true,"href":"https:\/\/www.claret.cat\/es\/wp-json\/wp\/v2\/product_tag?post=878562"}],"curies":[{"name":"wp","href":"https:\/\/api.w.org\/{rel}","templated":true}]}}