{"id":878813,"date":"2023-10-10T16:46:38","date_gmt":"2023-10-10T14:46:38","guid":{"rendered":"https:\/\/www.claret.cat\/llibre\/los-milagros-eucaristicos-en-el-mundo-9780679100034\/"},"modified":"2026-02-09T12:27:11","modified_gmt":"2026-02-09T11:27:11","slug":"los-milagros-eucaristicos-en-el-mundo-9780679100034","status":"publish","type":"product","link":"https:\/\/www.claret.cat\/es\/libro\/los-milagros-eucaristicos-en-el-mundo-9780679100034\/","title":{"rendered":"LOS MILAGROS EUCAR\u00cdSTICOS EN EL MUNDO"},"content":{"rendered":"<p><a href='https:\/\/www.claret.cat\/es\/catalogo\/?b=carlo+acutis' rel='noopener noreferrer' target='_blank'><strong>Carlo Acutis<\/strong><\/a><span> prepar\u00f3 su exposici\u00f3n de Milagros Eucar\u00edsticos para ayudar a creer en la Presencia Real de Jesucristo en la Eucarist\u00eda.<\/span><\/p>\n<p><span>En este folleto se encuentran 13 Milagros Eucar\u00edsticos, los m\u00e1s actuales y documentados, organizados por pa\u00edses tal y como los detall\u00f3 Carlo Acutis.<\/span><\/p>\n","protected":false},"excerpt":{"rendered":"<p>MONTE TABOR<\/p>\n","protected":false},"featured_media":1081999,"template":"","meta":{"_acf_changed":false,"om_disable_all_campaigns":false,"rs_blank_template":"","rs_page_bg_color":"","slide_template_v7":"","inline_featured_image":false,"_monsterinsights_skip_tracking":false,"_monsterinsights_sitenote_active":false,"_monsterinsights_sitenote_note":"","_monsterinsights_sitenote_category":0},"product_brand":[],"product_cat":[542,92],"product_tag":[],"class_list":{"0":"post-878813","1":"product","2":"type-product","3":"status-publish","4":"has-post-thumbnail","6":"product_cat-vida-religiosa-1_espiritualidad-spa","7":"product_cat-vida-religiosa","9":"first","10":"instock","11":"taxable","12":"shipping-taxable","13":"purchasable","14":"product-type-simple"},"acf":{"autor":"MONTE TABOR","codart":"067910003","libros-coleccion":"","ediciones":"1","encuadernacion":"R\u00fastica","fecha_de_publicacion":"06\/10\/2023","novedad":"1","paginas":"62","subtitulo":"","orden":"0","portada":"0","idioma":"spa","editorial":[{"ID":148542,"post_author":"3","post_date":"2022-10-14 11:59:03","post_date_gmt":"2022-10-14 09:59:03","post_content":"","post_title":"MONTE TABOR","post_excerpt":"","post_status":"publish","comment_status":"closed","ping_status":"closed","post_password":"","post_name":"monte-tabor","to_ping":"","pinged":"","post_modified":"2022-10-14 11:59:03","post_modified_gmt":"2022-10-14 09:59:03","post_content_filtered":"","post_parent":0,"guid":"http:\/\/dev.claret.cat\/editorial\/monte-tabor\/","menu_order":0,"post_type":"editorial","post_mime_type":"","comment_count":"0","filter":"raw"}],"autores-libros":[{"ID":165368,"post_author":"3","post_date":"2022-10-14 17:54:37","post_date_gmt":"2022-10-14 15:54:37","post_content":"","post_title":"MONTE TABOR","post_excerpt":"","post_status":"publish","comment_status":"closed","ping_status":"closed","post_password":"","post_name":"monte-tabor","to_ping":"","pinged":"","post_modified":"2022-10-14 17:54:37","post_modified_gmt":"2022-10-14 15:54:37","post_content_filtered":"","post_parent":0,"guid":"http:\/\/dev.claret.cat\/autor\/monte-tabor\/","menu_order":0,"post_type":"autor","post_mime_type":"","comment_count":"0","filter":"raw"}],"booktrailer":"","resenas":"","linkebook":"","ficha":"","muestra":"","precioebook":"0","presentacion":""},"aioseo_notices":[],"_links":{"self":[{"href":"https:\/\/www.claret.cat\/es\/wp-json\/wp\/v2\/product\/878813","targetHints":{"allow":["GET"]}}],"collection":[{"href":"https:\/\/www.claret.cat\/es\/wp-json\/wp\/v2\/product"}],"about":[{"href":"https:\/\/www.claret.cat\/es\/wp-json\/wp\/v2\/types\/product"}],"wp:featuredmedia":[{"embeddable":true,"href":"https:\/\/www.claret.cat\/es\/wp-json\/wp\/v2\/media\/1081999"}],"wp:attachment":[{"href":"https:\/\/www.claret.cat\/es\/wp-json\/wp\/v2\/media?parent=878813"}],"wp:term":[{"taxonomy":"product_brand","embeddable":true,"href":"https:\/\/www.claret.cat\/es\/wp-json\/wp\/v2\/product_brand?post=878813"},{"taxonomy":"product_cat","embeddable":true,"href":"https:\/\/www.claret.cat\/es\/wp-json\/wp\/v2\/product_cat?post=878813"},{"taxonomy":"product_tag","embeddable":true,"href":"https:\/\/www.claret.cat\/es\/wp-json\/wp\/v2\/product_tag?post=878813"}],"curies":[{"name":"wp","href":"https:\/\/api.w.org\/{rel}","templated":true}]}}