{"id":878975,"date":"2023-10-10T16:56:45","date_gmt":"2023-10-10T14:56:45","guid":{"rendered":"https:\/\/www.claret.cat\/llibre\/dios-la-ciencia-las-pruebas-9788412658798\/"},"modified":"2026-03-24T10:40:16","modified_gmt":"2026-03-24T09:40:16","slug":"dios-la-ciencia-las-pruebas-9788412658798","status":"publish","type":"product","link":"https:\/\/www.claret.cat\/es\/libro\/dios-la-ciencia-las-pruebas-9788412658798\/","title":{"rendered":"DIOS &#8211; LA CIENCIA &#8211; LAS PRUEBAS"},"content":{"rendered":"<p>En este libro se revelan, al cabo de tres a\u00f1os de trabajo en colaboraci\u00f3n con unos veinte cient\u00edficos y especialistas de alto nivel, las pruebas modernas de la existencia de Dios. Durante cerca de cuatro siglos, de Cop\u00e9rnico a Freud, pasando por Galileo y Darwin, los descubrimientos cient\u00edficos se acumularon de manera espectacular, dando la impresi\u00f3n de que era posible explicar el Universo sin la necesidad de recurrir a un dios creador. Fue as\u00ed como a principios del siglo xx se asisti\u00f3 al triunfo intelectual del materialismo. De manera tan imprevista como sorprendente, el p\u00e9ndulo de la ciencia se puso en movimiento en sentido inverso, con una fuerza incre\u00edble. Los descubrimientos de la relatividad, de la mec\u00e1nica cu\u00e1ntica, de la expansi\u00f3n del Universo y de la complejidad de la vida llegaron uno tras otro. Estos nuevos conocimientos llegaron para dinamitar las certezas ancladas en el esp\u00edritu colectivo del siglo xx, hasta tal punto que hoy se puede decir que el materialismo, que nunca fue m\u00e1s que una creencia como otra, est\u00e1 en v\u00edas de transformarse en una creencia irracional.<\/p>\n<p> Con un lenguaje accesible a todos, los autores de este libro retoman, de manera apasionante, la historia de esos avances y ofrecen un panorama riguroso de las nuevas pruebas de la existencia de Dios. En los albores del siglo xx, creer en un dios creador parec\u00eda oponerse a la ciencia. \u00bfNo ser\u00eda hoy todo lo contrario?<br \/> Una invitaci\u00f3n a la reflexi\u00f3n y al debate.<\/p>\n","protected":false},"excerpt":{"rendered":"<p>BOLLOR\u00c9, MICHEL-YVES \/ BONNASSIES, OLIVIER<\/p>\n","protected":false},"featured_media":878976,"template":"","meta":{"_acf_changed":false,"om_disable_all_campaigns":false,"rs_blank_template":"","rs_page_bg_color":"","slide_template_v7":"","inline_featured_image":false,"_monsterinsights_skip_tracking":false,"_monsterinsights_sitenote_active":false,"_monsterinsights_sitenote_note":"","_monsterinsights_sitenote_category":0},"product_brand":[],"product_cat":[554,104,543,93,308],"product_tag":[],"class_list":{"0":"post-878975","1":"product","2":"type-product","3":"status-publish","4":"has-post-thumbnail","6":"product_cat-ciencia-5_otras-spa","7":"product_cat-ciencia","8":"product_cat-eclesiologia-es","9":"product_cat-eclesiologia","10":"product_cat-castella","12":"first","13":"instock","14":"taxable","15":"shipping-taxable","16":"purchasable","17":"product-type-simple"},"acf":{"autor":"BOLLOR\u00c9, MICHEL-YVES \/ BONNASSIES, OLIVIER","codart":"841265879","libros-coleccion":"Ensayos","ediciones":"1","encuadernacion":"R\u00fastica","fecha_de_publicacion":"01\/10\/2023","novedad":"1","paginas":"576","subtitulo":"EL ALBOR DE UNA REVOLUCI\u00d3N","orden":"7","portada":"1","idioma":"spa","editorial":[{"ID":6225,"post_author":"3","post_date":"2022-07-28 17:47:35","post_date_gmt":"2022-07-28 15:47:35","post_content":"","post_title":"EDITORIAL FUNAMBULISTA","post_excerpt":"","post_status":"publish","comment_status":"closed","ping_status":"closed","post_password":"","post_name":"editorial-funambulista","to_ping":"","pinged":"","post_modified":"2022-07-28 17:47:35","post_modified_gmt":"2022-07-28 15:47:35","post_content_filtered":"","post_parent":0,"guid":"http:\/\/dev.claret.cat\/editorial\/editorial-funambulista\/","menu_order":0,"post_type":"editorial","post_mime_type":"","comment_count":"0","filter":"raw"}],"autores-libros":[{"ID":878646,"post_author":"3","post_date":"2023-10-05 12:50:09","post_date_gmt":"2023-10-05 10:50:09","post_content":"","post_title":"MICHEL-YVES BOLLOR\u00c9","post_excerpt":"","post_status":"publish","comment_status":"closed","ping_status":"closed","post_password":"","post_name":"michel-yves-bollore","to_ping":"","pinged":"","post_modified":"2023-10-05 12:50:09","post_modified_gmt":"2023-10-05 10:50:09","post_content_filtered":"","post_parent":0,"guid":"https:\/\/www.claret.cat\/autor\/michel-yves-bollore\/","menu_order":0,"post_type":"autor","post_mime_type":"","comment_count":"0","filter":"raw"},{"ID":878647,"post_author":"3","post_date":"2023-10-05 12:50:11","post_date_gmt":"2023-10-05 10:50:11","post_content":"","post_title":"OLIVIER BONNASSIES","post_excerpt":"","post_status":"publish","comment_status":"closed","ping_status":"closed","post_password":"","post_name":"olivier-bonnassies","to_ping":"","pinged":"","post_modified":"2023-10-05 12:50:11","post_modified_gmt":"2023-10-05 10:50:11","post_content_filtered":"","post_parent":0,"guid":"https:\/\/www.claret.cat\/autor\/olivier-bonnassies\/","menu_order":0,"post_type":"autor","post_mime_type":"","comment_count":"0","filter":"raw"}],"traductores-libros":"","ilustradores-libros":"","formato":"","linkebook":"","precioebook":"0","ebookportada":false,"ficha":"","muestra":"","presentacion":"","booktrailer":"","resenas":"","recomendamos":"","mas_vendido":""},"aioseo_notices":[],"_links":{"self":[{"href":"https:\/\/www.claret.cat\/es\/wp-json\/wp\/v2\/product\/878975","targetHints":{"allow":["GET"]}}],"collection":[{"href":"https:\/\/www.claret.cat\/es\/wp-json\/wp\/v2\/product"}],"about":[{"href":"https:\/\/www.claret.cat\/es\/wp-json\/wp\/v2\/types\/product"}],"wp:featuredmedia":[{"embeddable":true,"href":"https:\/\/www.claret.cat\/es\/wp-json\/wp\/v2\/media\/878976"}],"wp:attachment":[{"href":"https:\/\/www.claret.cat\/es\/wp-json\/wp\/v2\/media?parent=878975"}],"wp:term":[{"taxonomy":"product_brand","embeddable":true,"href":"https:\/\/www.claret.cat\/es\/wp-json\/wp\/v2\/product_brand?post=878975"},{"taxonomy":"product_cat","embeddable":true,"href":"https:\/\/www.claret.cat\/es\/wp-json\/wp\/v2\/product_cat?post=878975"},{"taxonomy":"product_tag","embeddable":true,"href":"https:\/\/www.claret.cat\/es\/wp-json\/wp\/v2\/product_tag?post=878975"}],"curies":[{"name":"wp","href":"https:\/\/api.w.org\/{rel}","templated":true}]}}