{"id":878997,"date":"2023-10-10T16:58:17","date_gmt":"2023-10-10T14:58:17","guid":{"rendered":"https:\/\/www.claret.cat\/llibre\/adviento-hacia-la-navidad-2023-9788413791869\/"},"modified":"2025-11-27T20:05:22","modified_gmt":"2025-11-27T19:05:22","slug":"adviento-hacia-la-navidad-2023-9788413791869","status":"publish","type":"product","link":"https:\/\/www.claret.cat\/es\/libro\/adviento-hacia-la-navidad-2023-9788413791869\/","title":{"rendered":"ADVIENTO: HACIA LA NAVIDAD 2023"},"content":{"rendered":"<p>El tiempo de Adviento es una invitaci\u00f3n a viajar, \u00a1Jes\u00fas te llama! \u00a1Jes\u00fas te espera!<\/p>\n<p> Partir y viajar hacia el Ni\u00f1o Jes\u00fas del pesebre, es un poco como hacer la m\u00e1s apasionante de las b\u00fasquedas del tesoro.<\/p>\n<p> Como sabes, un viaje tiene escalas, hay que pararse para recuperar el aliento. Los mi\u00e9rcoles y los domingos haremos pausas en diferentes pa\u00edses, adem\u00e1s visitaremos algunos grandes santuarios para alcanzar nuestro objetivo: el pesebre de Bel\u00e9n.<\/p>\n<p> Ver\u00e1s que no eres el \u00fanico que va hacia Jes\u00fas. Pasando de pa\u00eds en pa\u00eds, al encuentro de los santos que le han buscado por todo el mundo, llegar\u00e1s hasta Bel\u00e9n para celebrar all\u00ed la Navidad.<\/p>\n<p> \u00a1Los textos b\u00edblicos, los relatos de vida, los tiempos de oraci\u00f3n, los dibujos para colorear e incluso los juegos te ayudar\u00e1n a encontrar al Ni\u00f1o Jes\u00fas.<\/p>\n","protected":false},"excerpt":{"rendered":"<p>MALCURAT, MARIE<\/p>\n","protected":false},"featured_media":878998,"template":"","meta":{"_acf_changed":false,"om_disable_all_campaigns":false,"rs_blank_template":"","rs_page_bg_color":"","slide_template_v7":"","inline_featured_image":false,"_monsterinsights_skip_tracking":false,"_monsterinsights_sitenote_active":false,"_monsterinsights_sitenote_note":"","_monsterinsights_sitenote_category":0},"product_brand":[],"product_cat":[225,483,227,389],"product_tag":[],"class_list":{"0":"post-878997","1":"product","2":"type-product","3":"status-publish","4":"has-post-thumbnail","6":"product_cat-catecismes","7":"product_cat-catecismos","8":"product_cat-formacio","9":"product_cat-formacion","11":"first","12":"outofstock","13":"taxable","14":"shipping-taxable","15":"purchasable","16":"product-type-simple"},"acf":{"autor":"MALCURAT, MARIE","codart":"841379186","libros-coleccion":"Tiempos Lit\u00fargicos","ediciones":"1","encuadernacion":"R\u00fastica","fecha_de_publicacion":"01\/08\/2023","novedad":"1","paginas":"47","subtitulo":"MI CUADERNO DE VIAJES. EN CAMINO HACIA EL NI\u00d1O JES\u00daS","orden":"0","portada":"0","idioma":"spa","editorial":[{"ID":6155,"post_author":"3","post_date":"2022-07-28 17:46:04","post_date_gmt":"2022-07-28 15:46:04","post_content":"","post_title":"Central Catequ\u00edstica Salesiana","post_excerpt":"","post_status":"publish","comment_status":"closed","ping_status":"closed","post_password":"","post_name":"central-catequistica-salesiana","to_ping":"","pinged":"","post_modified":"2022-07-28 17:46:04","post_modified_gmt":"2022-07-28 15:46:04","post_content_filtered":"","post_parent":0,"guid":"http:\/\/dev.claret.cat\/editorial\/central-catequistica-salesiana\/","menu_order":0,"post_type":"editorial","post_mime_type":"","comment_count":"0","filter":"raw"}],"autores-libros":[{"ID":163895,"post_author":"3","post_date":"2022-10-14 17:42:43","post_date_gmt":"2022-10-14 15:42:43","post_content":"","post_title":"MARIE MALCURAT","post_excerpt":"","post_status":"publish","comment_status":"closed","ping_status":"closed","post_password":"","post_name":"marie-malcurat","to_ping":"","pinged":"","post_modified":"2022-10-14 17:42:43","post_modified_gmt":"2022-10-14 15:42:43","post_content_filtered":"","post_parent":0,"guid":"http:\/\/dev.claret.cat\/autor\/marie-malcurat\/","menu_order":0,"post_type":"autor","post_mime_type":"","comment_count":"0","filter":"raw"}],"booktrailer":"","resenas":""},"aioseo_notices":[],"_links":{"self":[{"href":"https:\/\/www.claret.cat\/es\/wp-json\/wp\/v2\/product\/878997","targetHints":{"allow":["GET"]}}],"collection":[{"href":"https:\/\/www.claret.cat\/es\/wp-json\/wp\/v2\/product"}],"about":[{"href":"https:\/\/www.claret.cat\/es\/wp-json\/wp\/v2\/types\/product"}],"wp:featuredmedia":[{"embeddable":true,"href":"https:\/\/www.claret.cat\/es\/wp-json\/wp\/v2\/media\/878998"}],"wp:attachment":[{"href":"https:\/\/www.claret.cat\/es\/wp-json\/wp\/v2\/media?parent=878997"}],"wp:term":[{"taxonomy":"product_brand","embeddable":true,"href":"https:\/\/www.claret.cat\/es\/wp-json\/wp\/v2\/product_brand?post=878997"},{"taxonomy":"product_cat","embeddable":true,"href":"https:\/\/www.claret.cat\/es\/wp-json\/wp\/v2\/product_cat?post=878997"},{"taxonomy":"product_tag","embeddable":true,"href":"https:\/\/www.claret.cat\/es\/wp-json\/wp\/v2\/product_tag?post=878997"}],"curies":[{"name":"wp","href":"https:\/\/api.w.org\/{rel}","templated":true}]}}