{"id":879009,"date":"2023-10-10T16:59:08","date_gmt":"2023-10-10T14:59:08","guid":{"rendered":"https:\/\/www.claret.cat\/llibre\/trilogia-9788417375140\/"},"modified":"2025-07-09T18:00:09","modified_gmt":"2025-07-09T16:00:09","slug":"trilogia-9788417375140","status":"publish","type":"product","link":"https:\/\/www.claret.cat\/es\/libro\/trilogia-9788417375140\/","title":{"rendered":"TRILOG\u00cdA"},"content":{"rendered":"<p>Trilog\u00eda es un libro hipn\u00f3tico. Para Jon Fosse escribir es como rezar, y para el lector, leer Trilog\u00eda significa entrar en una profundidad desconocida. Con un lenguaje sencillo y un narrador \u00fanico, Fosse nos cuenta la historia de una pareja de adolescentes que va a tener un hijo y que intenta sobrevivir sin nada en un mundo hostil.<br \/>Con esta historia entendemos que significa no tener nada y la mirada despiadada de la sociedad , pero tambi\u00e9n revivimos de forma exquisita el primer amor, la experiencia de empezar la vida.on esta historia entendemos qu\u00e9 significa la indefensi\u00f3n y nos hacemos conscientes de la mirada despiadada de la sociedad, pero tambi\u00e9n revivimos de forma exquisita el primer amor, la experiencia de empezar la vida.Es una obra emocional que, desde la oscuridad de una situaci\u00f3n extrema, nos ilumina.<\/p>\n<p>&#8216;Fosse ha sido comparado con Ibsen o Beckett. Es f\u00e1cil ver en su obra la austeridad con la que Ibsen trata las emociones m\u00e1s esenciales, pero va m\u00e1s all\u00e1, porque su voz tiene una feroz simplicidad po\u00e9tica&#8217;. New York Times<\/p>\n","protected":false},"excerpt":{"rendered":"<p>FOSSE, JON<\/p>\n","protected":false},"featured_media":879010,"template":"","meta":{"_acf_changed":false,"om_disable_all_campaigns":false,"rs_blank_template":"","rs_page_bg_color":"","slide_template_v7":"","inline_featured_image":false,"_monsterinsights_skip_tracking":false,"_monsterinsights_sitenote_active":false,"_monsterinsights_sitenote_note":"","_monsterinsights_sitenote_category":0},"product_brand":[],"product_cat":[127,357],"product_tag":[],"class_list":{"0":"post-879009","1":"product","2":"type-product","3":"status-publish","4":"has-post-thumbnail","6":"product_cat-novella-contemporania","7":"product_cat-novela-contemporanea","9":"first","10":"instock","11":"taxable","12":"shipping-taxable","13":"purchasable","14":"product-type-simple"},"acf":{"autor":"FOSSE, JON","codart":"841737514","libros-coleccion":"\u00bfQu\u00e9 nos contamos hoy?","ediciones":"1","encuadernacion":"R\u00fastica","fecha_de_publicacion":"01\/11\/2018","novedad":"0","paginas":"168","subtitulo":"","orden":"0","portada":"0","idioma":"spa","editorial":[{"ID":147698,"post_author":"3","post_date":"2022-10-14 11:52:33","post_date_gmt":"2022-10-14 09:52:33","post_content":"","post_title":"De Conatus Publicaciones","post_excerpt":"","post_status":"publish","comment_status":"closed","ping_status":"closed","post_password":"","post_name":"de-conatus-publicaciones","to_ping":"","pinged":"","post_modified":"2022-10-14 11:52:33","post_modified_gmt":"2022-10-14 09:52:33","post_content_filtered":"","post_parent":0,"guid":"http:\/\/dev.claret.cat\/editorial\/de-conatus-publicaciones\/","menu_order":0,"post_type":"editorial","post_mime_type":"","comment_count":"0","filter":"raw"}],"autores-libros":[{"ID":159734,"post_author":"3","post_date":"2022-10-14 15:47:17","post_date_gmt":"2022-10-14 13:47:17","post_content":"","post_title":"JON FOSSE","post_excerpt":"","post_status":"publish","comment_status":"closed","ping_status":"closed","post_password":"","post_name":"jon-fosse","to_ping":"","pinged":"","post_modified":"2022-10-14 15:47:17","post_modified_gmt":"2022-10-14 13:47:17","post_content_filtered":"","post_parent":0,"guid":"http:\/\/dev.claret.cat\/autor\/jon-fosse\/","menu_order":0,"post_type":"autor","post_mime_type":"","comment_count":"0","filter":"raw"}],"booktrailer":"","resenas":""},"aioseo_notices":[],"_links":{"self":[{"href":"https:\/\/www.claret.cat\/es\/wp-json\/wp\/v2\/product\/879009","targetHints":{"allow":["GET"]}}],"collection":[{"href":"https:\/\/www.claret.cat\/es\/wp-json\/wp\/v2\/product"}],"about":[{"href":"https:\/\/www.claret.cat\/es\/wp-json\/wp\/v2\/types\/product"}],"wp:featuredmedia":[{"embeddable":true,"href":"https:\/\/www.claret.cat\/es\/wp-json\/wp\/v2\/media\/879010"}],"wp:attachment":[{"href":"https:\/\/www.claret.cat\/es\/wp-json\/wp\/v2\/media?parent=879009"}],"wp:term":[{"taxonomy":"product_brand","embeddable":true,"href":"https:\/\/www.claret.cat\/es\/wp-json\/wp\/v2\/product_brand?post=879009"},{"taxonomy":"product_cat","embeddable":true,"href":"https:\/\/www.claret.cat\/es\/wp-json\/wp\/v2\/product_cat?post=879009"},{"taxonomy":"product_tag","embeddable":true,"href":"https:\/\/www.claret.cat\/es\/wp-json\/wp\/v2\/product_tag?post=879009"}],"curies":[{"name":"wp","href":"https:\/\/api.w.org\/{rel}","templated":true}]}}