{"id":879121,"date":"2023-10-10T17:07:00","date_gmt":"2023-10-10T15:07:00","guid":{"rendered":"https:\/\/www.claret.cat\/llibre\/manana-y-tarde-9788419735515\/"},"modified":"2024-04-24T12:54:50","modified_gmt":"2024-04-24T10:54:50","slug":"manana-y-tarde-9788419735515","status":"publish","type":"product","link":"https:\/\/www.claret.cat\/es\/libro\/manana-y-tarde-9788419735515\/","title":{"rendered":"MA\u00d1ANA Y TARDE"},"content":{"rendered":"<p>Nace un ni\u00f1o que se llamar\u00e1 Johannes. Muere un anciano llamado Johannes. Entre estos dos puntos, Jon Fosse nos da los detalles de toda una vida, crudamente comprimidos. Comenzando con los pensamientos del padre de Johannes cuando su esposa se pone de parto, y terminando con los propios pensamientos de Johannes cuando se embarca en un d\u00eda de su vida en el que todo es exactamente igual, pero totalmente diferente, Ma\u00f1ana y tarde es una obra sobre el hermoso sue\u00f1o de que nuestras vidas tienen sentido. Los momentos a lo largo de la novela son simples, cotidianos, pero la prosa r\u00edtmica, tortuosa y recortada de Fosse gu\u00eda h\u00e1bilmente a los lectores a trav\u00e9s del pasado y el presente.<\/p>\n","protected":false},"excerpt":{"rendered":"<p>FOSSE, JON<\/p>\n","protected":false},"featured_media":882355,"template":"","meta":{"_acf_changed":false,"om_disable_all_campaigns":false,"rs_blank_template":"","rs_page_bg_color":"","slide_template_v7":"","inline_featured_image":false,"_monsterinsights_skip_tracking":false,"_monsterinsights_sitenote_active":false,"_monsterinsights_sitenote_note":"","_monsterinsights_sitenote_category":0},"product_brand":[],"product_cat":[127,357],"product_tag":[],"class_list":{"0":"post-879121","1":"product","2":"type-product","3":"status-publish","4":"has-post-thumbnail","6":"product_cat-novella-contemporania","7":"product_cat-novela-contemporanea","9":"first","10":"instock","11":"taxable","12":"shipping-taxable","13":"purchasable","14":"product-type-simple"},"acf":{"autor":"FOSSE, JON","codart":"841973551","libros-coleccion":"FORA DE COL.LECCI\u00d3","ediciones":"1","encuadernacion":"R\u00fastica","fecha_de_publicacion":"01\/10\/2023","novedad":"1","paginas":"112","subtitulo":"","orden":"0","portada":"0","idioma":"spa","editorial":[{"ID":148581,"post_author":"3","post_date":"2022-10-14 11:59:22","post_date_gmt":"2022-10-14 09:59:22","post_content":"","post_title":"N\u00d3RDICA LIBROS","post_excerpt":"","post_status":"publish","comment_status":"closed","ping_status":"closed","post_password":"","post_name":"nordica-libros","to_ping":"","pinged":"","post_modified":"2022-10-14 11:59:22","post_modified_gmt":"2022-10-14 09:59:22","post_content_filtered":"","post_parent":0,"guid":"http:\/\/dev.claret.cat\/editorial\/nordica-libros\/","menu_order":0,"post_type":"editorial","post_mime_type":"","comment_count":"0","filter":"raw"}],"autores-libros":[{"ID":159734,"post_author":"3","post_date":"2022-10-14 15:47:17","post_date_gmt":"2022-10-14 13:47:17","post_content":"","post_title":"JON FOSSE","post_excerpt":"","post_status":"publish","comment_status":"closed","ping_status":"closed","post_password":"","post_name":"jon-fosse","to_ping":"","pinged":"","post_modified":"2022-10-14 15:47:17","post_modified_gmt":"2022-10-14 13:47:17","post_content_filtered":"","post_parent":0,"guid":"http:\/\/dev.claret.cat\/autor\/jon-fosse\/","menu_order":0,"post_type":"autor","post_mime_type":"","comment_count":"0","filter":"raw"}]},"aioseo_notices":[],"_links":{"self":[{"href":"https:\/\/www.claret.cat\/es\/wp-json\/wp\/v2\/product\/879121","targetHints":{"allow":["GET"]}}],"collection":[{"href":"https:\/\/www.claret.cat\/es\/wp-json\/wp\/v2\/product"}],"about":[{"href":"https:\/\/www.claret.cat\/es\/wp-json\/wp\/v2\/types\/product"}],"wp:featuredmedia":[{"embeddable":true,"href":"https:\/\/www.claret.cat\/es\/wp-json\/wp\/v2\/media\/882355"}],"wp:attachment":[{"href":"https:\/\/www.claret.cat\/es\/wp-json\/wp\/v2\/media?parent=879121"}],"wp:term":[{"taxonomy":"product_brand","embeddable":true,"href":"https:\/\/www.claret.cat\/es\/wp-json\/wp\/v2\/product_brand?post=879121"},{"taxonomy":"product_cat","embeddable":true,"href":"https:\/\/www.claret.cat\/es\/wp-json\/wp\/v2\/product_cat?post=879121"},{"taxonomy":"product_tag","embeddable":true,"href":"https:\/\/www.claret.cat\/es\/wp-json\/wp\/v2\/product_tag?post=879121"}],"curies":[{"name":"wp","href":"https:\/\/api.w.org\/{rel}","templated":true}]}}