{"id":879165,"date":"2023-10-10T17:09:49","date_gmt":"2023-10-10T15:09:49","guid":{"rendered":"https:\/\/www.claret.cat\/llibre\/casi-cracks-2-sin-mente-de-repente-9788427237346\/"},"modified":"2025-04-07T11:42:26","modified_gmt":"2025-04-07T09:42:26","slug":"casi-cracks-2-sin-mente-de-repente-9788427237346","status":"publish","type":"product","link":"https:\/\/www.claret.cat\/es\/libro\/casi-cracks-2-sin-mente-de-repente-9788427237346\/","title":{"rendered":"CASI CRACKS 2 &#8211; \u00a1SIN MENTE DE REPENTE!"},"content":{"rendered":"<p>\u00a1SALTA AL TERRENO DE JUEGO Y CONOCE AL EQUIPO DE F\u00daTBOL M\u00c1S DIVERTIDO! Han invitado a los Casi Cracks a un campamento de f\u00fatbol, pero en cuanto llegan&#8230; \u00a1empiezan a pasar cosas raras! Marcos, el rey de la planificaci\u00f3n, va muy despistado; Salma, la jugadora m\u00e1s competitiva, pasa de todo, y el pijo de Aar\u00f3n&#8230; \u00bf\u00a1se ha puesto a cocinar?! Parece que las personalidades de todos los jugadores est\u00e1n patas arriba y es que&#8230; Con todo este l\u00edo, \u00a1los Casi Cracks no dan pie con bola!  &#8212;&#8212;&#8212;&#8212;&#8212;&#8212;&#8212;- F\u00fatbol, amistad, deportividad y mucho humor en una serie para primeros lectores que har\u00e1 que se partan de risa:- Con ilustraciones llenas de acci\u00f3n y de humor en cada p\u00e1gina. &#8211; Texto sencillo, divertido \u00a1y f\u00e1cil de leer! &#8211; Para todo tipo de j\u00f3venes lectores: desde aficionados al f\u00fatbol hasta fans de las historias de aventuras y de humor. &#8211; Para ni\u00f1os y ni\u00f1as, \u00a1en los Casi Cracks jugamos todos!<\/p>\n","protected":false},"excerpt":{"rendered":"<p>T\u00c1RRAGA, LAURA<\/p>\n","protected":false},"featured_media":887812,"template":"","meta":{"_acf_changed":false,"om_disable_all_campaigns":false,"rs_blank_template":"","rs_page_bg_color":"","slide_template_v7":"","inline_featured_image":false,"_monsterinsights_skip_tracking":false,"_monsterinsights_sitenote_active":false,"_monsterinsights_sitenote_note":"","_monsterinsights_sitenote_category":0},"product_brand":[],"product_cat":[132,362],"product_tag":[],"class_list":{"0":"post-879165","1":"product","2":"type-product","3":"status-publish","4":"has-post-thumbnail","6":"product_cat-lectures-per-preadolescents-6-12-anys","7":"product_cat-libros-preadolescentes-6-12-anos","9":"first","10":"instock","11":"taxable","12":"shipping-taxable","13":"purchasable","14":"product-type-simple"},"acf":{"autor":"T\u00c1RRAGA, LAURA","codart":"842723734","libros-coleccion":"FICCI\u00d3N KIDS","ediciones":"1","encuadernacion":"Carton\u00e9","fecha_de_publicacion":"01\/10\/2023","novedad":"1","paginas":"125","subtitulo":"","orden":"0","portada":"0","idioma":"spa","editorial":[{"ID":6346,"post_author":"3","post_date":"2022-07-28 17:50:13","post_date_gmt":"2022-07-28 15:50:13","post_content":"","post_title":"RBA Molino","post_excerpt":"","post_status":"publish","comment_status":"closed","ping_status":"closed","post_password":"","post_name":"rba-molino","to_ping":"","pinged":"","post_modified":"2022-07-28 17:50:13","post_modified_gmt":"2022-07-28 15:50:13","post_content_filtered":"","post_parent":0,"guid":"http:\/\/dev.claret.cat\/editorial\/rba-molino\/","menu_order":0,"post_type":"editorial","post_mime_type":"","comment_count":"0","filter":"raw"}],"autores-libros":[{"ID":450349,"post_author":"3","post_date":"2023-07-10 12:27:48","post_date_gmt":"2023-07-10 10:27:48","post_content":"","post_title":"LAURA T\u00c1RRAGA","post_excerpt":"","post_status":"publish","comment_status":"closed","ping_status":"closed","post_password":"","post_name":"laura-tarraga","to_ping":"","pinged":"","post_modified":"2023-07-10 12:27:48","post_modified_gmt":"2023-07-10 10:27:48","post_content_filtered":"","post_parent":0,"guid":"https:\/\/www.claret.cat\/autor\/laura-tarraga\/","menu_order":0,"post_type":"autor","post_mime_type":"","comment_count":"0","filter":"raw"}]},"aioseo_notices":[],"_links":{"self":[{"href":"https:\/\/www.claret.cat\/es\/wp-json\/wp\/v2\/product\/879165","targetHints":{"allow":["GET"]}}],"collection":[{"href":"https:\/\/www.claret.cat\/es\/wp-json\/wp\/v2\/product"}],"about":[{"href":"https:\/\/www.claret.cat\/es\/wp-json\/wp\/v2\/types\/product"}],"wp:featuredmedia":[{"embeddable":true,"href":"https:\/\/www.claret.cat\/es\/wp-json\/wp\/v2\/media\/887812"}],"wp:attachment":[{"href":"https:\/\/www.claret.cat\/es\/wp-json\/wp\/v2\/media?parent=879165"}],"wp:term":[{"taxonomy":"product_brand","embeddable":true,"href":"https:\/\/www.claret.cat\/es\/wp-json\/wp\/v2\/product_brand?post=879165"},{"taxonomy":"product_cat","embeddable":true,"href":"https:\/\/www.claret.cat\/es\/wp-json\/wp\/v2\/product_cat?post=879165"},{"taxonomy":"product_tag","embeddable":true,"href":"https:\/\/www.claret.cat\/es\/wp-json\/wp\/v2\/product_tag?post=879165"}],"curies":[{"name":"wp","href":"https:\/\/api.w.org\/{rel}","templated":true}]}}