{"id":87918,"date":"2022-10-11T18:10:52","date_gmt":"2022-10-11T16:10:52","guid":{"rendered":"http:\/\/dev.claret.cat\/producte\/el-graal-de-montserrat\/"},"modified":"2025-02-10T13:13:12","modified_gmt":"2025-02-10T12:13:12","slug":"el-graal-de-montserrat-9788412147971","status":"publish","type":"product","link":"https:\/\/www.claret.cat\/es\/libro\/el-graal-de-montserrat-9788412147971\/","title":{"rendered":"EL GRAAL DE MONTSERRAT"},"content":{"rendered":"<p>\u00abTOTS SABEU PER QU\u00c8 SOM AQU\u00cd. HITLER VOL UNA REL\u00cdQUIA, EL GRAAL, I NOSALTRES IMPEDIREM QUE LA TINGUI. AIX\u00d2 TAMB\u00c9 \u00c9S UNA MANERA DE CONTINUAR I GUANYAR LA GUERRA.\u00bb  El Graal, la copa en qu\u00e8 Jes\u00fas va beure en l&#8217;\u00daltim Sopar, ha estat un dels objectes m\u00edstics m\u00e9s cobejats per governs, arque\u00f2legs i religiosos. Entre ells, Adolf Hitler, que havia impulsat una recerca tena\u00e7 arreu del planeta per aconseguir peces suposadament m\u00e0giques o sobrenaturals. L&#8217;objectiu era que el Tercer Reich dur\u00e9s mil anys, ja que es creu que el Graal concedeix la immortalitat. I totes les pistes condu\u00efen els nazis cap a Catalunya, on podrien haver viscut els descendents de Jes\u00fas i on podria estar oculta la Santa Copa. Per\u00f2 a la Catalunya destru\u00efda, ven\u00e7uda i humiliada de 1940, sota les urpes dels nous governants franquistes, encara hi ha qui -com Emili Galera i altres republicans clandestins- s&#8217;oposar\u00e0 a les forces feixistes per evitar que el Graal acabi en mans de Heinrich Himmler, que viatjar\u00e0 fins a Montserrat per apoderar-se&#8217;n. Sense saber que a Barcelona la seva vida correr\u00e0 un greu perill.<\/p>\n","protected":false},"excerpt":{"rendered":"<p>HERN\u00c0NDEZ CARDONA, FRANCESC XAVIER<\/p>\n","protected":false},"featured_media":316363,"template":"","meta":{"_acf_changed":false,"om_disable_all_campaigns":false,"rs_blank_template":"","rs_page_bg_color":"","slide_template_v7":"","inline_featured_image":false,"_monsterinsights_skip_tracking":false,"_monsterinsights_sitenote_active":false,"_monsterinsights_sitenote_note":"","_monsterinsights_sitenote_category":0},"product_brand":[],"product_cat":[127,130,357,360],"product_tag":[],"class_list":{"0":"post-87918","1":"product","2":"type-product","3":"status-publish","4":"has-post-thumbnail","6":"product_cat-novella-contemporania","7":"product_cat-novella-historica-i-ficcio","8":"product_cat-novela-contemporanea","9":"product_cat-novela-historica-y-ficcion","11":"first","12":"instock","13":"taxable","14":"shipping-taxable","15":"purchasable","16":"product-type-simple"},"acf":{"editorial":[{"ID":147590,"post_author":"3","post_date":"2022-10-14 11:51:45","post_date_gmt":"2022-10-14 09:51:45","post_content":"","post_title":"CAPITAL BOOKS","post_excerpt":"","post_status":"publish","comment_status":"closed","ping_status":"closed","post_password":"","post_name":"capital-books","to_ping":"","pinged":"","post_modified":"2022-10-14 11:51:45","post_modified_gmt":"2022-10-14 09:51:45","post_content_filtered":"","post_parent":0,"guid":"http:\/\/dev.claret.cat\/editorial\/capital-books\/","menu_order":0,"post_type":"editorial","post_mime_type":"","comment_count":"0","filter":"raw"}],"autores-libros":[{"ID":156154,"post_author":"3","post_date":"2022-10-14 15:18:32","post_date_gmt":"2022-10-14 13:18:32","post_content":"","post_title":"FRANCESC XAVIER HERNANDEZ CARDONA","post_excerpt":"","post_status":"publish","comment_status":"closed","ping_status":"closed","post_password":"","post_name":"francesc-xavier-hernandez-cardona","to_ping":"","pinged":"","post_modified":"2022-10-14 15:18:32","post_modified_gmt":"2022-10-14 13:18:32","post_content_filtered":"","post_parent":0,"guid":"http:\/\/dev.claret.cat\/autor\/francesc-xavier-hernandez-cardona\/","menu_order":0,"post_type":"autor","post_mime_type":"","comment_count":"0","filter":"raw"}],"autor":"HERN\u00c0NDEZ CARDONA, FRANCESC XAVIER","codart":"841214797","libros-coleccion":"Capital Books","ediciones":"1","encuadernacion":"R\u00fastica","fecha_de_publicacion":"01\/06\/2021","novedad":"1","paginas":"331","subtitulo":"","orden":"0","portada":"0","idioma":"cat"},"aioseo_notices":[],"_links":{"self":[{"href":"https:\/\/www.claret.cat\/es\/wp-json\/wp\/v2\/product\/87918","targetHints":{"allow":["GET"]}}],"collection":[{"href":"https:\/\/www.claret.cat\/es\/wp-json\/wp\/v2\/product"}],"about":[{"href":"https:\/\/www.claret.cat\/es\/wp-json\/wp\/v2\/types\/product"}],"wp:featuredmedia":[{"embeddable":true,"href":"https:\/\/www.claret.cat\/es\/wp-json\/wp\/v2\/media\/316363"}],"wp:attachment":[{"href":"https:\/\/www.claret.cat\/es\/wp-json\/wp\/v2\/media?parent=87918"}],"wp:term":[{"taxonomy":"product_brand","embeddable":true,"href":"https:\/\/www.claret.cat\/es\/wp-json\/wp\/v2\/product_brand?post=87918"},{"taxonomy":"product_cat","embeddable":true,"href":"https:\/\/www.claret.cat\/es\/wp-json\/wp\/v2\/product_cat?post=87918"},{"taxonomy":"product_tag","embeddable":true,"href":"https:\/\/www.claret.cat\/es\/wp-json\/wp\/v2\/product_tag?post=87918"}],"curies":[{"name":"wp","href":"https:\/\/api.w.org\/{rel}","templated":true}]}}