{"id":879181,"date":"2023-10-10T17:10:51","date_gmt":"2023-10-10T15:10:51","guid":{"rendered":"https:\/\/www.claret.cat\/llibre\/cuatro-miradas-sobre-las-heridas-de-los-sacerdotes-9788429331738\/"},"modified":"2026-04-01T06:10:13","modified_gmt":"2026-04-01T04:10:13","slug":"cuatro-miradas-sobre-las-heridas-de-los-sacerdotes-9788429331738","status":"publish","type":"product","link":"https:\/\/www.claret.cat\/es\/libro\/cuatro-miradas-sobre-las-heridas-de-los-sacerdotes-9788429331738\/","title":{"rendered":"CUATRO MIRADAS SOBRE LAS HERIDAS DE LOS SACERDOTES"},"content":{"rendered":"<p>Esta obra trata con franqueza los retos de la vocaci\u00f3n sacerdotal: las decepciones pastorales, la deriva hacia la depresi\u00f3n, la sobrecarga de trabajo, y principalmente, la indiferencia creciente de nuestra sociedad delante de la fe, una cuesti\u00f3n que puede marcar crisis graves de vocaci\u00f3n entre los sacerdotes de cualquier edad. Pero m\u00e1s all\u00e1 de diagnosticar los problemas, este libro ofrece un trayecto hacia la recuperaci\u00f3n. Los coautores -Amedeo Cencini, G\u00e9rard Daucourt, Andr\u00e9s Torres Queiruga y Juan Mar\u00eda Uriarte- aportan cada uno su visi\u00f3n hacia las heridas espirituales y emocionales m\u00e1s significativas, resaltando respuestas y actitudes para un futuro m\u00e1s esperanzador. Una gu\u00eda pr\u00e1ctica para la resiliencia y el renacimiento espiritual de quienes han dedicado su existencia al servicio a Dios y a los dem\u00e1s.<\/p>\n","protected":false},"excerpt":{"rendered":"<p>CENCINI, AMEDEO ; D\u00c1UCOURT, GERARD; TORRES QUEIRUGA, ANDR\u00c9S<\/p>\n","protected":false},"featured_media":883652,"template":"","meta":{"_acf_changed":false,"om_disable_all_campaigns":false,"rs_blank_template":"","rs_page_bg_color":"","slide_template_v7":"","inline_featured_image":false,"_monsterinsights_skip_tracking":false,"_monsterinsights_sitenote_active":false,"_monsterinsights_sitenote_note":"","_monsterinsights_sitenote_category":0},"product_brand":[],"product_cat":[392,231],"product_tag":[],"class_list":{"0":"post-879181","1":"product","2":"type-product","3":"status-publish","4":"has-post-thumbnail","6":"product_cat-obras-generales","7":"product_cat-obres-generals","9":"first","10":"instock","11":"taxable","12":"shipping-taxable","13":"purchasable","14":"product-type-simple"},"acf":{"autor":"CENCINI, AMEDEO ; D\u00c1UCOURT, GERARD; TORRES QUEIRUGA, ANDR\u00c9S","codart":"842933173","libros-coleccion":"Servidores y Testigos","ediciones":"1","encuadernacion":"R\u00fastica","fecha_de_publicacion":"01\/09\/2023","novedad":"1","paginas":"132","subtitulo":"","orden":"0","portada":"1","idioma":"spa","editorial":[{"ID":6351,"post_author":"3","post_date":"2022-07-28 17:50:19","post_date_gmt":"2022-07-28 15:50:19","post_content":"","post_title":"Sal Terrae","post_excerpt":"","post_status":"publish","comment_status":"closed","ping_status":"closed","post_password":"","post_name":"sal-terrae","to_ping":"","pinged":"","post_modified":"2022-07-28 17:50:19","post_modified_gmt":"2022-07-28 15:50:19","post_content_filtered":"","post_parent":0,"guid":"http:\/\/dev.claret.cat\/editorial\/sal-terrae\/","menu_order":0,"post_type":"editorial","post_mime_type":"","comment_count":"0","filter":"raw"}],"autores-libros":[{"ID":878751,"post_author":"3","post_date":"2023-10-09 16:30:26","post_date_gmt":"2023-10-09 14:30:26","post_content":"","post_title":"GERARD DAUCOURT AMADEO CENCINI","post_excerpt":"","post_status":"publish","comment_status":"closed","ping_status":"closed","post_password":"","post_name":"gerard-daucourt-amadeo-cencini","to_ping":"","pinged":"","post_modified":"2023-10-09 16:30:26","post_modified_gmt":"2023-10-09 14:30:26","post_content_filtered":"","post_parent":0,"guid":"https:\/\/www.claret.cat\/autor\/gerard-daucourt-amadeo-cencini\/","menu_order":0,"post_type":"autor","post_mime_type":"","comment_count":"0","filter":"raw"}],"booktrailer":"","resenas":""},"aioseo_notices":[],"_links":{"self":[{"href":"https:\/\/www.claret.cat\/es\/wp-json\/wp\/v2\/product\/879181","targetHints":{"allow":["GET"]}}],"collection":[{"href":"https:\/\/www.claret.cat\/es\/wp-json\/wp\/v2\/product"}],"about":[{"href":"https:\/\/www.claret.cat\/es\/wp-json\/wp\/v2\/types\/product"}],"wp:featuredmedia":[{"embeddable":true,"href":"https:\/\/www.claret.cat\/es\/wp-json\/wp\/v2\/media\/883652"}],"wp:attachment":[{"href":"https:\/\/www.claret.cat\/es\/wp-json\/wp\/v2\/media?parent=879181"}],"wp:term":[{"taxonomy":"product_brand","embeddable":true,"href":"https:\/\/www.claret.cat\/es\/wp-json\/wp\/v2\/product_brand?post=879181"},{"taxonomy":"product_cat","embeddable":true,"href":"https:\/\/www.claret.cat\/es\/wp-json\/wp\/v2\/product_cat?post=879181"},{"taxonomy":"product_tag","embeddable":true,"href":"https:\/\/www.claret.cat\/es\/wp-json\/wp\/v2\/product_tag?post=879181"}],"curies":[{"name":"wp","href":"https:\/\/api.w.org\/{rel}","templated":true}]}}