{"id":879190,"date":"2023-10-10T17:11:25","date_gmt":"2023-10-10T15:11:25","guid":{"rendered":"https:\/\/www.claret.cat\/llibre\/por-que-ser-esceptico-9788430948932\/"},"modified":"2024-01-22T18:40:54","modified_gmt":"2024-01-22T17:40:54","slug":"por-que-ser-esceptico-9788430948932","status":"publish","type":"product","link":"https:\/\/www.claret.cat\/es\/libro\/por-que-ser-esceptico-9788430948932\/","title":{"rendered":"POR QU\u00c9 SER ESC\u00c9PTICO"},"content":{"rendered":"<p>El escepticismo surgi\u00f3 originariamente como un rechazo a la profesi\u00f3n de fil\u00f3sofo, esto es, pretend\u00eda en cierto modo el final de la filosof\u00eda tal como entonces se presentaba. Pues rechazaba las diversas filosof\u00edas como creencias en determinados sistemas basados en dogmas o verdades que no pueden ser demostrados.<br \/> De este modo el escepticismo se propon\u00eda librar a los hombres de todo lo que les hab\u00eda sido transmitido como cierto con la intenci\u00f3n de ordenar o dirigir su vida, resultando de ello el enfrentamiento de unos y otros en nombre de las diferentes creencias y dogmas.<br \/> El antologista ha pretendido resaltar en esta selecci\u00f3n todo lo que de m\u00e1s importancia hay, a su juicio, en el pensamiento esc\u00e9ptico de Sexto para el lector moderno. De gran inter\u00e9s para el p\u00fablico universitario, alumnos y profesores de filosof\u00eda, esta obra es una de las escasas traducciones al espa\u00f1ol de textos del Compendio de Escepticismo de Sexto Emp\u00edrico.<\/p>\n","protected":false},"excerpt":{"rendered":"<p>EMP\u00cdRICO, SEXTO<\/p>\n","protected":false},"featured_media":948376,"template":"","meta":{"_acf_changed":false,"om_disable_all_campaigns":false,"rs_blank_template":"","rs_page_bg_color":"","slide_template_v7":"","inline_featured_image":false,"_monsterinsights_skip_tracking":false,"_monsterinsights_sitenote_active":false,"_monsterinsights_sitenote_note":"","_monsterinsights_sitenote_category":0},"product_brand":[],"product_cat":[445,175,167,374],"product_tag":[],"class_list":{"0":"post-879190","1":"product","2":"type-product","3":"status-publish","4":"has-post-thumbnail","6":"product_cat-etica-filosofia-2_humanidades","7":"product_cat-etica","8":"product_cat-metafisica","9":"product_cat-metafisica-filosofia-2_humanidades","11":"first","12":"instock","13":"taxable","14":"shipping-taxable","15":"purchasable","16":"product-type-simple"},"acf":{"autor":"EMP\u00cdRICO, SEXTO","codart":"843094893","libros-coleccion":"Filosof\u00eda - Los Esenciales De La Filosof","ediciones":"1","encuadernacion":"R\u00fastica","fecha_de_publicacion":"01\/06\/2009","novedad":"0","paginas":"200","subtitulo":"TEXTOS DEL COMPENDIO DE ESCEPTICISMO DE SEXTO EMP\u00cdRICO, ESCOGIDOS, TRADUCIDOS Y","orden":"0","portada":"0","idioma":"spa","editorial":[{"ID":6373,"post_author":"3","post_date":"2022-07-28 17:50:48","post_date_gmt":"2022-07-28 15:50:48","post_content":"","post_title":"Tecnos","post_excerpt":"","post_status":"publish","comment_status":"closed","ping_status":"closed","post_password":"","post_name":"tecnos","to_ping":"","pinged":"","post_modified":"2022-07-28 17:50:48","post_modified_gmt":"2022-07-28 15:50:48","post_content_filtered":"","post_parent":0,"guid":"http:\/\/dev.claret.cat\/editorial\/tecnos\/","menu_order":0,"post_type":"editorial","post_mime_type":"","comment_count":"0","filter":"raw"}],"autores-libros":[{"ID":169385,"post_author":"3","post_date":"2022-10-14 22:26:49","post_date_gmt":"2022-10-14 20:26:49","post_content":"","post_title":"SEXTO EMP\u00cdRICO","post_excerpt":"","post_status":"publish","comment_status":"closed","ping_status":"closed","post_password":"","post_name":"sexto-empirico","to_ping":"","pinged":"","post_modified":"2022-10-14 22:26:49","post_modified_gmt":"2022-10-14 20:26:49","post_content_filtered":"","post_parent":0,"guid":"http:\/\/dev.claret.cat\/autor\/sexto-empirico\/","menu_order":0,"post_type":"autor","post_mime_type":"","comment_count":"0","filter":"raw"}]},"aioseo_notices":[],"_links":{"self":[{"href":"https:\/\/www.claret.cat\/es\/wp-json\/wp\/v2\/product\/879190","targetHints":{"allow":["GET"]}}],"collection":[{"href":"https:\/\/www.claret.cat\/es\/wp-json\/wp\/v2\/product"}],"about":[{"href":"https:\/\/www.claret.cat\/es\/wp-json\/wp\/v2\/types\/product"}],"wp:featuredmedia":[{"embeddable":true,"href":"https:\/\/www.claret.cat\/es\/wp-json\/wp\/v2\/media\/948376"}],"wp:attachment":[{"href":"https:\/\/www.claret.cat\/es\/wp-json\/wp\/v2\/media?parent=879190"}],"wp:term":[{"taxonomy":"product_brand","embeddable":true,"href":"https:\/\/www.claret.cat\/es\/wp-json\/wp\/v2\/product_brand?post=879190"},{"taxonomy":"product_cat","embeddable":true,"href":"https:\/\/www.claret.cat\/es\/wp-json\/wp\/v2\/product_cat?post=879190"},{"taxonomy":"product_tag","embeddable":true,"href":"https:\/\/www.claret.cat\/es\/wp-json\/wp\/v2\/product_tag?post=879190"}],"curies":[{"name":"wp","href":"https:\/\/api.w.org\/{rel}","templated":true}]}}