{"id":879212,"date":"2023-10-10T17:12:51","date_gmt":"2023-10-10T15:12:51","guid":{"rendered":"https:\/\/www.claret.cat\/llibre\/truco-o-trato-9788448866204\/"},"modified":"2023-10-11T00:32:01","modified_gmt":"2023-10-10T22:32:01","slug":"truco-o-trato-9788448866204","status":"publish","type":"product","link":"https:\/\/www.claret.cat\/es\/libro\/truco-o-trato-9788448866204\/","title":{"rendered":"TRUCO O TRATO"},"content":{"rendered":"<p>\u00abEs noche de TRUCO O TRATO. Prometo no hacer mi truco, si me echan chuches al saco\u00bb.  Llega el cuento de Halloween m\u00e1s terror\u00edficamente divertido de El Hematocr\u00edtico. \u00a1Ya est\u00e1 aqu\u00ed la fiesta m\u00e1s escalofriante del a\u00f1o!<br \/> Es la noche de HALLOWEEN, y ni\u00f1os y ni\u00f1as se disfrazan para hacer TRUCO O TRATO y asustar a todo el que se cruce en su camino. Hay vampiros, hombres lobo, momias, brujas&#8230; \u00bfCu\u00e1l ser\u00e1 el disfraz m\u00e1s espeluznante? \u00bfQui\u00e9n dar\u00e1 el mejor susto? \u00a1No os lo imagin\u00e1is!<br \/>Un cuento ilustrado para ni\u00f1os y ni\u00f1as de 4 a 6 a\u00f1os, creado por el famoso c\u00f3mico y cuentacuentos Miguel L\u00f3pez (m\u00e1s conocido como El Hematocr\u00edtico) para pasar la noche de Halloween en familia riendo a carcajadas&#8230;  \u00a1y con un final de miedo!<\/p>\n","protected":false},"excerpt":{"rendered":"<p>EL HEMATOCR\u00cdTICO<\/p>\n","protected":false},"featured_media":879213,"template":"","meta":{"_acf_changed":false,"om_disable_all_campaigns":false,"rs_blank_template":"","rs_page_bg_color":"","slide_template_v7":"","inline_featured_image":false,"_monsterinsights_skip_tracking":false,"_monsterinsights_sitenote_active":false,"_monsterinsights_sitenote_note":"","_monsterinsights_sitenote_category":0},"product_brand":[],"product_cat":[132,362],"product_tag":[],"class_list":{"0":"post-879212","1":"product","2":"type-product","3":"status-publish","4":"has-post-thumbnail","6":"product_cat-lectures-per-preadolescents-6-12-anys","7":"product_cat-libros-preadolescentes-6-12-anos","9":"first","10":"instock","11":"taxable","12":"shipping-taxable","13":"purchasable","14":"product-type-simple"},"acf":{"autor":"EL HEMATOCR\u00cdTICO","codart":"844886620","libros-coleccion":"Cuentos infantiles","ediciones":"1","encuadernacion":"Carton\u00e9","fecha_de_publicacion":"01\/10\/2023","novedad":"1","paginas":"0","subtitulo":"UN CUENTO DE HALLOWEEN TERROR\u00cdFICAMENTE DIVERTIDO","orden":"0","portada":"0","idioma":"spa","editorial":[{"ID":6141,"post_author":"3","post_date":"2022-07-28 17:45:46","post_date_gmt":"2022-07-28 15:45:46","post_content":"","post_title":"BEASCOA","post_excerpt":"","post_status":"publish","comment_status":"closed","ping_status":"closed","post_password":"","post_name":"beascoa","to_ping":"","pinged":"","post_modified":"2022-07-28 17:45:46","post_modified_gmt":"2022-07-28 15:45:46","post_content_filtered":"","post_parent":0,"guid":"http:\/\/dev.claret.cat\/editorial\/beascoa\/","menu_order":0,"post_type":"editorial","post_mime_type":"","comment_count":"0","filter":"raw"}],"autores-libros":[{"ID":154677,"post_author":"3","post_date":"2022-10-14 15:06:44","post_date_gmt":"2022-10-14 13:06:44","post_content":"","post_title":"EL HEMATOCR\u00cdTICO","post_excerpt":"","post_status":"publish","comment_status":"closed","ping_status":"closed","post_password":"","post_name":"el-hematocritico","to_ping":"","pinged":"","post_modified":"2022-10-14 15:06:44","post_modified_gmt":"2022-10-14 13:06:44","post_content_filtered":"","post_parent":0,"guid":"http:\/\/dev.claret.cat\/autor\/el-hematocritico\/","menu_order":0,"post_type":"autor","post_mime_type":"","comment_count":"0","filter":"raw"}]},"aioseo_notices":[],"_links":{"self":[{"href":"https:\/\/www.claret.cat\/es\/wp-json\/wp\/v2\/product\/879212","targetHints":{"allow":["GET"]}}],"collection":[{"href":"https:\/\/www.claret.cat\/es\/wp-json\/wp\/v2\/product"}],"about":[{"href":"https:\/\/www.claret.cat\/es\/wp-json\/wp\/v2\/types\/product"}],"wp:featuredmedia":[{"embeddable":true,"href":"https:\/\/www.claret.cat\/es\/wp-json\/wp\/v2\/media\/879213"}],"wp:attachment":[{"href":"https:\/\/www.claret.cat\/es\/wp-json\/wp\/v2\/media?parent=879212"}],"wp:term":[{"taxonomy":"product_brand","embeddable":true,"href":"https:\/\/www.claret.cat\/es\/wp-json\/wp\/v2\/product_brand?post=879212"},{"taxonomy":"product_cat","embeddable":true,"href":"https:\/\/www.claret.cat\/es\/wp-json\/wp\/v2\/product_cat?post=879212"},{"taxonomy":"product_tag","embeddable":true,"href":"https:\/\/www.claret.cat\/es\/wp-json\/wp\/v2\/product_tag?post=879212"}],"curies":[{"name":"wp","href":"https:\/\/api.w.org\/{rel}","templated":true}]}}