{"id":879227,"date":"2023-10-10T17:13:54","date_gmt":"2023-10-10T15:13:54","guid":{"rendered":"https:\/\/www.claret.cat\/llibre\/dune-edicion-especial-pelicula-las-cronicas-de-dune-1-9788466374255\/"},"modified":"2023-10-11T00:32:15","modified_gmt":"2023-10-10T22:32:15","slug":"dune-edicion-especial-pelicula-las-cronicas-de-dune-1-9788466374255","status":"publish","type":"product","link":"https:\/\/www.claret.cat\/es\/libro\/dune-edicion-especial-pelicula-las-cronicas-de-dune-1-9788466374255\/","title":{"rendered":"DUNE (EDICI\u00d3N ESPECIAL PEL\u00cdCULA) (LAS CR\u00d3NICAS DE DUNE 1)"},"content":{"rendered":"<p>Dune es la primera novela de la serie hom\u00f3nima \u00abDune\u00bb de Frank Herbert, una obra maestra un\u00e1nimemente reconocida como la mejor saga de ciencia ficci\u00f3n de todos los tiempos. Arrakis: un planeta des\u00e9rtico donde el agua es el bien m\u00e1s preciado y, donde llorar a los muertos es el s\u00edmbolo de m\u00e1xima prodigalidad. Paul Atreides: un adolescente marcado por un destino singular, dotado de extra\u00f1os poderes y, abocado a convertirse en dictador, mes\u00edas y m\u00e1rtir.Los Harkonnen: personificaci\u00f3n de las intrigas que rodean el Imperio Gal\u00e1ctico, buscan obtener el control sobre Arrakis para disponer de la melange, preciosa especia y uno de los bienes m\u00e1s codiciados del universo. Los Fremen: seres libres que han convertido el inh\u00f3spito paraje de Dune en su hogar, y que se sienten orgullosos de su pasado y temerosos de su futuro.<\/p>\n","protected":false},"excerpt":{"rendered":"<p>HERBERT, FRANK<\/p>\n","protected":false},"featured_media":879228,"template":"","meta":{"_acf_changed":false,"om_disable_all_campaigns":false,"rs_blank_template":"","rs_page_bg_color":"","slide_template_v7":"","inline_featured_image":false,"_monsterinsights_skip_tracking":false,"_monsterinsights_sitenote_active":false,"_monsterinsights_sitenote_note":"","_monsterinsights_sitenote_category":0},"product_brand":[],"product_cat":[127,357],"product_tag":[],"class_list":{"0":"post-879227","1":"product","2":"type-product","3":"status-publish","4":"has-post-thumbnail","6":"product_cat-novella-contemporania","7":"product_cat-novela-contemporanea","9":"first","10":"instock","11":"taxable","12":"shipping-taxable","13":"purchasable","14":"product-type-simple"},"acf":{"autor":"HERBERT, FRANK","codart":"846637425","libros-coleccion":"CAMPA\u00d1AS","ediciones":"1","encuadernacion":"R\u00fastica","fecha_de_publicacion":"01\/10\/2023","novedad":"1","paginas":"779","subtitulo":"","orden":"0","portada":"0","idioma":"spa","editorial":[{"ID":6178,"post_author":"3","post_date":"2022-07-28 17:46:34","post_date_gmt":"2022-07-28 15:46:34","post_content":"","post_title":"DEBOLSILLO","post_excerpt":"","post_status":"publish","comment_status":"closed","ping_status":"closed","post_password":"","post_name":"debolsillo","to_ping":"","pinged":"","post_modified":"2022-07-28 17:46:34","post_modified_gmt":"2022-07-28 15:46:34","post_content_filtered":"","post_parent":0,"guid":"http:\/\/dev.claret.cat\/editorial\/debolsillo\/","menu_order":0,"post_type":"editorial","post_mime_type":"","comment_count":"0","filter":"raw"}],"autores-libros":[{"ID":5493,"post_author":"3","post_date":"2022-07-28 17:25:10","post_date_gmt":"2022-07-28 15:25:10","post_content":"","post_title":"FRANK HERBERT","post_excerpt":"","post_status":"publish","comment_status":"closed","ping_status":"closed","post_password":"","post_name":"frank-herbert","to_ping":"","pinged":"","post_modified":"2022-07-28 17:25:10","post_modified_gmt":"2022-07-28 15:25:10","post_content_filtered":"","post_parent":0,"guid":"http:\/\/dev.claret.cat\/autor\/frank-herbert\/","menu_order":0,"post_type":"autor","post_mime_type":"","comment_count":"0","filter":"raw"}]},"aioseo_notices":[],"_links":{"self":[{"href":"https:\/\/www.claret.cat\/es\/wp-json\/wp\/v2\/product\/879227","targetHints":{"allow":["GET"]}}],"collection":[{"href":"https:\/\/www.claret.cat\/es\/wp-json\/wp\/v2\/product"}],"about":[{"href":"https:\/\/www.claret.cat\/es\/wp-json\/wp\/v2\/types\/product"}],"wp:featuredmedia":[{"embeddable":true,"href":"https:\/\/www.claret.cat\/es\/wp-json\/wp\/v2\/media\/879228"}],"wp:attachment":[{"href":"https:\/\/www.claret.cat\/es\/wp-json\/wp\/v2\/media?parent=879227"}],"wp:term":[{"taxonomy":"product_brand","embeddable":true,"href":"https:\/\/www.claret.cat\/es\/wp-json\/wp\/v2\/product_brand?post=879227"},{"taxonomy":"product_cat","embeddable":true,"href":"https:\/\/www.claret.cat\/es\/wp-json\/wp\/v2\/product_cat?post=879227"},{"taxonomy":"product_tag","embeddable":true,"href":"https:\/\/www.claret.cat\/es\/wp-json\/wp\/v2\/product_tag?post=879227"}],"curies":[{"name":"wp","href":"https:\/\/api.w.org\/{rel}","templated":true}]}}