{"id":879240,"date":"2023-10-10T17:14:48","date_gmt":"2023-10-10T15:14:48","guid":{"rendered":"https:\/\/www.claret.cat\/llibre\/san-francisco-de-asis-o-casi-9788472403420\/"},"modified":"2025-05-07T18:50:10","modified_gmt":"2025-05-07T16:50:10","slug":"san-francisco-de-asis-o-casi-9788472403420","status":"publish","type":"product","link":"https:\/\/www.claret.cat\/es\/libro\/san-francisco-de-asis-o-casi-9788472403420\/","title":{"rendered":"SAN FRANCISCO DE AS\u00cdS O CASI"},"content":{"rendered":"<p>San Francisco de As\u00eds o casi es un intento de aproximar al Pobrecillo a nuevos lectores. No quiere agotar su figura, sino \u00fanicamente esbozarla con tanta precisi\u00f3n como sea posible, respetando tanto lo que pas\u00f3 como lo que acontece en la actualidad. Es decir, intentando recoger lo primordial de su vida para ofrecerlo a personas que se preguntan, tal vez candorosamente, sobre la complejidad del fen\u00f3meno franciscano y su sentido.<br \/>\u00abAunque sobre Francisco de As\u00eds se han escrito centenares de libros (religiosos, hist\u00f3ricos, literarios, po\u00e9ticos), su vida es inagotable. Al igual que ocurre con la figura de Jes\u00fas o de S\u00f3crates: nunca se terminan. Y por eso siempre puede ser oportuna una nueva aproximaci\u00f3n, como la que el lector tiene ahora mismo en las manos. Y de la que muy pronto captar\u00e1 su singularidad: una sorprendente suma de espontaneidad, por un lado, y de erudici\u00f3n, por otro\u00bb (Josep Maria Esquirol, pr\u00f3logo del libro).<\/p>\n","protected":false},"excerpt":{"rendered":"<p>BOADAS LLAVAT, AGUST\u00cd<\/p>\n","protected":false},"featured_media":944411,"template":"","meta":{"_acf_changed":false,"om_disable_all_campaigns":false,"rs_blank_template":"","rs_page_bg_color":"","slide_template_v7":"","inline_featured_image":false,"_monsterinsights_skip_tracking":false,"_monsterinsights_sitenote_active":false,"_monsterinsights_sitenote_note":"","_monsterinsights_sitenote_category":0},"product_brand":[],"product_cat":[243,493],"product_tag":[],"class_list":{"0":"post-879240","1":"product","2":"type-product","3":"status-publish","4":"has-post-thumbnail","6":"product_cat-franciscana","7":"product_cat-franciscana-espiritualidad-1_espiritualidad","9":"first","10":"instock","11":"taxable","12":"shipping-taxable","13":"purchasable","14":"product-type-simple"},"acf":{"autor":"BOADAS LLAVAT, AGUST\u00cd","codart":"847240342","libros-coleccion":"HERMANO FRANCISCO","ediciones":"1","encuadernacion":"R\u00fastica","fecha_de_publicacion":"06\/10\/2023","novedad":"1","paginas":"166","subtitulo":"","orden":"0","portada":"0","idioma":"spa","editorial":[{"ID":147454,"post_author":"3","post_date":"2022-10-14 11:50:42","post_date_gmt":"2022-10-14 09:50:42","post_content":"","post_title":"ARANTZAZU","post_excerpt":"","post_status":"publish","comment_status":"closed","ping_status":"closed","post_password":"","post_name":"arantzazu","to_ping":"","pinged":"","post_modified":"2022-10-14 11:50:42","post_modified_gmt":"2022-10-14 09:50:42","post_content_filtered":"","post_parent":0,"guid":"http:\/\/dev.claret.cat\/editorial\/arantzazu\/","menu_order":0,"post_type":"editorial","post_mime_type":"","comment_count":"0","filter":"raw"}],"autores-libros":[{"ID":5207,"post_author":"3","post_date":"2022-07-28 17:17:04","post_date_gmt":"2022-07-28 15:17:04","post_content":"<span class=\"fontstyle0\">Agust\u00ed Boadas Llavat (Barcelona, 1963) \u00e9s francisc\u00e0. Doctorat en filosofia per la Universitat de Barcelona, els seus estudis s\u2019han complementat amb els teol\u00f2gics a la Facultat de Teologia de Catalunya i els d\u2019organista al Conservatori Superior de M\u00fasica de Barcelona. Durant els darrers trenta anys ha impartit classes com a professor a la Universitat Oberta de Catalunya, a la Universitat Ramon Llull i, darrerament, a l\u2019Ateneu Pontifici Antoni Gaud\u00ed. Cal destacar la seva activitat com a arxiver i bibliotecari provincial dels franciscans de Catalunya fins al 2015 i secretari general de l\u2019Associaci\u00f3 Hisp\u00e0nica d\u2019Estudis Franciscans. Col\u00b7labora des del 1989 amb la Cust\u00f2dia de Terra Santa a trav\u00e9s de la seu de Barcelona. \u00c9s autor de: <\/span><em><span class=\"fontstyle2\">Els franciscans a Catalunya <\/span><\/em><span class=\"fontstyle0\">(Pag\u00e8s Editors, Lleida, 2014). Actualment, treballa al col\u00b7legi Sant Francesc i \u00e9s rector de la parr\u00f2quia hom\u00f2nima de Sabadell.<\/span>","post_title":"AGUST\u00cd BOADAS LLAVAT","post_excerpt":"","post_status":"publish","comment_status":"closed","ping_status":"closed","post_password":"","post_name":"agusti-boadas-llavat","to_ping":"","pinged":"","post_modified":"2024-02-05 11:54:03","post_modified_gmt":"2024-02-05 10:54:03","post_content_filtered":"","post_parent":0,"guid":"http:\/\/dev.claret.cat\/autor\/agusti-boadas-llavat\/","menu_order":0,"post_type":"autor","post_mime_type":"","comment_count":"0","filter":"raw"}],"booktrailer":"","resenas":""},"aioseo_notices":[],"_links":{"self":[{"href":"https:\/\/www.claret.cat\/es\/wp-json\/wp\/v2\/product\/879240","targetHints":{"allow":["GET"]}}],"collection":[{"href":"https:\/\/www.claret.cat\/es\/wp-json\/wp\/v2\/product"}],"about":[{"href":"https:\/\/www.claret.cat\/es\/wp-json\/wp\/v2\/types\/product"}],"wp:featuredmedia":[{"embeddable":true,"href":"https:\/\/www.claret.cat\/es\/wp-json\/wp\/v2\/media\/944411"}],"wp:attachment":[{"href":"https:\/\/www.claret.cat\/es\/wp-json\/wp\/v2\/media?parent=879240"}],"wp:term":[{"taxonomy":"product_brand","embeddable":true,"href":"https:\/\/www.claret.cat\/es\/wp-json\/wp\/v2\/product_brand?post=879240"},{"taxonomy":"product_cat","embeddable":true,"href":"https:\/\/www.claret.cat\/es\/wp-json\/wp\/v2\/product_cat?post=879240"},{"taxonomy":"product_tag","embeddable":true,"href":"https:\/\/www.claret.cat\/es\/wp-json\/wp\/v2\/product_tag?post=879240"}],"curies":[{"name":"wp","href":"https:\/\/api.w.org\/{rel}","templated":true}]}}