{"id":879298,"date":"2023-10-10T17:19:05","date_gmt":"2023-10-10T15:19:05","guid":{"rendered":"https:\/\/www.claret.cat\/llibre\/la-granja-de-simo-9788498243161\/"},"modified":"2023-10-14T11:05:20","modified_gmt":"2023-10-14T09:05:20","slug":"la-granja-de-simo-9788498243161","status":"publish","type":"product","link":"https:\/\/www.claret.cat\/es\/libro\/la-granja-de-simo-9788498243161\/","title":{"rendered":"LA GRANJA DE SIM\u00d3"},"content":{"rendered":"<p>A la granja de Sim\u00f3 hi ha cavalls, gallines, \u00e0necs i conills que van solts pel corral. Vigileu, conillets, que ve el gos de l&#8221;amo!<\/p>\n","protected":false},"excerpt":{"rendered":"<p>LLUCH GIRB\u00c9S, ENRIC<\/p>\n","protected":false},"featured_media":879299,"template":"","meta":{"_acf_changed":false,"om_disable_all_campaigns":false,"rs_blank_template":"","rs_page_bg_color":"","slide_template_v7":"","inline_featured_image":false,"_monsterinsights_skip_tracking":false,"_monsterinsights_sitenote_active":false,"_monsterinsights_sitenote_note":"","_monsterinsights_sitenote_category":0},"product_brand":[],"product_cat":[131,361],"product_tag":[],"class_list":{"0":"post-879298","1":"product","2":"type-product","3":"status-publish","4":"has-post-thumbnail","6":"product_cat-contes-per-infants-0-6-anys","7":"product_cat-cuentos-para-ninos-0-6-anos","9":"first","10":"instock","11":"taxable","12":"shipping-taxable","13":"purchasable","14":"product-type-simple"},"acf":{"autor":"LLUCH GIRB\u00c9S, ENRIC","codart":"849824316","libros-coleccion":"FORA DE COL.LECCI\u00d3","ediciones":"1","encuadernacion":"R\u00fastica","fecha_de_publicacion":"01\/09\/2008","novedad":"1","paginas":"24","subtitulo":"","orden":"0","portada":"0","idioma":"spa","editorial":[{"ID":147873,"post_author":"3","post_date":"2022-10-14 11:53:52","post_date_gmt":"2022-10-14 09:53:52","post_content":"","post_title":"Edicions Bromera","post_excerpt":"","post_status":"publish","comment_status":"closed","ping_status":"closed","post_password":"","post_name":"edicions-bromera","to_ping":"","pinged":"","post_modified":"2022-10-14 11:53:52","post_modified_gmt":"2022-10-14 09:53:52","post_content_filtered":"","post_parent":0,"guid":"http:\/\/dev.claret.cat\/editorial\/edicions-bromera\/","menu_order":0,"post_type":"editorial","post_mime_type":"","comment_count":"0","filter":"raw"}],"autores-libros":[{"ID":155119,"post_author":"3","post_date":"2022-10-14 15:10:19","post_date_gmt":"2022-10-14 13:10:19","post_content":"","post_title":"ENRIC LLUCH GIRB\u00c9S","post_excerpt":"","post_status":"publish","comment_status":"closed","ping_status":"closed","post_password":"","post_name":"enric-lluch-girbes","to_ping":"","pinged":"","post_modified":"2022-10-14 15:10:19","post_modified_gmt":"2022-10-14 13:10:19","post_content_filtered":"","post_parent":0,"guid":"http:\/\/dev.claret.cat\/autor\/enric-lluch-girbes\/","menu_order":0,"post_type":"autor","post_mime_type":"","comment_count":"0","filter":"raw"}]},"aioseo_notices":[],"_links":{"self":[{"href":"https:\/\/www.claret.cat\/es\/wp-json\/wp\/v2\/product\/879298","targetHints":{"allow":["GET"]}}],"collection":[{"href":"https:\/\/www.claret.cat\/es\/wp-json\/wp\/v2\/product"}],"about":[{"href":"https:\/\/www.claret.cat\/es\/wp-json\/wp\/v2\/types\/product"}],"wp:featuredmedia":[{"embeddable":true,"href":"https:\/\/www.claret.cat\/es\/wp-json\/wp\/v2\/media\/879299"}],"wp:attachment":[{"href":"https:\/\/www.claret.cat\/es\/wp-json\/wp\/v2\/media?parent=879298"}],"wp:term":[{"taxonomy":"product_brand","embeddable":true,"href":"https:\/\/www.claret.cat\/es\/wp-json\/wp\/v2\/product_brand?post=879298"},{"taxonomy":"product_cat","embeddable":true,"href":"https:\/\/www.claret.cat\/es\/wp-json\/wp\/v2\/product_cat?post=879298"},{"taxonomy":"product_tag","embeddable":true,"href":"https:\/\/www.claret.cat\/es\/wp-json\/wp\/v2\/product_tag?post=879298"}],"curies":[{"name":"wp","href":"https:\/\/api.w.org\/{rel}","templated":true}]}}