{"id":880160,"date":"2023-10-10T19:07:31","date_gmt":"2023-10-10T17:07:31","guid":{"rendered":"https:\/\/www.claret.cat\/llibre\/la-criatura-del-deseo-9788418107948\/"},"modified":"2024-01-25T12:15:29","modified_gmt":"2024-01-25T11:15:29","slug":"la-criatura-del-deseo-9788418107948","status":"publish","type":"product","link":"https:\/\/www.claret.cat\/es\/libro\/la-criatura-del-deseo-9788418107948\/","title":{"rendered":"LA CRIATURA DEL DESEO"},"content":{"rendered":"<p>Bas\u00e1ndose en personajes y hechos reales, Andrea Camilleri reconstruye<br \/>la tormentosa relaci\u00f3n entre Alma Mahler y Oskar Kokoschka En 1912, un a\u00f1o despu\u00e9s de la muerte de Gustav Mahler, Alma, su joven viuda conoci\u00f3 al pintor Oskar Kokoschka. As\u00ed comienza su historia de amor, que pronto desembocar\u00e1 en una pasi\u00f3n tan desenfrenada como tumultuosa. Pero cuando Alma rompe brutalmente la relaci\u00f3n, Kokoschka, con el coraz\u00f3n destrozado, decide partir al frente. A su regreso, traumatizado por el conflicto y obsesionado a\u00fan con el amor perdido, encarga una mu\u00f1eca de tama\u00f1o natural con los rasgos de su amada. A partir de escritos biogr\u00e1ficos, cartas y otros materiales in\u00e9ditos, Andrea Camilleri reconstruye no solo la sobrecogedora historia de una desenfrenada pasi\u00f3n amorosa, en la que pugnan el genio art\u00edstico y la enfermedad mental, sino tambi\u00e9n una \u00e9poca crucial para el destino de Europa.La cr\u00edtica ha dicho&#8230; \u00abUna historia asombrosa y ver\u00eddica. Una cr\u00f3nica perversa en la que Kokoschka ejecuta con furia la matanza simb\u00f3lica de una mujer rebelde. Un mundo de proyecciones y mitos. El sue\u00f1o de Pigmali\u00f3n. Doctor Coppelius y Coppelia, su codiciado maniqu\u00ed. Los fetiches er\u00f3ticos de los cuerpos hinchables.\u00bb La Repubblica \u00abPor su capacidad para ahondar en un mundo que ya hab\u00eda visitado tanto y descubrir cosas nuevas, las novelas criminales o novelas negras de Camilleri ajenas al universo de Montalbano son su derivada m\u00e1s interesante.\u00bb El Pa\u00eds<\/p>\n","protected":false},"excerpt":{"rendered":"<p>CAMILLERI, ANDREA<\/p>\n","protected":false},"featured_media":882564,"template":"","meta":{"_acf_changed":false,"om_disable_all_campaigns":false,"rs_blank_template":"","rs_page_bg_color":"","slide_template_v7":"","inline_featured_image":false,"_monsterinsights_skip_tracking":false,"_monsterinsights_sitenote_active":false,"_monsterinsights_sitenote_note":"","_monsterinsights_sitenote_category":0},"product_brand":[],"product_cat":[127,357],"product_tag":[],"class_list":{"0":"post-880160","1":"product","2":"type-product","3":"status-publish","4":"has-post-thumbnail","6":"product_cat-novella-contemporania","7":"product_cat-novela-contemporanea","9":"first","10":"instock","11":"taxable","12":"shipping-taxable","13":"purchasable","14":"product-type-simple"},"acf":{"autor":"CAMILLERI, ANDREA","codart":"841810794","libros-coleccion":"FORA DE COL.LECCI\u00d3","ediciones":"1","encuadernacion":"R\u00fastica","fecha_de_publicacion":"01\/10\/2023","novedad":"1","paginas":"160","subtitulo":"","orden":"0","portada":"0","idioma":"spa","editorial":[{"ID":6352,"post_author":"3","post_date":"2022-07-28 17:50:21","post_date_gmt":"2022-07-28 15:50:21","post_content":"","post_title":"SALAMANDRA","post_excerpt":"","post_status":"publish","comment_status":"closed","ping_status":"closed","post_password":"","post_name":"salamandra","to_ping":"","pinged":"","post_modified":"2022-07-28 17:50:21","post_modified_gmt":"2022-07-28 15:50:21","post_content_filtered":"","post_parent":0,"guid":"http:\/\/dev.claret.cat\/editorial\/salamandra\/","menu_order":0,"post_type":"editorial","post_mime_type":"","comment_count":"0","filter":"raw"}],"autores-libros":[{"ID":150203,"post_author":"3","post_date":"2022-10-14 14:31:04","post_date_gmt":"2022-10-14 12:31:04","post_content":"","post_title":"ANDREA CAMILLERI","post_excerpt":"","post_status":"publish","comment_status":"closed","ping_status":"closed","post_password":"","post_name":"andrea-camilleri","to_ping":"","pinged":"","post_modified":"2022-10-14 14:31:04","post_modified_gmt":"2022-10-14 12:31:04","post_content_filtered":"","post_parent":0,"guid":"http:\/\/dev.claret.cat\/autor\/andrea-camilleri\/","menu_order":0,"post_type":"autor","post_mime_type":"","comment_count":"0","filter":"raw"}]},"aioseo_notices":[],"_links":{"self":[{"href":"https:\/\/www.claret.cat\/es\/wp-json\/wp\/v2\/product\/880160","targetHints":{"allow":["GET"]}}],"collection":[{"href":"https:\/\/www.claret.cat\/es\/wp-json\/wp\/v2\/product"}],"about":[{"href":"https:\/\/www.claret.cat\/es\/wp-json\/wp\/v2\/types\/product"}],"wp:featuredmedia":[{"embeddable":true,"href":"https:\/\/www.claret.cat\/es\/wp-json\/wp\/v2\/media\/882564"}],"wp:attachment":[{"href":"https:\/\/www.claret.cat\/es\/wp-json\/wp\/v2\/media?parent=880160"}],"wp:term":[{"taxonomy":"product_brand","embeddable":true,"href":"https:\/\/www.claret.cat\/es\/wp-json\/wp\/v2\/product_brand?post=880160"},{"taxonomy":"product_cat","embeddable":true,"href":"https:\/\/www.claret.cat\/es\/wp-json\/wp\/v2\/product_cat?post=880160"},{"taxonomy":"product_tag","embeddable":true,"href":"https:\/\/www.claret.cat\/es\/wp-json\/wp\/v2\/product_tag?post=880160"}],"curies":[{"name":"wp","href":"https:\/\/api.w.org\/{rel}","templated":true}]}}