{"id":880163,"date":"2023-10-10T19:07:42","date_gmt":"2023-10-10T17:07:42","guid":{"rendered":"https:\/\/www.claret.cat\/llibre\/per-que-els-elefants-no-tenen-cancer-9788419259585\/"},"modified":"2023-12-13T13:41:21","modified_gmt":"2023-12-13T12:41:21","slug":"per-que-els-elefants-no-tenen-cancer-9788419259585","status":"publish","type":"product","link":"https:\/\/www.claret.cat\/es\/libro\/per-que-els-elefants-no-tenen-cancer-9788419259585\/","title":{"rendered":"PER QU\u00c8 ELS ELEFANTS NO TENEN C\u00c0NCER?"},"content":{"rendered":"<p>Setze cient\u00edfics ens expliquen el perqu\u00e8 del que ens envolta d&#8221;una manera propera i amena. Quin \u00e9s l&#8221;origen de les esp\u00e8cies? Com ens orientem a l&#8221;espai? Podr\u00edem nadar en una piscina de mel? Per qu\u00e8 el c\u00e0ncer no afecta igual a totes les esp\u00e8cies? El nostre entorn \u00e9s ple de fen\u00f2mens que amaguen grans inc\u00f2gnites. La ci\u00e8ncia ens permet entendre el m\u00f3n on vivim i interpretar els canvis que vindran. Us animeu a disseccionar-la? Els autors d&#8221;aquest llibre, tots ells membres de la plataforma Neurones Fregides, provenen de branques cient\u00edfiques diverses i demostren en aquestes p\u00e0gines com la ci\u00e8ncia est\u00e0 interconnectada, talment una xarxa neuronal. Amb un to divulgatiu i proper, responen preguntes que sempre ens hem fet sobre tot el que ens envolta i ens acosten la ci\u00e8ncia com mai ens l&#8221;han explicada.<\/p>\n","protected":false},"excerpt":{"rendered":"<p>NEURONES FREGIDES<\/p>\n","protected":false},"featured_media":880466,"template":"","meta":{"_acf_changed":false,"om_disable_all_campaigns":false,"rs_blank_template":"","rs_page_bg_color":"","slide_template_v7":"","inline_featured_image":false,"_monsterinsights_skip_tracking":false,"_monsterinsights_sitenote_active":false,"_monsterinsights_sitenote_note":"","_monsterinsights_sitenote_category":0},"product_brand":[],"product_cat":[104,554],"product_tag":[],"class_list":{"0":"post-880163","1":"product","2":"type-product","3":"status-publish","4":"has-post-thumbnail","6":"product_cat-ciencia","7":"product_cat-ciencia-5_otras-spa","9":"first","10":"instock","11":"taxable","12":"shipping-taxable","13":"purchasable","14":"product-type-simple"},"acf":{"autor":"NEURONES FREGIDES","codart":"841925958","libros-coleccion":"FORA DE COL.LECCI\u00d3","ediciones":"1","encuadernacion":"R\u00fastica","fecha_de_publicacion":"01\/10\/2023","novedad":"1","paginas":"252","subtitulo":"I ALTRES PREGUNTES CIENT\u00cdFIQUES QUE ET FREGIRAN LES NEURONES","orden":"0","portada":"0","idioma":"spa","editorial":[{"ID":6350,"post_author":"3","post_date":"2022-07-28 17:50:18","post_date_gmt":"2022-07-28 15:50:18","post_content":"","post_title":"ROSA DELS VENTS","post_excerpt":"","post_status":"publish","comment_status":"closed","ping_status":"closed","post_password":"","post_name":"rosa-dels-vents","to_ping":"","pinged":"","post_modified":"2022-07-28 17:50:18","post_modified_gmt":"2022-07-28 15:50:18","post_content_filtered":"","post_parent":0,"guid":"http:\/\/dev.claret.cat\/editorial\/rosa-dels-vents\/","menu_order":0,"post_type":"editorial","post_mime_type":"","comment_count":"0","filter":"raw"}],"autores-libros":[{"ID":880361,"post_author":"3","post_date":"2023-10-10 19:31:18","post_date_gmt":"2023-10-10 17:31:18","post_content":"","post_title":"NEURONES FREGIDES","post_excerpt":"","post_status":"publish","comment_status":"closed","ping_status":"closed","post_password":"","post_name":"neurones-fregides","to_ping":"","pinged":"","post_modified":"2023-10-10 19:31:18","post_modified_gmt":"2023-10-10 17:31:18","post_content_filtered":"","post_parent":0,"guid":"https:\/\/www.claret.cat\/autor\/neurones-fregides\/","menu_order":0,"post_type":"autor","post_mime_type":"","comment_count":"0","filter":"raw"}]},"aioseo_notices":[],"_links":{"self":[{"href":"https:\/\/www.claret.cat\/es\/wp-json\/wp\/v2\/product\/880163","targetHints":{"allow":["GET"]}}],"collection":[{"href":"https:\/\/www.claret.cat\/es\/wp-json\/wp\/v2\/product"}],"about":[{"href":"https:\/\/www.claret.cat\/es\/wp-json\/wp\/v2\/types\/product"}],"wp:featuredmedia":[{"embeddable":true,"href":"https:\/\/www.claret.cat\/es\/wp-json\/wp\/v2\/media\/880466"}],"wp:attachment":[{"href":"https:\/\/www.claret.cat\/es\/wp-json\/wp\/v2\/media?parent=880163"}],"wp:term":[{"taxonomy":"product_brand","embeddable":true,"href":"https:\/\/www.claret.cat\/es\/wp-json\/wp\/v2\/product_brand?post=880163"},{"taxonomy":"product_cat","embeddable":true,"href":"https:\/\/www.claret.cat\/es\/wp-json\/wp\/v2\/product_cat?post=880163"},{"taxonomy":"product_tag","embeddable":true,"href":"https:\/\/www.claret.cat\/es\/wp-json\/wp\/v2\/product_tag?post=880163"}],"curies":[{"name":"wp","href":"https:\/\/api.w.org\/{rel}","templated":true}]}}