{"id":880170,"date":"2023-10-10T19:10:07","date_gmt":"2023-10-10T17:10:07","guid":{"rendered":"https:\/\/www.claret.cat\/llibre\/el-comisario-montalbano-los-primeros-casos-comisario-montalbano-9788419456229\/"},"modified":"2023-10-16T19:00:26","modified_gmt":"2023-10-16T17:00:26","slug":"el-comisario-montalbano-los-primeros-casos-comisario-montalbano-9788419456229","status":"publish","type":"product","link":"https:\/\/www.claret.cat\/es\/libro\/el-comisario-montalbano-los-primeros-casos-comisario-montalbano-9788419456229\/","title":{"rendered":"EL COMISARIO MONTALBANO. LOS PRIMEROS CASOS (COMISARIO MONTALBANO)"},"content":{"rendered":"<p>Esta edici\u00f3n re\u00fane los tres primeras casos protagonizados por el comisario Montalbano. Una excelente ocasi\u00f3n para descubrir la serie de novela negra m\u00e1s mediterr\u00e1nea. Salvo Montalbano tiene cuarenta y cinco a\u00f1os, una novia en G\u00e9nova y es comisario de polic\u00eda de Vig\u00e0ta, en Sicilia, un peque\u00f1o pueblo que, si bien no aparece en ning\u00fan mapa, es tan real como la vida misma. Fiel amigo de sus amigos, amante de la buena mesa y sabedor de que la tierra ha girado y seguir\u00e1 girando en torno al sol, Montalbano encarna la esencia de la cultura mediterr\u00e1nea. Su temperamento melanc\u00f3lico, su implacable sentido de la justicia, rayana en lo quijotesco, as\u00ed como su infalible perspicacia, lo han convertido en un h\u00e9roe verdaderamente popular, cuyas historias son devoradas con fruici\u00f3n por millones de incondicionales lectores en todo el mundo.<\/p>\n","protected":false},"excerpt":{"rendered":"<p>CAMILLERI, ANDREA<\/p>\n","protected":false},"featured_media":882928,"template":"","meta":{"_acf_changed":false,"om_disable_all_campaigns":false,"rs_blank_template":"","rs_page_bg_color":"","slide_template_v7":"","inline_featured_image":false,"_monsterinsights_skip_tracking":false,"_monsterinsights_sitenote_active":false,"_monsterinsights_sitenote_note":"","_monsterinsights_sitenote_category":0},"product_brand":[],"product_cat":[127,357],"product_tag":[],"class_list":{"0":"post-880170","1":"product","2":"type-product","3":"status-publish","4":"has-post-thumbnail","6":"product_cat-novella-contemporania","7":"product_cat-novela-contemporanea","9":"first","10":"instock","11":"taxable","12":"shipping-taxable","13":"purchasable","14":"product-type-simple"},"acf":{"autor":"CAMILLERI, ANDREA","codart":"841945622","libros-coleccion":"Narrativa \u00f1","ediciones":"1","encuadernacion":"Carton\u00e9","fecha_de_publicacion":"01\/10\/2023","novedad":"1","paginas":"602","subtitulo":"","orden":"0","portada":"0","idioma":"spa","editorial":[{"ID":6352,"post_author":"3","post_date":"2022-07-28 17:50:21","post_date_gmt":"2022-07-28 15:50:21","post_content":"","post_title":"SALAMANDRA","post_excerpt":"","post_status":"publish","comment_status":"closed","ping_status":"closed","post_password":"","post_name":"salamandra","to_ping":"","pinged":"","post_modified":"2022-07-28 17:50:21","post_modified_gmt":"2022-07-28 15:50:21","post_content_filtered":"","post_parent":0,"guid":"http:\/\/dev.claret.cat\/editorial\/salamandra\/","menu_order":0,"post_type":"editorial","post_mime_type":"","comment_count":"0","filter":"raw"}],"autores-libros":[{"ID":150203,"post_author":"3","post_date":"2022-10-14 14:31:04","post_date_gmt":"2022-10-14 12:31:04","post_content":"","post_title":"ANDREA CAMILLERI","post_excerpt":"","post_status":"publish","comment_status":"closed","ping_status":"closed","post_password":"","post_name":"andrea-camilleri","to_ping":"","pinged":"","post_modified":"2022-10-14 14:31:04","post_modified_gmt":"2022-10-14 12:31:04","post_content_filtered":"","post_parent":0,"guid":"http:\/\/dev.claret.cat\/autor\/andrea-camilleri\/","menu_order":0,"post_type":"autor","post_mime_type":"","comment_count":"0","filter":"raw"}]},"aioseo_notices":[],"_links":{"self":[{"href":"https:\/\/www.claret.cat\/es\/wp-json\/wp\/v2\/product\/880170","targetHints":{"allow":["GET"]}}],"collection":[{"href":"https:\/\/www.claret.cat\/es\/wp-json\/wp\/v2\/product"}],"about":[{"href":"https:\/\/www.claret.cat\/es\/wp-json\/wp\/v2\/types\/product"}],"wp:featuredmedia":[{"embeddable":true,"href":"https:\/\/www.claret.cat\/es\/wp-json\/wp\/v2\/media\/882928"}],"wp:attachment":[{"href":"https:\/\/www.claret.cat\/es\/wp-json\/wp\/v2\/media?parent=880170"}],"wp:term":[{"taxonomy":"product_brand","embeddable":true,"href":"https:\/\/www.claret.cat\/es\/wp-json\/wp\/v2\/product_brand?post=880170"},{"taxonomy":"product_cat","embeddable":true,"href":"https:\/\/www.claret.cat\/es\/wp-json\/wp\/v2\/product_cat?post=880170"},{"taxonomy":"product_tag","embeddable":true,"href":"https:\/\/www.claret.cat\/es\/wp-json\/wp\/v2\/product_tag?post=880170"}],"curies":[{"name":"wp","href":"https:\/\/api.w.org\/{rel}","templated":true}]}}