{"id":8802,"date":"2022-09-30T12:15:59","date_gmt":"2022-09-30T10:15:59","guid":{"rendered":"http:\/\/dev.claret.cat\/producte\/una-ventana-al-raval\/"},"modified":"2025-02-21T17:30:58","modified_gmt":"2025-02-21T16:30:58","slug":"una-ventana-al-raval-9788491363538","status":"publish","type":"product","link":"https:\/\/www.claret.cat\/es\/libro\/una-ventana-al-raval-9788491363538\/","title":{"rendered":"UNA VENTANA AL RAVAL"},"content":{"rendered":"<p>La comunidad teresiana del Raval cumple veinticinco a\u00f1os de vida, y este libro es m\u00e1s que una retrospectiva de esos veinticinco a\u00f1os de historia: son mil y una vidas vividas y sentidas comunitariamente, encarn\u00e1ndose en cada \u00e9poca, con sus giros y vaivenes, intentando dar respuesta continuamente a los signos de los tiempos, tan cambiantes y apasionantes en esta \u00e9poca que nos toca vivir.<br \/> El t\u00edtulo, Una ventana al Raval, pone el centro en el barrio, porque as\u00ed se ha vivido, volcada la comunidad en la misi\u00f3n y esta en el Raval y sus gentes. La pluma vibrante de M. Vict\u00f2ria Molins describe los hechos m\u00e1s significativos de esta comunidad: los comienzos, con esa mezcla de seguridad en las convicciones y torpeza ante lo desconocido; las diferentes \u00e9pocas que se han sucedido, siempre atentas a los cambios sociales; las hermanas que han formado parte de esta comunidad, con sus anhelos y vocaciones particulares; y, por \u00faltimo, un retazo significativo de los cientos de vidas que han sido compa\u00f1eras de camino de la comunidad y la han enriquecido.<\/p>\n<p>Pots veure la presentaci\u00f3 aqu\u00ed:<\/p>\n","protected":false},"excerpt":{"rendered":"<p>MOLINS, MARIA VICT\u00d2RIA<\/p>\n","protected":false},"featured_media":360828,"template":"","meta":{"_acf_changed":false,"om_disable_all_campaigns":false,"rs_blank_template":"","rs_page_bg_color":"","slide_template_v7":"","inline_featured_image":false,"_monsterinsights_skip_tracking":false,"_monsterinsights_sitenote_active":false,"_monsterinsights_sitenote_note":"","_monsterinsights_sitenote_category":0},"product_brand":[],"product_cat":[485,232,581],"product_tag":[],"class_list":{"0":"post-8802","1":"product","2":"type-product","3":"status-publish","4":"has-post-thumbnail","6":"product_cat-autores-espiritualidad-1_espiritualidad","7":"product_cat-autors-espiritualitat","8":"product_cat-editorial-claret","10":"first","11":"instock","12":"taxable","13":"shipping-taxable","14":"purchasable","15":"product-type-simple"},"acf":{"editorial":[{"ID":6158,"post_author":"3","post_date":"2022-07-28 17:46:08","post_date_gmt":"2022-07-28 15:46:08","post_content":"","post_title":"CLARET","post_excerpt":"","post_status":"publish","comment_status":"closed","ping_status":"closed","post_password":"","post_name":"claret","to_ping":"","pinged":"","post_modified":"2022-07-28 17:46:08","post_modified_gmt":"2022-07-28 15:46:08","post_content_filtered":"","post_parent":0,"guid":"http:\/\/dev.claret.cat\/editorial\/claret\/","menu_order":0,"post_type":"editorial","post_mime_type":"","comment_count":"0","filter":"raw"}],"autores-libros":[{"ID":5801,"post_author":"3","post_date":"2022-07-28 17:31:45","post_date_gmt":"2022-07-28 15:31:45","post_content":"","post_title":"MARIA VICT\u00d2RIA MOLINS","post_excerpt":"","post_status":"publish","comment_status":"closed","ping_status":"closed","post_password":"","post_name":"maria-victoria-molins","to_ping":"","pinged":"","post_modified":"2022-07-28 17:31:45","post_modified_gmt":"2022-07-28 15:31:45","post_content_filtered":"","post_parent":0,"guid":"http:\/\/dev.claret.cat\/autor\/maria-victoria-molins\/","menu_order":0,"post_type":"autor","post_mime_type":"","comment_count":"0","filter":"raw"}],"autor":"MOLINS, MARIA VICT\u00d2RIA","codart":"849136353","libros-coleccion":"","ediciones":"1","encuadernacion":"R\u00fastica","fecha_de_publicacion":"08\/06\/2021","novedad":"0","paginas":"226","subtitulo":"25 A\u00d1OS DE UNA COMUNIDAD TERESIANA","orden":"0","portada":"0","idioma":"spa","booktrailer":"","linkebook":"","ficha":"849136353_1689076803.pdf","muestra":"","precioebook":"0","presentacion":"","resenas":""},"aioseo_notices":[],"_links":{"self":[{"href":"https:\/\/www.claret.cat\/es\/wp-json\/wp\/v2\/product\/8802","targetHints":{"allow":["GET"]}}],"collection":[{"href":"https:\/\/www.claret.cat\/es\/wp-json\/wp\/v2\/product"}],"about":[{"href":"https:\/\/www.claret.cat\/es\/wp-json\/wp\/v2\/types\/product"}],"wp:featuredmedia":[{"embeddable":true,"href":"https:\/\/www.claret.cat\/es\/wp-json\/wp\/v2\/media\/360828"}],"wp:attachment":[{"href":"https:\/\/www.claret.cat\/es\/wp-json\/wp\/v2\/media?parent=8802"}],"wp:term":[{"taxonomy":"product_brand","embeddable":true,"href":"https:\/\/www.claret.cat\/es\/wp-json\/wp\/v2\/product_brand?post=8802"},{"taxonomy":"product_cat","embeddable":true,"href":"https:\/\/www.claret.cat\/es\/wp-json\/wp\/v2\/product_cat?post=8802"},{"taxonomy":"product_tag","embeddable":true,"href":"https:\/\/www.claret.cat\/es\/wp-json\/wp\/v2\/product_tag?post=8802"}],"curies":[{"name":"wp","href":"https:\/\/api.w.org\/{rel}","templated":true}]}}