{"id":880216,"date":"2023-10-10T19:12:46","date_gmt":"2023-10-10T17:12:46","guid":{"rendered":"https:\/\/www.claret.cat\/llibre\/peppa-pig-libro-popup-peppa-y-los-dragones-9788448864330\/"},"modified":"2024-04-27T12:50:15","modified_gmt":"2024-04-27T10:50:15","slug":"peppa-pig-libro-popup-peppa-y-los-dragones-9788448864330","status":"publish","type":"product","link":"https:\/\/www.claret.cat\/es\/libro\/peppa-pig-libro-popup-peppa-y-los-dragones-9788448864330\/","title":{"rendered":"PEPPA PIG. LIBRO POP-UP &#8211; PEPPA Y LOS DRAGONES"},"content":{"rendered":"<p>Un cuento m\u00e1gico de Peppa Pig, \u00a1ahora con Pop-ups! \u00a1A Peppa y a George les encantan los dragones! Son criaturas incre\u00edbles: rugen y vuelan muy alto. Hoy van a ir con el abuelo y la abuela Pig a buscar algunos. \u00bfTe animas a acompa\u00f1arlos? Este libro repleto de magia despertar\u00e1 la curiosidad de los m\u00e1s peque\u00f1os con coloridas ilustraciones, adem\u00e1s de solapas y desplegables con los que podr\u00e1n participar en la historia descubriendo las criaturas que esconden. Los elementos pop-up del libro ayudar\u00e1n a que ni\u00f1os y ni\u00f1as desarrollen habilidades motrices al mismo tiempo que se divierten con sus personajes favoritos. Los ni\u00f1os peque\u00f1os disfrutar\u00e1n con las m\u00e1s divertidas aventuras en estos preciosos libros de cart\u00f3n. *F\u00e1ciles de manipular por sus peque\u00f1as manitas. *Estimulan su desarrollo a trav\u00e9s de las pesta\u00f1as y los mecanismos. *Potencian su imaginaci\u00f3n con las ilustraciones.*Libros novedosos, pensados para convertirse en cl\u00e1sicos.<\/p>\n","protected":false},"excerpt":{"rendered":"<p>HASBRO \/ EONE<\/p>\n","protected":false},"featured_media":947741,"template":"","meta":{"_acf_changed":false,"om_disable_all_campaigns":false,"rs_blank_template":"","rs_page_bg_color":"","slide_template_v7":"","inline_featured_image":false,"_monsterinsights_skip_tracking":false,"_monsterinsights_sitenote_active":false,"_monsterinsights_sitenote_note":"","_monsterinsights_sitenote_category":0},"product_brand":[],"product_cat":[131,361],"product_tag":[],"class_list":{"0":"post-880216","1":"product","2":"type-product","3":"status-publish","4":"has-post-thumbnail","6":"product_cat-contes-per-infants-0-6-anys","7":"product_cat-cuentos-para-ninos-0-6-anos","9":"first","10":"instock","11":"taxable","12":"shipping-taxable","13":"purchasable","14":"product-type-simple"},"acf":{"autor":"HASBRO \/ EONE","codart":"844886433","libros-coleccion":"PEPPA PIG","ediciones":"1","encuadernacion":"Carton\u00e9","fecha_de_publicacion":"01\/10\/2023","novedad":"1","paginas":"12","subtitulo":"","orden":"0","portada":"0","idioma":"spa","editorial":[{"ID":6141,"post_author":"3","post_date":"2022-07-28 17:45:46","post_date_gmt":"2022-07-28 15:45:46","post_content":"","post_title":"BEASCOA","post_excerpt":"","post_status":"publish","comment_status":"closed","ping_status":"closed","post_password":"","post_name":"beascoa","to_ping":"","pinged":"","post_modified":"2022-07-28 17:45:46","post_modified_gmt":"2022-07-28 15:45:46","post_content_filtered":"","post_parent":0,"guid":"http:\/\/dev.claret.cat\/editorial\/beascoa\/","menu_order":0,"post_type":"editorial","post_mime_type":"","comment_count":"0","filter":"raw"}],"autores-libros":[{"ID":155206,"post_author":"3","post_date":"2022-10-14 15:11:00","post_date_gmt":"2022-10-14 13:11:00","post_content":"","post_title":"EONE","post_excerpt":"","post_status":"publish","comment_status":"closed","ping_status":"closed","post_password":"","post_name":"eone","to_ping":"","pinged":"","post_modified":"2022-10-14 15:11:00","post_modified_gmt":"2022-10-14 13:11:00","post_content_filtered":"","post_parent":0,"guid":"http:\/\/dev.claret.cat\/autor\/eone\/","menu_order":0,"post_type":"autor","post_mime_type":"","comment_count":"0","filter":"raw"},{"ID":410657,"post_author":"3","post_date":"2023-03-06 19:41:16","post_date_gmt":"2023-03-06 18:41:16","post_content":"","post_title":"HASBRO","post_excerpt":"","post_status":"publish","comment_status":"closed","ping_status":"closed","post_password":"","post_name":"hasbro-2","to_ping":"","pinged":"","post_modified":"2023-03-06 19:41:16","post_modified_gmt":"2023-03-06 18:41:16","post_content_filtered":"","post_parent":0,"guid":"https:\/\/www.claret.cat\/autor\/hasbro-2\/","menu_order":0,"post_type":"autor","post_mime_type":"","comment_count":"0","filter":"raw"}]},"aioseo_notices":[],"_links":{"self":[{"href":"https:\/\/www.claret.cat\/es\/wp-json\/wp\/v2\/product\/880216","targetHints":{"allow":["GET"]}}],"collection":[{"href":"https:\/\/www.claret.cat\/es\/wp-json\/wp\/v2\/product"}],"about":[{"href":"https:\/\/www.claret.cat\/es\/wp-json\/wp\/v2\/types\/product"}],"wp:featuredmedia":[{"embeddable":true,"href":"https:\/\/www.claret.cat\/es\/wp-json\/wp\/v2\/media\/947741"}],"wp:attachment":[{"href":"https:\/\/www.claret.cat\/es\/wp-json\/wp\/v2\/media?parent=880216"}],"wp:term":[{"taxonomy":"product_brand","embeddable":true,"href":"https:\/\/www.claret.cat\/es\/wp-json\/wp\/v2\/product_brand?post=880216"},{"taxonomy":"product_cat","embeddable":true,"href":"https:\/\/www.claret.cat\/es\/wp-json\/wp\/v2\/product_cat?post=880216"},{"taxonomy":"product_tag","embeddable":true,"href":"https:\/\/www.claret.cat\/es\/wp-json\/wp\/v2\/product_tag?post=880216"}],"curies":[{"name":"wp","href":"https:\/\/api.w.org\/{rel}","templated":true}]}}