{"id":880224,"date":"2023-10-10T19:15:09","date_gmt":"2023-10-10T17:15:09","guid":{"rendered":"https:\/\/www.claret.cat\/llibre\/peppa-pig-llibre-popup-la-pepa-i-els-dracs-9788448864347\/"},"modified":"2025-10-11T12:40:16","modified_gmt":"2025-10-11T10:40:16","slug":"peppa-pig-llibre-popup-la-pepa-i-els-dracs-9788448864347","status":"publish","type":"product","link":"https:\/\/www.claret.cat\/es\/libro\/peppa-pig-llibre-popup-la-pepa-i-els-dracs-9788448864347\/","title":{"rendered":"PEPPA PIG. LLIBRE POP-UP &#8211; LA PEPA I ELS DRACS"},"content":{"rendered":"<p>Un nou conte m\u00e0gic en format pop-up protagonitzat per la porqueta Pepa i els seus amics A la Pepa i al Jordi els encanten els dracs! S\u00f3n criatures incre\u00efbles: rugeixen i volen molt alt. Avui aniran amb l&#8221;avi i l&#8221;\u00e0via Pig a buscar-ne alguns. T&#8221;animes a acompanyar-los? Aquest llibre ple de m\u00e0gia despertar\u00e0 la curiositat dels m\u00e9s petits amb acolorides il\u00b7lustracions i solapes i desplegables amb qu\u00e8 podran participar en la hist\u00f2ria descobrint les criatures que amaguen. Els elements pop-up del llibre ajudaran que nens i nenes desenvolupin habilitats motrius alhora que es diverteixen amb els seus personatges favorits. Els nens petits gaudiran amb les m\u00e9s divertides aventures en aquests preciosos llibres de cartr\u00f3. *F\u00e0cils de manipular per les seves mans petitones.*Estimulen el seu desenvolupament a trav\u00e9s de les pestanyes i els mecanismes. *Potencien la seva imaginaci\u00f3 amb les il\u00b7lustracions de la seva porqueta favorita. *Llibres nous, pensats per convertir-se en cl\u00e0ssics.<\/p>\n","protected":false},"excerpt":{"rendered":"<p>HASBRO \/ EONE<\/p>\n","protected":false},"featured_media":1021137,"template":"","meta":{"_acf_changed":false,"om_disable_all_campaigns":false,"rs_blank_template":"","rs_page_bg_color":"","slide_template_v7":"","inline_featured_image":false,"_monsterinsights_skip_tracking":false,"_monsterinsights_sitenote_active":false,"_monsterinsights_sitenote_note":"","_monsterinsights_sitenote_category":0},"product_brand":[],"product_cat":[131,361],"product_tag":[],"class_list":{"0":"post-880224","1":"product","2":"type-product","3":"status-publish","4":"has-post-thumbnail","6":"product_cat-contes-per-infants-0-6-anys","7":"product_cat-cuentos-para-ninos-0-6-anos","9":"first","10":"instock","11":"taxable","12":"shipping-taxable","13":"purchasable","14":"product-type-simple"},"acf":{"autor":"HASBRO \/ EONE","codart":"844886434","libros-coleccion":"","ediciones":"1","encuadernacion":"Carton\u00e9","fecha_de_publicacion":"01\/10\/2023","novedad":"1","paginas":"12","subtitulo":"","orden":"0","portada":"0","idioma":"cat","editorial":[{"ID":6141,"post_author":"3","post_date":"2022-07-28 17:45:46","post_date_gmt":"2022-07-28 15:45:46","post_content":"","post_title":"BEASCOA","post_excerpt":"","post_status":"publish","comment_status":"closed","ping_status":"closed","post_password":"","post_name":"beascoa","to_ping":"","pinged":"","post_modified":"2022-07-28 17:45:46","post_modified_gmt":"2022-07-28 15:45:46","post_content_filtered":"","post_parent":0,"guid":"http:\/\/dev.claret.cat\/editorial\/beascoa\/","menu_order":0,"post_type":"editorial","post_mime_type":"","comment_count":"0","filter":"raw"}],"autores-libros":[{"ID":410657,"post_author":"3","post_date":"2023-03-06 19:41:16","post_date_gmt":"2023-03-06 18:41:16","post_content":"","post_title":"HASBRO","post_excerpt":"","post_status":"publish","comment_status":"closed","ping_status":"closed","post_password":"","post_name":"hasbro-2","to_ping":"","pinged":"","post_modified":"2023-03-06 19:41:16","post_modified_gmt":"2023-03-06 18:41:16","post_content_filtered":"","post_parent":0,"guid":"https:\/\/www.claret.cat\/autor\/hasbro-2\/","menu_order":0,"post_type":"autor","post_mime_type":"","comment_count":"0","filter":"raw"},{"ID":155206,"post_author":"3","post_date":"2022-10-14 15:11:00","post_date_gmt":"2022-10-14 13:11:00","post_content":"","post_title":"EONE","post_excerpt":"","post_status":"publish","comment_status":"closed","ping_status":"closed","post_password":"","post_name":"eone","to_ping":"","pinged":"","post_modified":"2022-10-14 15:11:00","post_modified_gmt":"2022-10-14 13:11:00","post_content_filtered":"","post_parent":0,"guid":"http:\/\/dev.claret.cat\/autor\/eone\/","menu_order":0,"post_type":"autor","post_mime_type":"","comment_count":"0","filter":"raw"}],"booktrailer":"","resenas":""},"aioseo_notices":[],"_links":{"self":[{"href":"https:\/\/www.claret.cat\/es\/wp-json\/wp\/v2\/product\/880224","targetHints":{"allow":["GET"]}}],"collection":[{"href":"https:\/\/www.claret.cat\/es\/wp-json\/wp\/v2\/product"}],"about":[{"href":"https:\/\/www.claret.cat\/es\/wp-json\/wp\/v2\/types\/product"}],"wp:featuredmedia":[{"embeddable":true,"href":"https:\/\/www.claret.cat\/es\/wp-json\/wp\/v2\/media\/1021137"}],"wp:attachment":[{"href":"https:\/\/www.claret.cat\/es\/wp-json\/wp\/v2\/media?parent=880224"}],"wp:term":[{"taxonomy":"product_brand","embeddable":true,"href":"https:\/\/www.claret.cat\/es\/wp-json\/wp\/v2\/product_brand?post=880224"},{"taxonomy":"product_cat","embeddable":true,"href":"https:\/\/www.claret.cat\/es\/wp-json\/wp\/v2\/product_cat?post=880224"},{"taxonomy":"product_tag","embeddable":true,"href":"https:\/\/www.claret.cat\/es\/wp-json\/wp\/v2\/product_tag?post=880224"}],"curies":[{"name":"wp","href":"https:\/\/api.w.org\/{rel}","templated":true}]}}