{"id":880306,"date":"2023-10-10T19:21:45","date_gmt":"2023-10-10T17:21:45","guid":{"rendered":"https:\/\/www.claret.cat\/llibre\/la-mirada-cinica-9788415707653\/"},"modified":"2023-10-17T17:35:17","modified_gmt":"2023-10-17T15:35:17","slug":"la-mirada-cinica-9788415707653","status":"publish","type":"product","link":"https:\/\/www.claret.cat\/es\/libro\/la-mirada-cinica-9788415707653\/","title":{"rendered":"LA MIRADA C\u00cdNICA"},"content":{"rendered":"<p>El c\u00ednico prefiere a la complejidad de los tratados la intensidad de los epigramas.S\u00f3lo el due\u00f1o del arte del cinismo consigue llevar a cabo la formidable tarea de la distinci\u00f3n, ese saber &#8216;ver las cosas como son&#8217;; pues el cinismo tiene siempre algo de develador, de desenmascarador de la mentira m\u00e1s o menos institucionalizada.<br \/>Ambrose Bierce (1842-1914) es un ingenio quemado por el esp\u00edritu de la verdad que va incendiando a su paso templos y palacios, y lo hace con textos breves y claros; pues, como sab\u00edan los antiguos, el lenguaje de la verdad es sencillo. Frente a las alambicadas explicaciones, frente a la complejidad del enga\u00f1o, la verdad tiende a ser breve y clara.<\/p>\n","protected":false},"excerpt":{"rendered":"<p>BIERCE, AMBROSE<\/p>\n","protected":false},"featured_media":880307,"template":"","meta":{"_acf_changed":false,"om_disable_all_campaigns":false,"rs_blank_template":"","rs_page_bg_color":"","slide_template_v7":"","inline_featured_image":false,"_monsterinsights_skip_tracking":false,"_monsterinsights_sitenote_active":false,"_monsterinsights_sitenote_note":"","_monsterinsights_sitenote_category":0},"product_brand":[],"product_cat":[90,540],"product_tag":[],"class_list":{"0":"post-880306","1":"product","2":"type-product","3":"status-publish","4":"has-post-thumbnail","6":"product_cat-altres","7":"product_cat-otros","9":"first","10":"instock","11":"taxable","12":"shipping-taxable","13":"purchasable","14":"product-type-simple"},"acf":{"autor":"BIERCE, AMBROSE","codart":"841570765","libros-coleccion":"Cl\u00e1sicos","ediciones":"1","encuadernacion":"R\u00fastica","fecha_de_publicacion":"01\/09\/2020","novedad":"1","paginas":"80","subtitulo":"EPIGRAMAS Y AFORISMOS","orden":"0","portada":"0","idioma":"spa","editorial":[{"ID":147853,"post_author":"3","post_date":"2022-10-14 11:53:43","post_date_gmt":"2022-10-14 09:53:43","post_content":"","post_title":"EDICIONES SEQUITUR","post_excerpt":"","post_status":"publish","comment_status":"closed","ping_status":"closed","post_password":"","post_name":"ediciones-sequitur","to_ping":"","pinged":"","post_modified":"2022-10-14 11:53:43","post_modified_gmt":"2022-10-14 09:53:43","post_content_filtered":"","post_parent":0,"guid":"http:\/\/dev.claret.cat\/editorial\/ediciones-sequitur\/","menu_order":0,"post_type":"editorial","post_mime_type":"","comment_count":"0","filter":"raw"}],"autores-libros":[{"ID":149994,"post_author":"3","post_date":"2022-10-14 14:29:22","post_date_gmt":"2022-10-14 12:29:22","post_content":"","post_title":"AMBROSE BIERCE","post_excerpt":"","post_status":"publish","comment_status":"closed","ping_status":"closed","post_password":"","post_name":"ambrose-bierce","to_ping":"","pinged":"","post_modified":"2022-10-14 14:29:22","post_modified_gmt":"2022-10-14 12:29:22","post_content_filtered":"","post_parent":0,"guid":"http:\/\/dev.claret.cat\/autor\/ambrose-bierce\/","menu_order":0,"post_type":"autor","post_mime_type":"","comment_count":"0","filter":"raw"}]},"aioseo_notices":[],"_links":{"self":[{"href":"https:\/\/www.claret.cat\/es\/wp-json\/wp\/v2\/product\/880306","targetHints":{"allow":["GET"]}}],"collection":[{"href":"https:\/\/www.claret.cat\/es\/wp-json\/wp\/v2\/product"}],"about":[{"href":"https:\/\/www.claret.cat\/es\/wp-json\/wp\/v2\/types\/product"}],"wp:featuredmedia":[{"embeddable":true,"href":"https:\/\/www.claret.cat\/es\/wp-json\/wp\/v2\/media\/880307"}],"wp:attachment":[{"href":"https:\/\/www.claret.cat\/es\/wp-json\/wp\/v2\/media?parent=880306"}],"wp:term":[{"taxonomy":"product_brand","embeddable":true,"href":"https:\/\/www.claret.cat\/es\/wp-json\/wp\/v2\/product_brand?post=880306"},{"taxonomy":"product_cat","embeddable":true,"href":"https:\/\/www.claret.cat\/es\/wp-json\/wp\/v2\/product_cat?post=880306"},{"taxonomy":"product_tag","embeddable":true,"href":"https:\/\/www.claret.cat\/es\/wp-json\/wp\/v2\/product_tag?post=880306"}],"curies":[{"name":"wp","href":"https:\/\/api.w.org\/{rel}","templated":true}]}}