{"id":88044,"date":"2022-10-11T18:12:28","date_gmt":"2022-10-11T16:12:28","guid":{"rendered":"http:\/\/dev.claret.cat\/producte\/gran-quadern-montessori-de-jocs\/"},"modified":"2023-01-28T12:08:52","modified_gmt":"2023-01-28T11:08:52","slug":"gran-quadern-montessori-de-jocs-9788418473241","status":"publish","type":"product","link":"https:\/\/www.claret.cat\/es\/libro\/gran-quadern-montessori-de-jocs-9788418473241\/","title":{"rendered":"GRAN QUADERN MONTESSORI DE JOCS"},"content":{"rendered":"<p>Aquest quadern Montessori de jocs proposa m\u00e9s de 100 activitats variades i progressives perqu\u00e8 els infants descobreixin, des dels 3 anys, les formes, els colors, les dimensions i les associacions.Per acompanyar els infants en el cam\u00ed del descobriment, es posa tamb\u00e9 a la seva disposici\u00f3 el material propi de la pedagogia Montessori, que els ajudar\u00e0 a confiar en les seves capacitats i millorar\u00e0 la seva motricitat fina.Inclou imatges per retallar i posar al lloc que els correspon, puzles i jocs de \u00abbusca i troba\u00bb, i material per retallar.<\/p>\n","protected":false},"excerpt":{"rendered":"<p>\u00c9DITIONS LAROUSSE<\/p>\n","protected":false},"featured_media":88045,"template":"","meta":{"_acf_changed":false,"om_disable_all_campaigns":false,"rs_blank_template":"","rs_page_bg_color":"","slide_template_v7":"","inline_featured_image":false,"_monsterinsights_skip_tracking":false,"_monsterinsights_sitenote_active":false,"_monsterinsights_sitenote_note":"","_monsterinsights_sitenote_category":0},"product_brand":[],"product_cat":[122],"product_tag":[],"class_list":{"0":"post-88044","1":"product","2":"type-product","3":"status-publish","4":"has-post-thumbnail","6":"product_cat-quaderns-de-vacances","8":"first","9":"instock","10":"taxable","11":"shipping-taxable","12":"purchasable","13":"product-type-simple"},"acf":{"autor":"\u00c9DITIONS LAROUSSE","codart":"841847324","libros-coleccion":"FORA DE COL.LECCI\u00d3","ediciones":"1","encuadernacion":"R\u00fastica","fecha_de_publicacion":"01\/05\/2021","novedad":"1","paginas":"0","subtitulo":"","orden":"0","portada":"0","idioma":"cat","editorial":[{"ID":148398,"post_author":"3","post_date":"2022-10-14 11:57:56","post_date_gmt":"2022-10-14 09:57:56","post_content":"","post_title":"Larousse","post_excerpt":"","post_status":"publish","comment_status":"closed","ping_status":"closed","post_password":"","post_name":"larousse","to_ping":"","pinged":"","post_modified":"2022-10-14 11:57:56","post_modified_gmt":"2022-10-14 09:57:56","post_content_filtered":"","post_parent":0,"guid":"http:\/\/dev.claret.cat\/editorial\/larousse\/","menu_order":0,"post_type":"editorial","post_mime_type":"","comment_count":"0","filter":"raw"}],"autores-libros":[{"ID":154517,"post_author":"3","post_date":"2022-10-14 15:05:26","post_date_gmt":"2022-10-14 13:05:26","post_content":"","post_title":"\u00c9DITIONS LAROUSSE","post_excerpt":"","post_status":"publish","comment_status":"closed","ping_status":"closed","post_password":"","post_name":"editions-larousse","to_ping":"","pinged":"","post_modified":"2022-10-14 15:05:26","post_modified_gmt":"2022-10-14 13:05:26","post_content_filtered":"","post_parent":0,"guid":"http:\/\/dev.claret.cat\/autor\/editions-larousse\/","menu_order":0,"post_type":"autor","post_mime_type":"","comment_count":"0","filter":"raw"}]},"aioseo_notices":[],"_links":{"self":[{"href":"https:\/\/www.claret.cat\/es\/wp-json\/wp\/v2\/product\/88044","targetHints":{"allow":["GET"]}}],"collection":[{"href":"https:\/\/www.claret.cat\/es\/wp-json\/wp\/v2\/product"}],"about":[{"href":"https:\/\/www.claret.cat\/es\/wp-json\/wp\/v2\/types\/product"}],"wp:featuredmedia":[{"embeddable":true,"href":"https:\/\/www.claret.cat\/es\/wp-json\/wp\/v2\/media\/88045"}],"wp:attachment":[{"href":"https:\/\/www.claret.cat\/es\/wp-json\/wp\/v2\/media?parent=88044"}],"wp:term":[{"taxonomy":"product_brand","embeddable":true,"href":"https:\/\/www.claret.cat\/es\/wp-json\/wp\/v2\/product_brand?post=88044"},{"taxonomy":"product_cat","embeddable":true,"href":"https:\/\/www.claret.cat\/es\/wp-json\/wp\/v2\/product_cat?post=88044"},{"taxonomy":"product_tag","embeddable":true,"href":"https:\/\/www.claret.cat\/es\/wp-json\/wp\/v2\/product_tag?post=88044"}],"curies":[{"name":"wp","href":"https:\/\/api.w.org\/{rel}","templated":true}]}}