{"id":8805,"date":"2022-09-30T12:16:02","date_gmt":"2022-09-30T10:16:02","guid":{"rendered":"http:\/\/dev.claret.cat\/producte\/pedro-casaldaliga-cuando-la-fe-se-hace-poesia\/"},"modified":"2024-05-23T04:04:18","modified_gmt":"2024-05-23T02:04:18","slug":"pedro-casaldaliga-cuando-la-fe-se-hace-poesia-9788491363576","status":"publish","type":"product","link":"https:\/\/www.claret.cat\/es\/libro\/pedro-casaldaliga-cuando-la-fe-se-hace-poesia-9788491363576\/","title":{"rendered":"PEDRO CASALD\u00c1LIGA: CUANDO LA FE SE HACE POES\u00cdA"},"content":{"rendered":"<p>Michael Moore, con gran sensibilidad po\u00e9tica y en un clima de profundo respeto, desentra\u00f1a las resonancias de los escritos de Pedro. Claro y sencillo, conduce al lector al encuentro del mensaje hecho carne y sangre que en ellos se encierra. No solo podr\u00e1 escuchar en sus poes\u00edas el eco del grito comprometido de la vida del obispo del Araguaia, sino su vida entera que se revela en cada uno de sus versos.<\/p>\n<p>Tambi\u00e9n disponible en <a href='https:\/\/www.claret.cat\/ca\/llibre\/PERE-CASALDALIGA-QUAN-LA-FE-ES-FA-POESIA-849136356'>catal\u00e1n<\/a>.<\/p>\n<p>Pod\u00e9is ver la presentaci\u00f3n del libro aqu\u00ed:<\/p>\n","protected":false},"excerpt":{"rendered":"<p>MOORE, MICHAEL P.<\/p>\n","protected":false},"featured_media":360830,"template":"","meta":{"_acf_changed":false,"om_disable_all_campaigns":false,"rs_blank_template":"","rs_page_bg_color":"","slide_template_v7":"","inline_featured_image":false,"_monsterinsights_skip_tracking":false,"_monsterinsights_sitenote_active":false,"_monsterinsights_sitenote_note":"","_monsterinsights_sitenote_category":0},"product_brand":[],"product_cat":[581,308],"product_tag":[],"class_list":{"0":"post-8805","1":"product","2":"type-product","3":"status-publish","4":"has-post-thumbnail","6":"product_cat-editorial-claret","7":"product_cat-castella","9":"first","10":"instock","11":"taxable","12":"shipping-taxable","13":"purchasable","14":"product-type-simple"},"acf":{"editorial":[{"ID":6158,"post_author":"3","post_date":"2022-07-28 17:46:08","post_date_gmt":"2022-07-28 15:46:08","post_content":"","post_title":"CLARET","post_excerpt":"","post_status":"publish","comment_status":"closed","ping_status":"closed","post_password":"","post_name":"claret","to_ping":"","pinged":"","post_modified":"2022-07-28 17:46:08","post_modified_gmt":"2022-07-28 15:46:08","post_content_filtered":"","post_parent":0,"guid":"http:\/\/dev.claret.cat\/editorial\/claret\/","menu_order":0,"post_type":"editorial","post_mime_type":"","comment_count":"0","filter":"raw"}],"autores-libros":[{"ID":5842,"post_author":"3","post_date":"2022-07-28 17:32:39","post_date_gmt":"2022-07-28 15:32:39","post_content":"","post_title":"MICHAEL P. MOORE","post_excerpt":"","post_status":"publish","comment_status":"closed","ping_status":"closed","post_password":"","post_name":"michael-p-moore","to_ping":"","pinged":"","post_modified":"2022-07-28 17:32:39","post_modified_gmt":"2022-07-28 15:32:39","post_content_filtered":"","post_parent":0,"guid":"http:\/\/dev.claret.cat\/autor\/michael-p-moore\/","menu_order":0,"post_type":"autor","post_mime_type":"","comment_count":"0","filter":"raw"}],"autor":"MOORE, MICHAEL P.","codart":"849136357","libros-coleccion":"","ediciones":"1","encuadernacion":"R\u00fastica","fecha_de_publicacion":"15\/06\/2021","novedad":"0","paginas":"144","subtitulo":"","orden":"13","portada":"0","idioma":"spa","booktrailer":"","linkebook":"","ficha":"849136357_1688649088.pdf","muestra":"","precioebook":"0","presentacion":"","resenas":"","traductores-libros":"","ilustradores-libros":"","formato":"","ebookportada":false,"recomendamos":"","mas_vendido":""},"aioseo_notices":[],"_links":{"self":[{"href":"https:\/\/www.claret.cat\/es\/wp-json\/wp\/v2\/product\/8805","targetHints":{"allow":["GET"]}}],"collection":[{"href":"https:\/\/www.claret.cat\/es\/wp-json\/wp\/v2\/product"}],"about":[{"href":"https:\/\/www.claret.cat\/es\/wp-json\/wp\/v2\/types\/product"}],"wp:featuredmedia":[{"embeddable":true,"href":"https:\/\/www.claret.cat\/es\/wp-json\/wp\/v2\/media\/360830"}],"wp:attachment":[{"href":"https:\/\/www.claret.cat\/es\/wp-json\/wp\/v2\/media?parent=8805"}],"wp:term":[{"taxonomy":"product_brand","embeddable":true,"href":"https:\/\/www.claret.cat\/es\/wp-json\/wp\/v2\/product_brand?post=8805"},{"taxonomy":"product_cat","embeddable":true,"href":"https:\/\/www.claret.cat\/es\/wp-json\/wp\/v2\/product_cat?post=8805"},{"taxonomy":"product_tag","embeddable":true,"href":"https:\/\/www.claret.cat\/es\/wp-json\/wp\/v2\/product_tag?post=8805"}],"curies":[{"name":"wp","href":"https:\/\/api.w.org\/{rel}","templated":true}]}}