{"id":88053,"date":"2022-10-11T18:12:35","date_gmt":"2022-10-11T16:12:35","guid":{"rendered":"http:\/\/dev.claret.cat\/producte\/investiga-amb-roc-tempesta-4t-posat-a-punt-per-a-5e\/"},"modified":"2024-06-25T16:35:38","modified_gmt":"2024-06-25T14:35:38","slug":"investiga-amb-roc-tempesta-4t-posat-a-punt-per-a-5e-9788448954314","status":"publish","type":"product","link":"https:\/\/www.claret.cat\/es\/libro\/investiga-amb-roc-tempesta-4t-posat-a-punt-per-a-5e-9788448954314\/","title":{"rendered":"INVESTIGA AMB ROC TEMPESTA 4T. POSA&#8217;T A PUNT PER A 5\u00c8"},"content":{"rendered":"<p>El quadern d&#8221;investigaci\u00f3 d&#8221;en Roc Tempesta inclou activitats per treballar de manera competencial continguts de les \u00e0rees de Llengua catalana, Lengua castellana, Matem\u00e0tiques, Coneixement del medi i Angl\u00e8s.<\/p>\n<p> La carpeta, feta de material reciclable, inclou:<br \/> &#8211; Un quadern d&#8221;investigaci\u00f3.<br \/> &#8211; La lectura Misteri a Mart, presentada en format revista.<br \/> &#8211; Un joc de m\u00edmica per representar conceptes i endevinar-los en angl\u00e8s!<br \/> &#8211; El solucionari i les instruccions del joc.<\/p>\n","protected":false},"excerpt":{"rendered":"<p>MURILLO, N\u00daRIA \/ CERD\u00c0, XIMO<\/p>\n","protected":false},"featured_media":972006,"template":"","meta":{"_acf_changed":false,"om_disable_all_campaigns":false,"rs_blank_template":"","rs_page_bg_color":"","slide_template_v7":"","inline_featured_image":false,"_monsterinsights_skip_tracking":false,"_monsterinsights_sitenote_active":false,"_monsterinsights_sitenote_note":"","_monsterinsights_sitenote_category":0},"product_brand":[],"product_cat":[133,333,363,122],"product_tag":[],"class_list":{"0":"post-88053","1":"product","2":"type-product","3":"status-publish","4":"has-post-thumbnail","6":"product_cat-lectures-per-adolescents-12-18-anys","7":"product_cat-cuadernos-de-vacaciones","8":"product_cat-lecturas-por-adolescentes-12-18-anos","9":"product_cat-quaderns-de-vacances","11":"first","12":"instock","13":"taxable","14":"shipping-taxable","15":"purchasable","16":"product-type-simple"},"acf":{"autor":"MURILLO, N\u00daRIA \/ CERD\u00c0, XIMO","codart":"844895431","libros-coleccion":"","ediciones":"1","encuadernacion":"R\u00fastica","fecha_de_publicacion":"01\/04\/2021","novedad":"1","paginas":"1","subtitulo":"","orden":"0","portada":"0","idioma":"cat","editorial":[{"ID":147525,"post_author":"3","post_date":"2022-10-14 11:51:14","post_date_gmt":"2022-10-14 09:51:14","post_content":"","post_title":"BARCANOVA","post_excerpt":"","post_status":"publish","comment_status":"closed","ping_status":"closed","post_password":"","post_name":"barcanova","to_ping":"","pinged":"","post_modified":"2022-10-14 11:51:14","post_modified_gmt":"2022-10-14 09:51:14","post_content_filtered":"","post_parent":0,"guid":"http:\/\/dev.claret.cat\/editorial\/barcanova\/","menu_order":0,"post_type":"editorial","post_mime_type":"","comment_count":"0","filter":"raw"}],"autores-libros":[{"ID":166048,"post_author":"3","post_date":"2022-10-14 18:00:00","post_date_gmt":"2022-10-14 16:00:00","post_content":"","post_title":"N\u00daRIA MURILLO","post_excerpt":"","post_status":"publish","comment_status":"closed","ping_status":"closed","post_password":"","post_name":"nuria-murillo","to_ping":"","pinged":"","post_modified":"2022-10-14 18:00:00","post_modified_gmt":"2022-10-14 16:00:00","post_content_filtered":"","post_parent":0,"guid":"http:\/\/dev.claret.cat\/autor\/nuria-murillo\/","menu_order":0,"post_type":"autor","post_mime_type":"","comment_count":"0","filter":"raw"},{"ID":171519,"post_author":"3","post_date":"2022-10-14 22:44:03","post_date_gmt":"2022-10-14 20:44:03","post_content":"","post_title":"XIMO CERDA","post_excerpt":"","post_status":"publish","comment_status":"closed","ping_status":"closed","post_password":"","post_name":"ximo-cerda","to_ping":"","pinged":"","post_modified":"2022-10-14 22:44:03","post_modified_gmt":"2022-10-14 20:44:03","post_content_filtered":"","post_parent":0,"guid":"http:\/\/dev.claret.cat\/autor\/ximo-cerda\/","menu_order":0,"post_type":"autor","post_mime_type":"","comment_count":"0","filter":"raw"}]},"aioseo_notices":[],"_links":{"self":[{"href":"https:\/\/www.claret.cat\/es\/wp-json\/wp\/v2\/product\/88053","targetHints":{"allow":["GET"]}}],"collection":[{"href":"https:\/\/www.claret.cat\/es\/wp-json\/wp\/v2\/product"}],"about":[{"href":"https:\/\/www.claret.cat\/es\/wp-json\/wp\/v2\/types\/product"}],"wp:featuredmedia":[{"embeddable":true,"href":"https:\/\/www.claret.cat\/es\/wp-json\/wp\/v2\/media\/972006"}],"wp:attachment":[{"href":"https:\/\/www.claret.cat\/es\/wp-json\/wp\/v2\/media?parent=88053"}],"wp:term":[{"taxonomy":"product_brand","embeddable":true,"href":"https:\/\/www.claret.cat\/es\/wp-json\/wp\/v2\/product_brand?post=88053"},{"taxonomy":"product_cat","embeddable":true,"href":"https:\/\/www.claret.cat\/es\/wp-json\/wp\/v2\/product_cat?post=88053"},{"taxonomy":"product_tag","embeddable":true,"href":"https:\/\/www.claret.cat\/es\/wp-json\/wp\/v2\/product_tag?post=88053"}],"curies":[{"name":"wp","href":"https:\/\/api.w.org\/{rel}","templated":true}]}}