{"id":88095,"date":"2022-10-11T18:13:08","date_gmt":"2022-10-11T16:13:08","guid":{"rendered":"http:\/\/dev.claret.cat\/producte\/40-cosas-para-hacer-en-casa-con-mi-familia\/"},"modified":"2023-01-28T11:33:07","modified_gmt":"2023-01-28T10:33:07","slug":"40-cosas-para-hacer-en-casa-con-mi-familia-9788412314663","status":"publish","type":"product","link":"https:\/\/www.claret.cat\/es\/libro\/40-cosas-para-hacer-en-casa-con-mi-familia-9788412314663\/","title":{"rendered":"40 COSAS PARA HACER EN CASA CON MI FAMILIA"},"content":{"rendered":"<p>Una casa es m\u00e1s que cuatro paredes, \u00bfverdad? Tambi\u00e9n la forman costumbres, acuerdos, formas de vivir y de ver el mundo. Y cada persona que la habita aporta un pedacito para construirla.<br \/> 40 cosas para hacer en casa con mi familia busca llegar al coraz\u00f3n del hogar y rescatar los v\u00ednculos que se construyen al hacer cosas entre todos. Propone actividades para hacer juntos: juegos, manualidades, cocinar, crear m\u00fasica, contar historias, cuidar del jard\u00edn y muchas ideas m\u00e1s.<\/p>\n","protected":false},"excerpt":{"rendered":"<p>GONZ\u00c1LEZ DE LANGARICA, MARIANA \/ CAIVANO, FEDERICO<\/p>\n","protected":false},"featured_media":275326,"template":"","meta":{"_acf_changed":false,"om_disable_all_campaigns":false,"rs_blank_template":"","rs_page_bg_color":"","slide_template_v7":"","inline_featured_image":false,"_monsterinsights_skip_tracking":false,"_monsterinsights_sitenote_active":false,"_monsterinsights_sitenote_note":"","_monsterinsights_sitenote_category":0},"product_brand":[],"product_cat":[90,540],"product_tag":[],"class_list":{"0":"post-88095","1":"product","2":"type-product","3":"status-publish","4":"has-post-thumbnail","6":"product_cat-altres","7":"product_cat-otros","9":"first","10":"instock","11":"taxable","12":"shipping-taxable","13":"purchasable","14":"product-type-simple"},"acf":{"editorial":[{"ID":6395,"post_author":"3","post_date":"2022-07-28 17:51:14","post_date_gmt":"2022-07-28 15:51:14","post_content":"","post_title":"VR EUROPA","post_excerpt":"","post_status":"publish","comment_status":"closed","ping_status":"closed","post_password":"","post_name":"vr-europa","to_ping":"","pinged":"","post_modified":"2022-07-28 17:51:14","post_modified_gmt":"2022-07-28 15:51:14","post_content_filtered":"","post_parent":0,"guid":"http:\/\/dev.claret.cat\/editorial\/vr-europa\/","menu_order":0,"post_type":"editorial","post_mime_type":"","comment_count":"0","filter":"raw"}],"autores-libros":[{"ID":163831,"post_author":"3","post_date":"2022-10-14 17:42:12","post_date_gmt":"2022-10-14 15:42:12","post_content":"","post_title":"MARIANA GONZ\u00c1LEZ DE LANGARICA","post_excerpt":"","post_status":"publish","comment_status":"closed","ping_status":"closed","post_password":"","post_name":"mariana-gonzalez-de-langarica","to_ping":"","pinged":"","post_modified":"2022-10-14 17:42:12","post_modified_gmt":"2022-10-14 15:42:12","post_content_filtered":"","post_parent":0,"guid":"http:\/\/dev.claret.cat\/autor\/mariana-gonzalez-de-langarica\/","menu_order":0,"post_type":"autor","post_mime_type":"","comment_count":"0","filter":"raw"},{"ID":155683,"post_author":"3","post_date":"2022-10-14 15:14:48","post_date_gmt":"2022-10-14 13:14:48","post_content":"","post_title":"FEDERICO CAIVANO","post_excerpt":"","post_status":"publish","comment_status":"closed","ping_status":"closed","post_password":"","post_name":"federico-caivano","to_ping":"","pinged":"","post_modified":"2022-10-14 15:14:48","post_modified_gmt":"2022-10-14 13:14:48","post_content_filtered":"","post_parent":0,"guid":"http:\/\/dev.claret.cat\/autor\/federico-caivano\/","menu_order":0,"post_type":"autor","post_mime_type":"","comment_count":"0","filter":"raw"}],"autor":"GONZ\u00c1LEZ DE LANGARICA, MARIANA \/ CAIVANO, FEDERICO","codart":"841231466","libros-coleccion":"Capic\u00faa","ediciones":"1","encuadernacion":"R\u00fastica","fecha_de_publicacion":"01\/06\/2021","novedad":"1","paginas":"107","subtitulo":"","orden":"0","portada":"0","idioma":"spa"},"aioseo_notices":[],"_links":{"self":[{"href":"https:\/\/www.claret.cat\/es\/wp-json\/wp\/v2\/product\/88095","targetHints":{"allow":["GET"]}}],"collection":[{"href":"https:\/\/www.claret.cat\/es\/wp-json\/wp\/v2\/product"}],"about":[{"href":"https:\/\/www.claret.cat\/es\/wp-json\/wp\/v2\/types\/product"}],"wp:featuredmedia":[{"embeddable":true,"href":"https:\/\/www.claret.cat\/es\/wp-json\/wp\/v2\/media\/275326"}],"wp:attachment":[{"href":"https:\/\/www.claret.cat\/es\/wp-json\/wp\/v2\/media?parent=88095"}],"wp:term":[{"taxonomy":"product_brand","embeddable":true,"href":"https:\/\/www.claret.cat\/es\/wp-json\/wp\/v2\/product_brand?post=88095"},{"taxonomy":"product_cat","embeddable":true,"href":"https:\/\/www.claret.cat\/es\/wp-json\/wp\/v2\/product_cat?post=88095"},{"taxonomy":"product_tag","embeddable":true,"href":"https:\/\/www.claret.cat\/es\/wp-json\/wp\/v2\/product_tag?post=88095"}],"curies":[{"name":"wp","href":"https:\/\/api.w.org\/{rel}","templated":true}]}}